{"id":7243,"date":"2024-09-27T07:25:56","date_gmt":"2024-09-27T07:25:56","guid":{"rendered":"https:\/\/www.customywear.com\/?page_id=7243"},"modified":"2024-10-15T15:35:53","modified_gmt":"2024-10-15T15:35:53","slug":"casto-kladene-otazky","status":"publish","type":"page","link":"https:\/\/www.customywear.com\/cs\/faqs\/","title":{"rendered":"\u010casto kladen\u00e9 ot\u00e1zky"},"content":{"rendered":"<h2 class=\"wp-block-heading alignfull has-text-align-center has-white-color has-text-color has-background has-link-color wp-elements-acc56bf3ea8d88e38c69b4c747345d3b\" style=\"background:linear-gradient(180deg,rgb(35,154,221) 0%,rgb(30,59,102) 100%)\">\u010casto kladen\u00e9 ot\u00e1zky<\/h2>\n\n\n<div id=\"rank-math-faq\" class=\"rank-math-block\">\n<div class=\"rank-math-list\">\n<div id=\"faq-question-1729006435376\" class=\"rank-math-list-item\">\n<h3 class=\"rank-math-question\"><a>Jak si objednat p\u0159izp\u016fsoben\u00e9 produkty?<\/a><\/h3>\n<div class=\"rank-math-answer\">\n\n<p>Prohl\u00e9dn\u011bte si na\u0161e kolekce a vyberte si produkt, kter\u00fd chcete. Na str\u00e1nce produktu vyberte velikost produktu, barvu, nahrajte svou fotografii a p\u0159idejte jak\u00e9koli popisy (nap\u0159. vlastn\u00ed texty, n\u00e1zev p\u00edsma atd.), pokud chcete a zakoup\u00edte, za\u0161leme v\u00e1m e-mailem aktualizace objedn\u00e1vky.<\/p>\n\n<\/div>\n<\/div>\n<div id=\"faq-question-1729006444323\" class=\"rank-math-list-item\">\n<h3 class=\"rank-math-question\"><a>Jak\u00e1 je cena dopravy a dodac\u00ed lh\u016fta?<\/a><\/h3>\n<div class=\"rank-math-answer\">\n\n<p>Prohl\u00e9dn\u011bte si na\u0161e kolekce a vyberte si produkt, kter\u00fd chcete. Na str\u00e1nce produktu vyberte velikost produktu, barvu, nahrajte svou fotografii a p\u0159idejte jak\u00e9koli popisy (nap\u0159. vlastn\u00ed texty, n\u00e1zev p\u00edsma atd.), pokud chcete a zakoup\u00edte, za\u0161leme v\u00e1m e-mailem aktualizace objedn\u00e1vky.<\/p>\n\n<\/div>\n<\/div>\n<div id=\"faq-question-1729006488594\" class=\"rank-math-list-item\">\n<h3 class=\"rank-math-question\"><a>Nemohu nahr\u00e1t fotky, jak si mohu objednat?<\/a><\/h3>\n<div class=\"rank-math-answer\">\n\n<p>Po kliknut\u00ed na \u201eP\u0159idat do ko\u0161\u00edku\u201c pros\u00edm chvilku po\u010dkejte s nahr\u00e1n\u00edm fotografi\u00ed. Pokud se vyskytne n\u011bjak\u00fd probl\u00e9m, m\u016f\u017eete nahr\u00e1v\u00e1n\u00ed p\u0159esko\u010dit a p\u0159ej\u00edt k pokladn\u011b a poslat n\u00e1m sv\u00e9 fotografie p\u0159\u00edmo na n\u00e1\u0161 e-mail s \u010d\u00edslem objedn\u00e1vky: <a href=\"e-mail: support@customywear.com\"><strong>support@customywear.com<\/strong><\/a><\/p>\n<p>V p\u0159\u00edpad\u011b chyb\u011bj\u00edc\u00ed fotografie V\u00e1s budeme kontaktovat.<\/p>\n\n<\/div>\n<\/div>\n<div id=\"faq-question-1729006503315\" class=\"rank-math-list-item\">\n<h3 class=\"rank-math-question\"><a>P\u0159ij\u00edm\u00e1te fotografie n\u00edzk\u00e9 kvality?<\/a><\/h3>\n<div class=\"rank-math-answer\">\n\n<p>To z\u00e1le\u017e\u00ed. Pokud bude fotografie na obrazovce telefonu nebo monitoru vypadat jasn\u011b, m\u011bla by b\u00fdt v po\u0159\u00e1dku.<\/p>\n\n<\/div>\n<\/div>\n<div id=\"faq-question-1729006532466\" class=\"rank-math-list-item\">\n<h3 class=\"rank-math-question\"><a>Nemohu naj\u00edt produkt pro velikost D\u011bti \/ Dosp\u011bl\u00ed \/ Batole. co m\u016f\u017eu d\u011blat?<\/a><\/h3>\n<div class=\"rank-math-answer\">\n\n<p>M\u00e1me k dispozici v\u0161echny n\u00e1vrhy pro v\u0161echny pohlav\u00ed a v\u011bk. N\u011bkdy nem\u016f\u017eeme snadno p\u0159edv\u00e9st v\u0161echny styly produkt\u016f. tak\u017ee n\u00e1s m\u016f\u017eete jednodu\u0161e kontaktovat prost\u0159ednictv\u00edm \u017eiv\u00e9ho chatu nebo n\u00e1m poslat e-mail s t\u00edm, co hled\u00e1te.<\/p>\n\n<\/div>\n<\/div>\n<\/div>\n<\/div>\n\n\n<p><br><br><\/p>\n\n\n\n<p><\/p>","protected":false},"excerpt":{"rendered":"<p>\u010casto kladen\u00e9 ot\u00e1zky<\/p>","protected":false},"author":2,"featured_media":0,"parent":0,"menu_order":0,"comment_status":"closed","ping_status":"closed","template":"template-fullwidth-no-heading.php","meta":{"_acf_changed":false,"footnotes":""},"class_list":["post-7243","page","type-page","status-publish","hentry"],"acf":[],"_links":{"self":[{"href":"https:\/\/www.customywear.com\/cs\/wp-json\/wp\/v2\/pages\/7243","targetHints":{"allow":["GET"]}}],"collection":[{"href":"https:\/\/www.customywear.com\/cs\/wp-json\/wp\/v2\/pages"}],"about":[{"href":"https:\/\/www.customywear.com\/cs\/wp-json\/wp\/v2\/types\/page"}],"author":[{"embeddable":true,"href":"https:\/\/www.customywear.com\/cs\/wp-json\/wp\/v2\/users\/2"}],"replies":[{"embeddable":true,"href":"https:\/\/www.customywear.com\/cs\/wp-json\/wp\/v2\/comments?post=7243"}],"version-history":[{"count":0,"href":"https:\/\/www.customywear.com\/cs\/wp-json\/wp\/v2\/pages\/7243\/revisions"}],"wp:attachment":[{"href":"https:\/\/www.customywear.com\/cs\/wp-json\/wp\/v2\/media?parent=7243"}],"curies":[{"name":"wp","href":"https:\/\/api.w.org\/{rel}","templated":true}]}}