{"id":7277,"date":"2024-09-27T07:53:31","date_gmt":"2024-09-27T07:53:31","guid":{"rendered":"https:\/\/www.customywear.com\/?page_id=7277"},"modified":"2024-09-27T08:01:12","modified_gmt":"2024-09-27T08:01:12","slug":"navratova-politika","status":"publish","type":"page","link":"https:\/\/www.customywear.com\/cs\/return-policy\/","title":{"rendered":"Z\u00e1sady vr\u00e1cen\u00ed pen\u011bz a vr\u00e1cen\u00ed zbo\u017e\u00ed"},"content":{"rendered":"<h1 class=\"wp-block-heading alignfull has-text-align-center has-white-color has-text-color has-background has-link-color wp-elements-6a1b5e9f5e86f55beaf71c896b001019\" style=\"background:linear-gradient(180deg,rgb(35,154,221) 0%,rgb(30,59,102) 100%)\">Z\u00e1sady vr\u00e1cen\u00ed pen\u011bz a vr\u00e1cen\u00ed zbo\u017e\u00ed<\/h1>\n\n\n\n<p><strong>Z\u00c1SADY VR\u00c1CEN\u00cd<br><\/strong><\/p>\n\n\n\n<p><strong>Posledn\u00ed aktualizace 17. srpna 2024<\/strong><\/p>\n\n\n\n<p>D\u011bkujeme za v\u00e1\u0161 n\u00e1kup. Douf\u00e1me, \u017ee budete s n\u00e1kupem spokojeni. Pokud v\u0161ak z jak\u00e9hokoli d\u016fvodu nejste se sv\u00fdm n\u00e1kupem zcela spokojeni a v\u00e1\u0161 produkt je zp\u016fsobil\u00fd k vr\u00e1cen\u00ed, m\u016f\u017eete n\u00e1m jej vr\u00e1tit a z\u00edskat plnou n\u00e1hradu nebo v\u00fdm\u011bnu. Dal\u0161\u00ed informace o na\u0161ich z\u00e1sad\u00e1ch vr\u00e1cen\u00ed naleznete n\u00ed\u017ee.<br><br><strong>ZP\u016eSOBIL\u00c9 PRODUKTY<br><br><\/strong>Pro vlastn\u00ed objedn\u00e1vky a produkty:&nbsp;<\/p>\n\n\n\n<ol class=\"wp-block-list\">\n<li><strong>Pokud v\u00e1m za\u0161leme \u0161patn\u00e9 produkty a n\u00e1vrhy<\/strong><\/li>\n\n\n\n<li><strong>Pokud jsou v\u00fdrobky vadn\u00e9<\/strong><\/li>\n<\/ol>\n\n\n\n<p><strong><br><\/strong>Pro ne zak\u00e1zkov\u00e9 objedn\u00e1vky a produkty:&nbsp;<\/p>\n\n\n\n<ol class=\"wp-block-list\">\n<li><strong>Ve\u0161ker\u00e9 zbo\u017e\u00ed m\u016f\u017eete vr\u00e1tit, pokud nejste spokojeni<\/strong><\/li>\n<\/ol>\n\n\n\n<p><strong>VR\u00c1CEN\u00cd SE<br><\/strong><\/p>\n\n\n\n<p>V\u0161echna vr\u00e1cen\u00e1 zbo\u017e\u00ed mus\u00ed b\u00fdt opat\u0159ena po\u0161tovn\u00edm raz\u00edtkem do \u010dty\u0159iceti p\u011bti (45) dn\u016f od data doru\u010den\u00ed. V\u0161echny vr\u00e1cen\u00e9 polo\u017eky mus\u00ed b\u00fdt nov\u00e9 a nepou\u017eit\u00e9, se v\u0161emi p\u016fvodn\u00edmi \u0161t\u00edtky a \u0161t\u00edtky.<\/p>\n\n\n\n<p><strong>PROCES VR\u00c1CEN\u00cd<br><\/strong><\/p>\n\n\n\n<p>Chcete-li vr\u00e1tit polo\u017eku, za\u0161lete e-mail na z\u00e1kaznick\u00fd servis na adresu support@customywear.com a z\u00edskejte \u010d\u00edslo RMA (Return Merchandise Authorization). Po obdr\u017een\u00ed \u010d\u00edsla RMA vlo\u017ete polo\u017eku bezpe\u010dn\u011b do p\u016fvodn\u00edho obalu a p\u0159ilo\u017ete doklad o n\u00e1kupu a pot\u00e9 za\u0161lete vr\u00e1cen\u00e9 zbo\u017e\u00ed na n\u00e1sleduj\u00edc\u00ed adresu:<\/p>\n\n\n\n<p>CustomyWear<\/p>\n\n\n\n<p>K ruk\u00e1m: N\u00e1vraty<\/p>\n\n\n\n<p>RMA #<\/p>\n\n\n\n<p>11201 Ed Brown Rd<\/p>\n\n\n\n<p>Charlotte, NC 28273<\/p>\n\n\n\n<p>Spojen\u00e9 st\u00e1ty<\/p>\n\n\n\n<p>Vezm\u011bte pros\u00edm na v\u011bdom\u00ed, \u017ee budete odpov\u011bdn\u00ed za ve\u0161ker\u00e9 poplatky za zp\u00e1te\u010dn\u00ed dopravu. D\u016frazn\u011b doporu\u010dujeme, abyste k odesl\u00e1n\u00ed vr\u00e1cen\u00e9ho zbo\u017e\u00ed pou\u017eili sledovateln\u00fd zp\u016fsob.&nbsp;<\/p>\n\n\n\n<p><strong>N\u00c1HRADY<br><\/strong><\/p>\n\n\n\n<p>Po obdr\u017een\u00ed va\u0161eho vr\u00e1cen\u00ed a kontrole stavu va\u0161eho zbo\u017e\u00ed zpracujeme va\u0161e vr\u00e1cen\u00ed nebo v\u00fdm\u011bnu. Po\u010dkejte pros\u00edm alespo\u0148 t\u0159icet (30) dn\u00ed od obdr\u017een\u00ed va\u0161\u00ed polo\u017eky na zpracov\u00e1n\u00ed va\u0161eho vr\u00e1cen\u00ed nebo v\u00fdm\u011bny. O zpracov\u00e1n\u00ed va\u0161eho vr\u00e1cen\u00ed v\u00e1s budeme informovat e-mailem.<\/p>\n\n\n\n<p><strong>V\u00ddJIMKY<\/strong><\/p>\n\n\n\n<p>V p\u0159\u00edpad\u011b vadn\u00fdch nebo po\u0161kozen\u00fdch produkt\u016f n\u00e1s pros\u00edm kontaktujte na n\u00ed\u017ee uveden\u00fdch kontaktn\u00edch \u00fadaj\u00edch a domluvte se na vr\u00e1cen\u00ed pen\u011bz nebo v\u00fdm\u011bn\u011b.<\/p>\n\n\n\n<p><strong>Pozn\u00e1mka:<br><\/strong><\/p>\n\n\n\n<p><strong>&nbsp; &nbsp; &nbsp;\u25cf&nbsp;&nbsp; &nbsp;&nbsp;<\/strong>V\u00fdprodejov\u00e9 polo\u017eky jsou KONE\u010cN\u00dd V\u00ddPRODEJ a nelze je vr\u00e1tit.<\/p>\n\n\n\n<p><strong>OT\u00c1ZKY<br><\/strong><\/p>\n\n\n\n<p>M\u00e1te-li jak\u00e9koli dotazy t\u00fdkaj\u00edc\u00ed se na\u0161ich z\u00e1sad vr\u00e1cen\u00ed, kontaktujte n\u00e1s na adrese:<\/p>\n\n\n\n<p><a href=\"e-mail: support@customywear.com\"><strong>support@customywear.com<\/strong><\/a><\/p>","protected":false},"excerpt":{"rendered":"<p>Refund and Returns Policy RETURN POLICY Last updated August 17, 2024 Thank you for your purchase. We hope you are happy with your purchase. However, if you are not completely satisfied with your purchase for any reason and your product is eligible to return, you may return it to us for&nbsp;a full refund or an [&hellip;]<\/p>\n","protected":false},"author":2,"featured_media":0,"parent":0,"menu_order":0,"comment_status":"closed","ping_status":"closed","template":"template-fullwidth-no-heading.php","meta":{"_acf_changed":false,"footnotes":""},"class_list":["post-7277","page","type-page","status-publish","hentry"],"acf":[],"_links":{"self":[{"href":"https:\/\/www.customywear.com\/cs\/wp-json\/wp\/v2\/pages\/7277","targetHints":{"allow":["GET"]}}],"collection":[{"href":"https:\/\/www.customywear.com\/cs\/wp-json\/wp\/v2\/pages"}],"about":[{"href":"https:\/\/www.customywear.com\/cs\/wp-json\/wp\/v2\/types\/page"}],"author":[{"embeddable":true,"href":"https:\/\/www.customywear.com\/cs\/wp-json\/wp\/v2\/users\/2"}],"replies":[{"embeddable":true,"href":"https:\/\/www.customywear.com\/cs\/wp-json\/wp\/v2\/comments?post=7277"}],"version-history":[{"count":0,"href":"https:\/\/www.customywear.com\/cs\/wp-json\/wp\/v2\/pages\/7277\/revisions"}],"wp:attachment":[{"href":"https:\/\/www.customywear.com\/cs\/wp-json\/wp\/v2\/media?parent=7277"}],"curies":[{"name":"wp","href":"https:\/\/api.w.org\/{rel}","templated":true}]}}