{"id":127017,"date":"2025-02-11T14:53:47","date_gmt":"2025-02-11T14:53:47","guid":{"rendered":"https:\/\/www.customywear.com\/?post_type=product&#038;p=127017"},"modified":"2026-05-07T15:29:41","modified_gmt":"2026-05-07T15:29:41","slug":"superhrdinske-tricko-pro-batoleci-divku-zelezo","status":"publish","type":"product","link":"https:\/\/www.customywear.com\/cs\/superhero-t-shirt-for-toddler-girl-iron\/","title":{"rendered":"Tri\u010dko se superhrdinou na m\u00edru pro va\u0161i batolec\u00ed hol\u010di\u010dku: Iron Avenger Hero"},"content":{"rendered":"<p>P\u0159edstavujeme tri\u010dko s motivem superhrdinky pro batolata s motivem obl\u00edben\u00e9ho hrdiny Iron Avengera. Toto tri\u010dko je ide\u00e1ln\u00ed pro nejmen\u0161\u00ed, kte\u0159\u00ed sn\u00ed o dobrodru\u017estv\u00edch a z\u00e1chran\u011b situace. Je vyrobeno z m\u011bkk\u00e9 a prody\u0161n\u00e9 l\u00e1tky, kter\u00e1 zaji\u0161\u0165uje pohodl\u00ed p\u0159i hran\u00ed i leno\u0161en\u00ed.<\/p>\n<h2>Perfektn\u00ed d\u00e1rek pro ka\u017edou p\u0159\u00edle\u017eitost<\/h2>\n<p>Toto tri\u010dko na m\u00edru je promy\u0161len\u00fdm d\u00e1rkem k narozeninov\u00fdm oslav\u00e1m, sv\u00e1tk\u016fm nebo jen tak pro z\u00e1bavu! Va\u0161e d\u00edt\u011b bude z\u00e1\u0159it nad\u0161en\u00edm v no\u0161en\u00ed sv\u00e9ho obl\u00edben\u00e9ho superhrdiny, co\u017e podn\u00edt\u00ed kreativitu a podn\u00edt\u00ed fantazijn\u00ed hru.<\/p>\n<h2>Dostupn\u00e9 velikosti a snadn\u00e1 \u00fadr\u017eba<\/h2>\n<p>Tri\u010dko Iron Avenger je ur\u010deno pro batolata a je k dispozici v r\u016fzn\u00fdch velikostech, aby va\u0161emu d\u00edt\u011bti perfektn\u011b padlo. Nav\u00edc se o n\u011bj snadno pe\u010duje \u2013 sta\u010d\u00ed ho vyprat v pra\u010dce a je p\u0159ipraveno na dal\u0161\u00ed den pln\u00fd z\u00e1bavy!<\/p>","protected":false},"excerpt":{"rendered":"<p>Zmocn\u011bte Little Heroes vlastn\u00edm superhrdinsk\u00fdm tri\u010dkem pro va\u0161i d\u00edvku pro batolata. Iron Avenger Hero Tees prom\u011bn\u00ed jakoukoli fotografii v odv\u00e1\u017en\u00e9, hrav\u00e9 tri\u010dko.<\/p>","protected":false},"featured_media":127319,"comment_status":"open","ping_status":"closed","template":"","meta":{"_acf_changed":false},"product_brand":[],"product_cat":[6207,6312,6412,6428],"product_tag":[6433,6439,6221],"class_list":{"0":"post-127017","1":"product","2":"type-product","3":"status-publish","4":"has-post-thumbnail","6":"product_cat-toddler-girl-t-shirts","7":"product_cat-custom-gifts-ironman","8":"product_cat-photo-to-tees","9":"product_cat-translate-products","10":"product_tag-ai-artwork","11":"product_tag-ai-kids-artwork","12":"product_tag-custom-t-shirts-near-me","14":"first","15":"instock","16":"taxable","17":"shipping-taxable","18":"purchasable","19":"product-type-simple"},"acf":[],"wcpa_form_fields":null,"_links":{"self":[{"href":"https:\/\/www.customywear.com\/cs\/wp-json\/wp\/v2\/product\/127017","targetHints":{"allow":["GET"]}}],"collection":[{"href":"https:\/\/www.customywear.com\/cs\/wp-json\/wp\/v2\/product"}],"about":[{"href":"https:\/\/www.customywear.com\/cs\/wp-json\/wp\/v2\/types\/product"}],"replies":[{"embeddable":true,"href":"https:\/\/www.customywear.com\/cs\/wp-json\/wp\/v2\/comments?post=127017"}],"wp:featuredmedia":[{"embeddable":true,"href":"https:\/\/www.customywear.com\/cs\/wp-json\/wp\/v2\/media\/127319"}],"wp:attachment":[{"href":"https:\/\/www.customywear.com\/cs\/wp-json\/wp\/v2\/media?parent=127017"}],"wp:term":[{"taxonomy":"product_brand","embeddable":true,"href":"https:\/\/www.customywear.com\/cs\/wp-json\/wp\/v2\/product_brand?post=127017"},{"taxonomy":"product_cat","embeddable":true,"href":"https:\/\/www.customywear.com\/cs\/wp-json\/wp\/v2\/product_cat?post=127017"},{"taxonomy":"product_tag","embeddable":true,"href":"https:\/\/www.customywear.com\/cs\/wp-json\/wp\/v2\/product_tag?post=127017"}],"curies":[{"name":"wp","href":"https:\/\/api.w.org\/{rel}","templated":true}]}}