{"id":127028,"date":"2025-02-11T14:54:05","date_gmt":"2025-02-11T14:54:05","guid":{"rendered":"https:\/\/www.customywear.com\/?post_type=product&#038;p=127028"},"modified":"2026-05-07T15:29:41","modified_gmt":"2026-05-07T15:29:41","slug":"premente-svou-divku-v-superhrdinske-tricko","status":"publish","type":"product","link":"https:\/\/www.customywear.com\/cs\/transform-your-girl-into-a-superhero-t-shirt\/","title":{"rendered":"Prom\u011bnit V\u00e1\u0161 D\u00edvku do Superhrdina s Na\u0161\u00ed Vlastn\u00ed T-Shirt"},"content":{"rendered":"<p>P\u0159edstavujeme na\u0161e \u00fa\u017easn\u00e9 d\u00edv\u010d\u00ed tri\u010dko se superhrdinkou na m\u00edru, ide\u00e1ln\u00ed pro ka\u017edou ambici\u00f3zn\u00ed hrdinku! Toto tri\u010dko je vyrobeno ze 100% bavlny a zaru\u010duje pohodl\u00ed a z\u00e1rove\u0148 je v\u00fdrazn\u00e9. Z\u00e1\u0159iv\u00fd \u010derveno-zlat\u00fd design \u017eelezn\u00e9ho brn\u011bn\u00ed nejen upout\u00e1 pozornost, ale tak\u00e9 prom\u011bn\u00ed fotografii va\u0161eho d\u00edt\u011bte v jedine\u010dnou postavu superhrdinky, d\u00edky \u010demu\u017e se bude c\u00edtit v\u00fdjime\u010dn\u011b.<\/p>\n<h2>Kvalita, kter\u00e9 m\u016f\u017eete v\u011b\u0159it<\/h2>\n<p>D\u00edky pokro\u010dil\u00e9 technologii tisku DTG garantujeme vysoce kvalitn\u00ed digit\u00e1ln\u00ed um\u011bn\u00ed, kter\u00e9 zachycuje ka\u017ed\u00fd detail portr\u00e9tu va\u0161eho d\u00edt\u011bte. Ka\u017ed\u00e9 tri\u010dko je vyrobeno s p\u00e9\u010d\u00ed, co\u017e zaji\u0161\u0165uje odolnost a dlouhotrvaj\u00edc\u00ed radost z mnoha nadch\u00e1zej\u00edc\u00edch dobrodru\u017estv\u00ed.<\/p>\n<h2>Perfektn\u00ed d\u00e1rek pro superhrdiny<\/h2>\n<p>Toto tri\u010dko s motivem superhrdiny na zak\u00e1zku je ide\u00e1ln\u00edm d\u00e1rkem k narozenin\u00e1m nebo zvl\u00e1\u0161tn\u00edm p\u0159\u00edle\u017eitostem. Darujte sv\u00e9mu d\u00edt\u011bti d\u00e1rek pro fantazii a nechte ho prom\u011bnit jeho superhrdinsk\u00e9 sny v \u017eivot!<\/p>","protected":false},"excerpt":{"rendered":"<p>Uvoln\u011bte fantazii s transformac\u00ed va\u0161\u00ed d\u00edvky v tri\u010dko na zak\u00e1zku superhrdiny. Personalizovan\u00e1 tri\u010dka prom\u011bn\u00ed jakoukoli fotografii v z\u00e1bavn\u00e9, jedine\u010dn\u00e9 tri\u010dko hrdiny.<\/p>","protected":false},"featured_media":127332,"comment_status":"open","ping_status":"closed","template":"","meta":{"_acf_changed":false},"product_brand":[],"product_cat":[6193,6312,152,6412,6428,58],"product_tag":[6433,6439,6331,6221],"class_list":{"0":"post-127028","1":"product","2":"type-product","3":"status-publish","4":"has-post-thumbnail","6":"product_cat-girls-t-shirts","7":"product_cat-custom-gifts-ironman","8":"product_cat-girls","9":"product_cat-photo-to-tees","10":"product_cat-translate-products","11":"product_cat-youth-kids","12":"product_tag-ai-artwork","13":"product_tag-ai-kids-artwork","14":"product_tag-custom-picture-t-shirt-for-girls","15":"product_tag-custom-t-shirts-near-me","17":"first","18":"instock","19":"taxable","20":"shipping-taxable","21":"purchasable","22":"product-type-simple"},"acf":[],"wcpa_form_fields":null,"_links":{"self":[{"href":"https:\/\/www.customywear.com\/cs\/wp-json\/wp\/v2\/product\/127028","targetHints":{"allow":["GET"]}}],"collection":[{"href":"https:\/\/www.customywear.com\/cs\/wp-json\/wp\/v2\/product"}],"about":[{"href":"https:\/\/www.customywear.com\/cs\/wp-json\/wp\/v2\/types\/product"}],"replies":[{"embeddable":true,"href":"https:\/\/www.customywear.com\/cs\/wp-json\/wp\/v2\/comments?post=127028"}],"wp:featuredmedia":[{"embeddable":true,"href":"https:\/\/www.customywear.com\/cs\/wp-json\/wp\/v2\/media\/127332"}],"wp:attachment":[{"href":"https:\/\/www.customywear.com\/cs\/wp-json\/wp\/v2\/media?parent=127028"}],"wp:term":[{"taxonomy":"product_brand","embeddable":true,"href":"https:\/\/www.customywear.com\/cs\/wp-json\/wp\/v2\/product_brand?post=127028"},{"taxonomy":"product_cat","embeddable":true,"href":"https:\/\/www.customywear.com\/cs\/wp-json\/wp\/v2\/product_cat?post=127028"},{"taxonomy":"product_tag","embeddable":true,"href":"https:\/\/www.customywear.com\/cs\/wp-json\/wp\/v2\/product_tag?post=127028"}],"curies":[{"name":"wp","href":"https:\/\/api.w.org\/{rel}","templated":true}]}}