{"id":127109,"date":"2025-02-11T14:54:40","date_gmt":"2025-02-11T14:54:40","guid":{"rendered":"https:\/\/www.customywear.com\/?post_type=product&#038;p=127109"},"modified":"2026-05-05T20:23:27","modified_gmt":"2026-05-05T20:23:27","slug":"ironman-superhrdina-tricko-pro-zeny-personalizovane","status":"publish","type":"product","link":"https:\/\/www.customywear.com\/cs\/custom-ironman-superhero-t-shirt-for-women\/","title":{"rendered":"Vlastn\u00ed Ironman Superhero T-Shirt pro \u017deny"},"content":{"rendered":"<p>P\u0159edstavujeme d\u00e1msk\u00e9 tri\u010dko s motivem superhrdiny Ironmana na m\u00edru, kde se va\u0161e obl\u00edben\u00e9 fotografie prom\u011bn\u00ed v \u00fa\u017easnou personalizovanou postavu superhrdiny. Tento jedine\u010dn\u00fd d\u00e1rek je ide\u00e1ln\u00ed pro milovn\u00edky komiks\u016f se superhrdiny nebo pro jakoukoli p\u0159\u00edle\u017eitost, kombinuje z\u00e1bavu a individualitu v jednom stylov\u00e9m balen\u00ed.<\/p>\n<h2>Pohodl\u00ed se setk\u00e1v\u00e1 s kvalitou<\/h2>\n<p>Vyrobeno ze 100% m\u011bkk\u00e9 bavlny, kter\u00e1 zaji\u0161\u0165uje pohodl\u00ed a jemnost k poko\u017ece. Na\u0161e pr\u00e9miov\u00e1 tkanina zaru\u010duje odolnost a dlouhou \u017eivotnost, co\u017e z n\u011bj \u010din\u00ed z\u00e1kladn\u00ed kousek va\u0161eho \u0161atn\u00edku.<\/p>\n<h2>\u017div\u00e9 zak\u00e1zkov\u00e9 n\u00e1vrhy<\/h2>\n<p>Vyzkou\u0161ejte vysoce kvalitn\u00ed tisk p\u0159\u00edmo na od\u011bv (DTG) pro z\u00e1\u0159iv\u00e9 a trvanliv\u00e9 designy. Ka\u017ed\u00fd zak\u00e1zkov\u00fd kus je jedine\u010dn\u011b personalizov\u00e1n na\u0161imi zku\u0161en\u00fdmi um\u011blci, co\u017e zaji\u0161\u0165uje, \u017ee va\u0161e tri\u010dko je v\u00edc ne\u017e jen oble\u010den\u00ed \u2013 je to nositeln\u00e9 um\u011bleck\u00e9 d\u00edlo, vyroben\u00e9 speci\u00e1ln\u011b pro v\u00e1s!<\/p>","protected":false},"excerpt":{"rendered":"<p>Zmocn\u011bte \u017eeny pomoc\u00ed vlastn\u00edho superhrdinsk\u00e9ho tri\u010dka Ironman. Personalizovan\u00e1 tri\u010dka prom\u011bn\u00ed jakoukoli fotografii v odv\u00e1\u017en\u00e9, jedine\u010dn\u00e9 tri\u010dko hrdiny.<\/p>","protected":false},"featured_media":127395,"comment_status":"open","ping_status":"closed","template":"","meta":{"_acf_changed":false},"product_brand":[],"product_cat":[6191,6312,6412,6428,75,6350],"product_tag":[6214,6433,6328,229,6215],"class_list":{"0":"post-127109","1":"product","2":"type-product","3":"status-publish","4":"has-post-thumbnail","6":"product_cat-t-shirts-women","7":"product_cat-custom-gifts-ironman","8":"product_cat-photo-to-tees","9":"product_cat-translate-products","10":"product_cat-women","11":"product_cat-womens-superhero-t-shirts","12":"product_tag-affordable-custom-t-shirts","13":"product_tag-ai-artwork","14":"product_tag-custom-image-t-shirt-for-women","15":"product_tag-custom-tee-shirts","16":"product_tag-screen-printing-near-me","18":"first","19":"instock","20":"taxable","21":"shipping-taxable","22":"purchasable","23":"product-type-simple"},"acf":[],"wcpa_form_fields":null,"_links":{"self":[{"href":"https:\/\/www.customywear.com\/cs\/wp-json\/wp\/v2\/product\/127109","targetHints":{"allow":["GET"]}}],"collection":[{"href":"https:\/\/www.customywear.com\/cs\/wp-json\/wp\/v2\/product"}],"about":[{"href":"https:\/\/www.customywear.com\/cs\/wp-json\/wp\/v2\/types\/product"}],"replies":[{"embeddable":true,"href":"https:\/\/www.customywear.com\/cs\/wp-json\/wp\/v2\/comments?post=127109"}],"wp:featuredmedia":[{"embeddable":true,"href":"https:\/\/www.customywear.com\/cs\/wp-json\/wp\/v2\/media\/127395"}],"wp:attachment":[{"href":"https:\/\/www.customywear.com\/cs\/wp-json\/wp\/v2\/media?parent=127109"}],"wp:term":[{"taxonomy":"product_brand","embeddable":true,"href":"https:\/\/www.customywear.com\/cs\/wp-json\/wp\/v2\/product_brand?post=127109"},{"taxonomy":"product_cat","embeddable":true,"href":"https:\/\/www.customywear.com\/cs\/wp-json\/wp\/v2\/product_cat?post=127109"},{"taxonomy":"product_tag","embeddable":true,"href":"https:\/\/www.customywear.com\/cs\/wp-json\/wp\/v2\/product_tag?post=127109"}],"curies":[{"name":"wp","href":"https:\/\/api.w.org\/{rel}","templated":true}]}}