{"id":127138,"date":"2025-02-11T14:54:43","date_gmt":"2025-02-11T14:54:43","guid":{"rendered":"https:\/\/www.customywear.com\/?post_type=product&#038;p=127138"},"modified":"2026-05-05T20:24:06","modified_gmt":"2026-05-05T20:24:06","slug":"ironman-superhrdina-tricko-s-vasi-fotkou-personalizovane","status":"publish","type":"product","link":"https:\/\/www.customywear.com\/cs\/custom-ironman-superhero-t-shirt-with-your-photo\/","title":{"rendered":"Vlastn\u00ed Ironman Superhero T-Shirt s Va\u0161\u00ed Fotografi\u00ed"},"content":{"rendered":"<p>P\u0159edstavujeme na\u0161e tri\u010dko s motivem superhrdiny Ironmana na m\u00edru, kde se va\u0161e fotografie stanou jedine\u010dnou postavou superhrdiny! Toto tri\u010dko je perfektn\u00edm d\u00e1rkem pro milovn\u00edky komiks\u016f o superhrdinech nebo pro jakoukoli p\u0159\u00edle\u017eitost, kter\u00e1 vy\u017eaduje speci\u00e1ln\u00ed n\u00e1dech. S d\u016frazem na pohodl\u00ed je vyrobeno ze 100% m\u011bkk\u00e9 bavlny, kter\u00e1 zaru\u010duje jemn\u00fd pocit na poko\u017ece. Pr\u00e9miov\u00fd materi\u00e1l je odoln\u00fd a m\u00e1 dlouhou \u017eivotnost, zat\u00edmco b\u011b\u017en\u00fd st\u0159ih vyhovuje mu\u017e\u016fm i d\u00edvk\u00e1m, tak\u017ee se stane v\u0161estrann\u00fdm dopl\u0148kem ka\u017ed\u00e9ho \u0161atn\u00edku.<\/p>\n<h2>Kvalita, kter\u00e9 m\u016f\u017eete v\u011b\u0159it<\/h2>\n<p>Na\u0161e tri\u010dka jsou poti\u0161t\u011bna vysoce kvalitn\u00edm DTG potiskem, co\u017e vede k z\u00e1\u0159iv\u00fdm a trvanliv\u00fdm design\u016fm. Ka\u017ed\u00fd kus je personalizov\u00e1n na\u0161imi zku\u0161en\u00fdmi um\u011blci a prom\u011b\u0148uje va\u0161e milovan\u00e9 fotografie v mimo\u0159\u00e1dn\u00e9 digit\u00e1ln\u00ed um\u011bn\u00ed. Je to zp\u016fsob, jak vyj\u00e1d\u0159it svou individualitu a z\u00e1rove\u0148 oslavit sv\u00e9ho obl\u00edben\u00e9ho superhrdinu!<\/p>\n<h2>Ide\u00e1ln\u00ed pro ka\u017edou p\u0159\u00edle\u017eitost<\/h2>\n<p>Toto tri\u010dko s motivem superhrdiny Ironmana na zak\u00e1zku je nejen stylov\u00e9, ale i praktick\u00e9 pro ka\u017edodenn\u00ed no\u0161en\u00ed, tak\u017ee se hod\u00ed na b\u011b\u017en\u00e9 no\u0161en\u00ed, jako d\u00e1rek nebo prost\u011b k vyj\u00e1d\u0159en\u00ed va\u0161\u00ed v\u00e1\u0161n\u011b pro komiksov\u00e9 hrdiny. Vynikn\u011bte jedine\u010dn\u00fdm designem, kter\u00fd odr\u00e1\u017e\u00ed va\u0161i identitu!<\/p>","protected":false},"excerpt":{"rendered":"<p>O\u017eivte hrdinstv\u00ed pomoc\u00ed vlastn\u00edho superhrdinsk\u00e9ho tri\u010dka Ironman s va\u0161\u00ed fotkou. Personalizovan\u00e1 tri\u010dka prom\u011bn\u00ed jakoukoli fotografii v jedine\u010dn\u00e9 tri\u010dko inspirovan\u00e9 akc\u00ed.<\/p>","protected":false},"featured_media":127374,"comment_status":"open","ping_status":"closed","template":"","meta":{"_acf_changed":false},"product_brand":[6313],"product_cat":[6195,6312,186,6336,6412,6428],"product_tag":[6433,6327,6216,6168],"class_list":{"0":"post-127138","1":"product","2":"type-product","3":"status-publish","4":"has-post-thumbnail","6":"product_brand-customywear","7":"product_cat-t-shirts-men","8":"product_cat-custom-gifts-ironman","9":"product_cat-men","10":"product_cat-mens-superhero-t-shirts","11":"product_cat-photo-to-tees","12":"product_cat-translate-products","13":"product_tag-ai-artwork","14":"product_tag-custom-photo-t-shirt-for-men","15":"product_tag-mens-custom-t-shirts","16":"product_tag-unique-superhero-tees","18":"first","19":"instock","20":"taxable","21":"shipping-taxable","22":"purchasable","23":"product-type-simple"},"acf":[],"wcpa_form_fields":null,"_links":{"self":[{"href":"https:\/\/www.customywear.com\/cs\/wp-json\/wp\/v2\/product\/127138","targetHints":{"allow":["GET"]}}],"collection":[{"href":"https:\/\/www.customywear.com\/cs\/wp-json\/wp\/v2\/product"}],"about":[{"href":"https:\/\/www.customywear.com\/cs\/wp-json\/wp\/v2\/types\/product"}],"replies":[{"embeddable":true,"href":"https:\/\/www.customywear.com\/cs\/wp-json\/wp\/v2\/comments?post=127138"}],"wp:featuredmedia":[{"embeddable":true,"href":"https:\/\/www.customywear.com\/cs\/wp-json\/wp\/v2\/media\/127374"}],"wp:attachment":[{"href":"https:\/\/www.customywear.com\/cs\/wp-json\/wp\/v2\/media?parent=127138"}],"wp:term":[{"taxonomy":"product_brand","embeddable":true,"href":"https:\/\/www.customywear.com\/cs\/wp-json\/wp\/v2\/product_brand?post=127138"},{"taxonomy":"product_cat","embeddable":true,"href":"https:\/\/www.customywear.com\/cs\/wp-json\/wp\/v2\/product_cat?post=127138"},{"taxonomy":"product_tag","embeddable":true,"href":"https:\/\/www.customywear.com\/cs\/wp-json\/wp\/v2\/product_tag?post=127138"}],"curies":[{"name":"wp","href":"https:\/\/api.w.org\/{rel}","templated":true}]}}