{"id":127477,"date":"2025-02-18T10:29:50","date_gmt":"2025-02-18T10:29:50","guid":{"rendered":"https:\/\/www.customywear.com\/?post_type=product&#038;p=127477"},"modified":"2026-05-07T15:29:41","modified_gmt":"2026-05-07T15:29:41","slug":"personalizovane-neon-led-tricko-chlapci","status":"publish","type":"product","link":"https:\/\/www.customywear.com\/cs\/custom-neon-led-tshirt-boys\/","title":{"rendered":"Vlastn\u00ed Neon Znamen\u00ed LED T-Shirt pro Kluky \u2013 Personalizovan\u00e9 Foto Charakter Tee, Unik\u00e1tn\u00ed D\u00e1rek pro D\u011bti"},"content":{"rendered":"<h2 class=\"wp-block-heading\">Prom\u011b\u0148te fotografie sv\u00fdch d\u011bt\u00ed<\/h2>\r\n<p>Vdechn\u011bte fantazii sv\u00e9ho d\u00edt\u011bte \u017eivot s na\u0161\u00edm tri\u010dkem s neonov\u00fdm LED n\u00e1pisem na m\u00edru pro chlapce! Na\u0161i zku\u0161en\u00ed um\u011blci digit\u00e1ln\u011b p\u0159evedou jejich fotografie do z\u00e1\u0159iv\u00fdch sv\u011bteln\u00fdch postavi\u010dek, kter\u00e9 jim zajist\u00ed jedine\u010dn\u00fd a osobn\u00ed n\u00e1dech.<\/p>\r\n<h2>Ide\u00e1ln\u00ed pro ka\u017edou p\u0159\u00edle\u017eitost<\/h2>\r\n<p>Toto personalizovan\u00e9 tri\u010dko je ide\u00e1ln\u00edm d\u00e1rkem pro milovn\u00edky neonov\u00fdch LED sv\u011btel nebo pro zvl\u00e1\u0161tn\u00ed p\u0159\u00edle\u017eitosti, jako jsou narozeniny, V\u00e1noce nebo svatby. Va\u0161e d\u00edt\u011b si zamiluje no\u0161en\u00ed jeho jedine\u010dn\u00e9ho designu, a\u0165 u\u017e jde kamkoli!<\/p>\r\n<h2>Kvalita, kter\u00e1 vydr\u017e\u00ed<\/h2>\r\n<p>Na\u0161e tri\u010dka jsou vyrobena ze 100% m\u011bkk\u00e9 bavlny a poskytuj\u00ed maxim\u00e1ln\u00ed pohodl\u00ed. Pr\u00e9miov\u00e1 kvalita zaji\u0161\u0165uje odolnost a vysoce kvalitn\u00ed p\u0159\u00edm\u00fd potisk na od\u011bv zaru\u010duje z\u00e1\u0159iv\u00e9 a trval\u00e9 designy. Vynikn\u011bte s na\u0161\u00edm tri\u010dkem s neonov\u00fdm LED n\u00e1pisem na m\u00edru je\u0161t\u011b dnes!<\/p>\r\n<p><strong>Varov\u00e1n\u00ed:<\/strong> Toto tri\u010dko nebude sv\u00edtit. Jedn\u00e1 se o kresbu v neonov\u00e9m stylu.<\/p>","protected":false},"excerpt":{"rendered":"<p>z\u00e1\u0159it jasn\u011b s vlastn\u00edm tri\u010dkem s neonov\u00fdm LED n\u00e1pisem pro chlapce. Personalizovan\u00e9 tri\u010dka prom\u011b\u0148uj\u00ed fotografie v z\u00e1\u0159iv\u00e9 n\u00e1vrhy neonov\u00fdch postav pro d\u011bti.<\/p>","protected":false},"featured_media":127698,"comment_status":"open","ping_status":"closed","template":"","meta":{"_acf_changed":false},"product_brand":[],"product_cat":[6189,6314,6412,6428],"product_tag":[6433,6439,6221,6330],"class_list":{"0":"post-127477","1":"product","2":"type-product","3":"status-publish","4":"has-post-thumbnail","6":"product_cat-boys-t-shirts","7":"product_cat-custom-gifts-neon-led","8":"product_cat-photo-to-tees","9":"product_cat-translate-products","10":"product_tag-ai-artwork","11":"product_tag-ai-kids-artwork","12":"product_tag-custom-t-shirts-near-me","13":"product_tag-photo-print-t-shirt-for-boys","15":"first","16":"instock","17":"taxable","18":"shipping-taxable","19":"purchasable","20":"product-type-simple"},"acf":[],"wcpa_form_fields":null,"_links":{"self":[{"href":"https:\/\/www.customywear.com\/cs\/wp-json\/wp\/v2\/product\/127477","targetHints":{"allow":["GET"]}}],"collection":[{"href":"https:\/\/www.customywear.com\/cs\/wp-json\/wp\/v2\/product"}],"about":[{"href":"https:\/\/www.customywear.com\/cs\/wp-json\/wp\/v2\/types\/product"}],"replies":[{"embeddable":true,"href":"https:\/\/www.customywear.com\/cs\/wp-json\/wp\/v2\/comments?post=127477"}],"wp:featuredmedia":[{"embeddable":true,"href":"https:\/\/www.customywear.com\/cs\/wp-json\/wp\/v2\/media\/127698"}],"wp:attachment":[{"href":"https:\/\/www.customywear.com\/cs\/wp-json\/wp\/v2\/media?parent=127477"}],"wp:term":[{"taxonomy":"product_brand","embeddable":true,"href":"https:\/\/www.customywear.com\/cs\/wp-json\/wp\/v2\/product_brand?post=127477"},{"taxonomy":"product_cat","embeddable":true,"href":"https:\/\/www.customywear.com\/cs\/wp-json\/wp\/v2\/product_cat?post=127477"},{"taxonomy":"product_tag","embeddable":true,"href":"https:\/\/www.customywear.com\/cs\/wp-json\/wp\/v2\/product_tag?post=127477"}],"curies":[{"name":"wp","href":"https:\/\/api.w.org\/{rel}","templated":true}]}}