{"id":127570,"date":"2025-02-18T10:29:51","date_gmt":"2025-02-18T10:29:51","guid":{"rendered":"https:\/\/www.customywear.com\/?post_type=product&#038;p=127570"},"modified":"2026-05-05T20:24:06","modified_gmt":"2026-05-05T20:24:06","slug":"panske-tricko-s-neonovym-led-napisem-na-zakazku","status":"publish","type":"product","link":"https:\/\/www.customywear.com\/cs\/custom-neon-led-sign-t-shirtfor-men\/","title":{"rendered":"Tri\u010dko s neonov\u00fdm LED podepisem na zak\u00e1zku \u2013 personalizovan\u00e1 fotografie pro z\u00e1\u0159iv\u00e9 um\u011bn\u00ed, jedine\u010dn\u00fd d\u00e1rek pro mu\u017ee, k narozenin\u00e1m, V\u00e1noc\u016fm a svatb\u00e1m"},"content":{"rendered":"<h2>Prom\u011b\u0148te sv\u00e9 fotografie v um\u011bn\u00ed<\/h2>\n<p>Odhalte kouzlo personalizace s na\u0161imi p\u00e1nsk\u00fdmi tri\u010dky s neonov\u00fdmi LED n\u00e1pisy na m\u00edru. Ka\u017ed\u00e9 tri\u010dko je navr\u017eeno tak, aby digit\u00e1ln\u011b p\u0159em\u011bnilo va\u0161e milovan\u00e9 fotografie na z\u00e1\u0159ivou LED postavu, co\u017e zajist\u00ed jedine\u010dn\u00fd vzhled, kter\u00fd vynikne. Toto tri\u010dko je ide\u00e1ln\u00ed pro milovn\u00edky neonov\u00fdch sv\u011btel a je ide\u00e1ln\u00edm d\u00e1rkem pro p\u0159\u00edle\u017eitosti, jako jsou narozeniny, V\u00e1noce nebo svatby.<\/p>\n<h2>Pr\u00e9miov\u00e1 kvalita a pohodl\u00ed<\/h2>\n<p>Na\u0161e tri\u010dka jsou vyrobena ze 100% m\u011bkk\u00e9 bavlny a nab\u00edzej\u00ed bezkonkuren\u010dn\u00ed pohodl\u00ed a odolnost. Vysoce kvalitn\u00ed technika tisku p\u0159\u00edmo na od\u011bv (DTG) zaji\u0161\u0165uje, \u017ee v\u00e1\u0161 design z\u016fstane z\u00e1\u0159iv\u00fd a trvanliv\u00fd, tak\u017ee va\u0161e jedine\u010dn\u00e9 um\u011bn\u00ed bude z\u00e1\u0159it po mnoho let.<\/p>\n<h2>Jedine\u010dn\u00fd d\u00e1rek pro ka\u017ed\u00e9ho<\/h2>\n<p>Dop\u0159ejte sv\u00fdm bl\u00edzk\u00fdm pocit v\u00fdjime\u010dnosti s personalizovan\u00fdm tri\u010dkem, kter\u00e9 odr\u00e1\u017e\u00ed jejich individualitu. D\u00edky na\u0161im zku\u0161en\u00fdm um\u011blc\u016fm je ka\u017ed\u00fd design jedine\u010dn\u00fd, tak\u017ee se jedn\u00e1 o promy\u0161len\u00fd a nezapomenuteln\u00fd d\u00e1rek, kter\u00fd se perfektn\u011b hod\u00ed pro jakoukoli oslavu.<\/p>\n<p><strong>Varov\u00e1n\u00ed:<\/strong> Toto tri\u010dko nebude sv\u00edtit. Jedn\u00e1 se o kresbu v neonov\u00e9m stylu.<\/p>","protected":false},"excerpt":{"rendered":"<p>Sv\u00edt\u00ed ve velk\u00e9m stylu s vlastn\u00edm tri\u010dkem s neonov\u00fdm LED n\u00e1pisem. Personalizovan\u00e1 um\u011bleck\u00e1 tri\u010dka s fotografiemi do z\u00e1\u0159e prom\u011bn\u00ed jakoukoli fotografii v jedine\u010dn\u00fd d\u00e1rek pro mu\u017ee, narozeniny, V\u00e1noce nebo svatby.<\/p>","protected":false},"featured_media":127614,"comment_status":"open","ping_status":"closed","template":"","meta":{"_acf_changed":false},"product_brand":[],"product_cat":[6314,186,6343,6348,6412,6195,6428],"product_tag":[6433,6327,6216],"class_list":{"0":"post-127570","1":"product","2":"type-product","3":"status-publish","4":"has-post-thumbnail","6":"product_cat-custom-gifts-neon-led","7":"product_cat-men","8":"product_cat-mens-anniversary-t-shirts","9":"product_cat-mens-summer-t-shirts","10":"product_cat-photo-to-tees","11":"product_cat-t-shirts-men","12":"product_cat-translate-products","13":"product_tag-ai-artwork","14":"product_tag-custom-photo-t-shirt-for-men","15":"product_tag-mens-custom-t-shirts","17":"first","18":"instock","19":"taxable","20":"shipping-taxable","21":"purchasable","22":"product-type-simple"},"acf":[],"wcpa_form_fields":null,"_links":{"self":[{"href":"https:\/\/www.customywear.com\/cs\/wp-json\/wp\/v2\/product\/127570","targetHints":{"allow":["GET"]}}],"collection":[{"href":"https:\/\/www.customywear.com\/cs\/wp-json\/wp\/v2\/product"}],"about":[{"href":"https:\/\/www.customywear.com\/cs\/wp-json\/wp\/v2\/types\/product"}],"replies":[{"embeddable":true,"href":"https:\/\/www.customywear.com\/cs\/wp-json\/wp\/v2\/comments?post=127570"}],"wp:featuredmedia":[{"embeddable":true,"href":"https:\/\/www.customywear.com\/cs\/wp-json\/wp\/v2\/media\/127614"}],"wp:attachment":[{"href":"https:\/\/www.customywear.com\/cs\/wp-json\/wp\/v2\/media?parent=127570"}],"wp:term":[{"taxonomy":"product_brand","embeddable":true,"href":"https:\/\/www.customywear.com\/cs\/wp-json\/wp\/v2\/product_brand?post=127570"},{"taxonomy":"product_cat","embeddable":true,"href":"https:\/\/www.customywear.com\/cs\/wp-json\/wp\/v2\/product_cat?post=127570"},{"taxonomy":"product_tag","embeddable":true,"href":"https:\/\/www.customywear.com\/cs\/wp-json\/wp\/v2\/product_tag?post=127570"}],"curies":[{"name":"wp","href":"https:\/\/api.w.org\/{rel}","templated":true}]}}