{"id":127599,"date":"2025-02-18T10:29:51","date_gmt":"2025-02-18T10:29:51","guid":{"rendered":"https:\/\/www.customywear.com\/?post_type=product&#038;p=127599"},"modified":"2026-05-07T15:29:41","modified_gmt":"2026-05-07T15:29:41","slug":"vlastni-neonove-led-tricko-batole-divky","status":"publish","type":"product","link":"https:\/\/www.customywear.com\/cs\/custom-neon-led-tshirt-toddler-girls\/","title":{"rendered":"Tri\u010dko s neonov\u00fdm LED podepisem na m\u00edru pro batolata \u2013 personalizovan\u00e9 tri\u010dko s postavi\u010dkou a fotografi\u00ed, jedine\u010dn\u00fd d\u00e1rek pro d\u011bti"},"content":{"rendered":"<h2 class=\"wp-block-heading\">Prom\u011b\u0148te fotografie sv\u00fdch d\u011bt\u00ed<\/h2>\r\n<p>P\u0159edstavujeme tri\u010dko s neonov\u00fdm LED podsv\u00edcen\u00edm na m\u00edru pro batolata \u2013 jedine\u010dn\u00fd zp\u016fsob, jak oslavit individualitu va\u0161eho d\u00edt\u011bte! Digit\u00e1ln\u011b transformujeme fotografie va\u0161ich d\u011bt\u00ed do z\u00e1\u0159iv\u00fdch LED sv\u011bteln\u00fdch postavi\u010dek, kter\u00e9 se perfektn\u011b hod\u00ed k tomu, aby se t\u0159pytily p\u0159i jak\u00e9koli p\u0159\u00edle\u017eitosti.<\/p>\r\n<h2>Ide\u00e1ln\u00ed pro ka\u017edou p\u0159\u00edle\u017eitost<\/h2>\r\n<p>Toto tri\u010dko je promy\u0161len\u00fdm d\u00e1rkem pro milovn\u00edky neonov\u00fdch LED sv\u011btel. A\u0165 u\u017e se jedn\u00e1 o narozeniny, V\u00e1noce nebo svatbu, tento personalizovan\u00fd design jist\u011b zap\u016fsob\u00ed. Ka\u017ed\u00fd kus je vyroben tak, aby vyjad\u0159oval z\u00e1bavnou a hravou podstatu, kterou batolata zbo\u017e\u0148uj\u00ed.<\/p>\r\n<h2>Kvalita, kter\u00e9 m\u016f\u017eete v\u011b\u0159it<\/h2>\r\n<p>Ka\u017ed\u00e9 tri\u010dko s neonov\u00fdm LED n\u00e1pisem na m\u00edru, vyroben\u00e9 z m\u011bkk\u00e9 100% bavlny, je nejen pohodln\u00e9, ale tak\u00e9 prvot\u0159\u00eddn\u00ed kvality a odoln\u00e9. N\u00e1\u0161 vysoce kvalitn\u00ed DTG potisk zaji\u0161\u0165uje z\u00e1\u0159iv\u00e9 a trvanliv\u00e9 designy, zat\u00edmco jedine\u010dn\u00e9 digit\u00e1ln\u00ed um\u011bn\u00ed ka\u017ed\u00e9ho tri\u010dka je s l\u00e1skou vytvo\u0159eno zku\u0161en\u00fdmi um\u011blci. Objevte radost z personalizovan\u00e9ho d\u00e1rku je\u0161t\u011b dnes!<\/p>","protected":false},"excerpt":{"rendered":"<p>Z\u00e1\u0159e pro nejmen\u0161\u00ed s vlastn\u00edm tri\u010dkem s neonov\u00fdm LED n\u00e1pisem pro batolata. Personalizovan\u00e9 tri\u010dka prom\u011b\u0148uj\u00ed fotografie v z\u00e1bavn\u00e9 n\u00e1vrhy neonov\u00fdch postav.<\/p>","protected":false},"featured_media":127731,"comment_status":"open","ping_status":"closed","template":"","meta":{"_acf_changed":false},"product_brand":[],"product_cat":[6207,6314,6412,6428],"product_tag":[6433,6439,6221],"class_list":{"0":"post-127599","1":"product","2":"type-product","3":"status-publish","4":"has-post-thumbnail","6":"product_cat-toddler-girl-t-shirts","7":"product_cat-custom-gifts-neon-led","8":"product_cat-photo-to-tees","9":"product_cat-translate-products","10":"product_tag-ai-artwork","11":"product_tag-ai-kids-artwork","12":"product_tag-custom-t-shirts-near-me","14":"first","15":"instock","16":"taxable","17":"shipping-taxable","18":"purchasable","19":"product-type-simple"},"acf":[],"wcpa_form_fields":null,"_links":{"self":[{"href":"https:\/\/www.customywear.com\/cs\/wp-json\/wp\/v2\/product\/127599","targetHints":{"allow":["GET"]}}],"collection":[{"href":"https:\/\/www.customywear.com\/cs\/wp-json\/wp\/v2\/product"}],"about":[{"href":"https:\/\/www.customywear.com\/cs\/wp-json\/wp\/v2\/types\/product"}],"replies":[{"embeddable":true,"href":"https:\/\/www.customywear.com\/cs\/wp-json\/wp\/v2\/comments?post=127599"}],"wp:featuredmedia":[{"embeddable":true,"href":"https:\/\/www.customywear.com\/cs\/wp-json\/wp\/v2\/media\/127731"}],"wp:attachment":[{"href":"https:\/\/www.customywear.com\/cs\/wp-json\/wp\/v2\/media?parent=127599"}],"wp:term":[{"taxonomy":"product_brand","embeddable":true,"href":"https:\/\/www.customywear.com\/cs\/wp-json\/wp\/v2\/product_brand?post=127599"},{"taxonomy":"product_cat","embeddable":true,"href":"https:\/\/www.customywear.com\/cs\/wp-json\/wp\/v2\/product_cat?post=127599"},{"taxonomy":"product_tag","embeddable":true,"href":"https:\/\/www.customywear.com\/cs\/wp-json\/wp\/v2\/product_tag?post=127599"}],"curies":[{"name":"wp","href":"https:\/\/api.w.org\/{rel}","templated":true}]}}