{"id":127763,"date":"2025-03-04T14:47:48","date_gmt":"2025-03-04T14:47:48","guid":{"rendered":"https:\/\/www.customywear.com\/?post_type=product&#038;p=127763"},"modified":"2026-05-07T15:29:41","modified_gmt":"2026-05-07T15:29:41","slug":"personalizovane-discgolfove-tricko-divky","status":"publish","type":"product","link":"https:\/\/www.customywear.com\/cs\/personalized-disc-golf-tshirt-girls\/","title":{"rendered":"Personalizovan\u00e9 d\u00edv\u010d\u00ed tri\u010dko s discgolfovou t\u00e9matikou \u2013 d\u011btsk\u00e9 discgolfov\u00e9 tri\u010dko na m\u00edru s digit\u00e1ln\u00edm um\u011bn\u00edm"},"content":{"rendered":"<p>Toto tri\u010dko s discgolfovou t\u00e9matikou na zak\u00e1zku pro d\u00edvky je jedine\u010dnou kombinac\u00ed z\u00e1bavy a personalizace. Vyfot\u00edme va\u0161e d\u00edt\u011b a digit\u00e1ln\u011b ho p\u0159evedeme do podoby postavy na zak\u00e1zku, kter\u00e1 ho p\u0159edstav\u00ed jako zku\u0161en\u00e9ho discgolfistu. Toto tri\u010dko je vyrobeno ze super m\u011bkk\u00e9 100% bavlny a zaru\u010duje pohodl\u00ed a odolnost pro celodenn\u00ed no\u0161en\u00ed. D\u00edky vysoce kvalitn\u00edmu DTG potisku jsou z\u00e1\u0159iv\u00fd design navr\u017een tak, aby vydr\u017eel, co\u017e z n\u011bj \u010din\u00ed perfektn\u00ed d\u00e1rek pro ka\u017ed\u00e9ho nad\u0161ence nebo hr\u00e1\u010de discgolfu. Ka\u017ed\u00fd design je ide\u00e1ln\u00ed k narozenin\u00e1m, V\u00e1noc\u016fm, svatb\u00e1m nebo jen tak pro rozjasn\u011bn\u00ed dne va\u0161eho mal\u00e9ho sportovce, ka\u017ed\u00fd design je jedine\u010dn\u00fdm mistrovsk\u00fdm d\u00edlem vytvo\u0159en\u00fdm zku\u0161en\u00fdmi um\u011blci. Oslavte l\u00e1sku va\u0161eho d\u00edt\u011bte k discgolfu n\u011b\u010d\u00edm speci\u00e1ln\u00edm a osobn\u00edm!<\/p>","protected":false},"excerpt":{"rendered":"<p>Ace The Game s personalizovan\u00fdm tri\u010dkem Disc Golf pro d\u00edvky. Vlastn\u00ed discgolfov\u00e1 tri\u010dka pro ml\u00e1de\u017e prom\u011bn\u00ed jakoukoli fotografii v hrav\u00e9, sportovn\u00ed odpali\u0161t\u011b.<\/p>","protected":false},"featured_media":127913,"comment_status":"open","ping_status":"closed","template":"","meta":{"_acf_changed":false},"product_brand":[],"product_cat":[6193,6315,152,6412,6428,58],"product_tag":[6433,6439,6331,6221],"class_list":{"0":"post-127763","1":"product","2":"type-product","3":"status-publish","4":"has-post-thumbnail","6":"product_cat-girls-t-shirts","7":"product_cat-custom-gifts-disc-golf","8":"product_cat-girls","9":"product_cat-photo-to-tees","10":"product_cat-translate-products","11":"product_cat-youth-kids","12":"product_tag-ai-artwork","13":"product_tag-ai-kids-artwork","14":"product_tag-custom-picture-t-shirt-for-girls","15":"product_tag-custom-t-shirts-near-me","17":"first","18":"instock","19":"taxable","20":"shipping-taxable","21":"purchasable","22":"product-type-simple"},"acf":[],"wcpa_form_fields":null,"_links":{"self":[{"href":"https:\/\/www.customywear.com\/cs\/wp-json\/wp\/v2\/product\/127763","targetHints":{"allow":["GET"]}}],"collection":[{"href":"https:\/\/www.customywear.com\/cs\/wp-json\/wp\/v2\/product"}],"about":[{"href":"https:\/\/www.customywear.com\/cs\/wp-json\/wp\/v2\/types\/product"}],"replies":[{"embeddable":true,"href":"https:\/\/www.customywear.com\/cs\/wp-json\/wp\/v2\/comments?post=127763"}],"wp:featuredmedia":[{"embeddable":true,"href":"https:\/\/www.customywear.com\/cs\/wp-json\/wp\/v2\/media\/127913"}],"wp:attachment":[{"href":"https:\/\/www.customywear.com\/cs\/wp-json\/wp\/v2\/media?parent=127763"}],"wp:term":[{"taxonomy":"product_brand","embeddable":true,"href":"https:\/\/www.customywear.com\/cs\/wp-json\/wp\/v2\/product_brand?post=127763"},{"taxonomy":"product_cat","embeddable":true,"href":"https:\/\/www.customywear.com\/cs\/wp-json\/wp\/v2\/product_cat?post=127763"},{"taxonomy":"product_tag","embeddable":true,"href":"https:\/\/www.customywear.com\/cs\/wp-json\/wp\/v2\/product_tag?post=127763"}],"curies":[{"name":"wp","href":"https:\/\/api.w.org\/{rel}","templated":true}]}}