{"id":127844,"date":"2025-03-04T14:47:49","date_gmt":"2025-03-04T14:47:49","guid":{"rendered":"https:\/\/www.customywear.com\/?post_type=product&#038;p=127844"},"modified":"2026-05-05T20:23:26","modified_gmt":"2026-05-05T20:23:26","slug":"personalizovane-damske-discgolfove-tricko","status":"publish","type":"product","link":"https:\/\/www.customywear.com\/cs\/personalized-disc-golf-tshirt-women\/","title":{"rendered":"Osobn\u00ed Disc Golf T-Shirt pro \u017deny \u2013 Vlastn\u00ed \u017densk\u00e9 Disc Golf Player Tri\u010dko"},"content":{"rendered":"<p>Oslavte svou l\u00e1sku k discgolfu s na\u0161\u00edm d\u00e1msk\u00fdm tri\u010dkem na m\u00edru! Va\u0161e fotografie prom\u011bn\u00edme v \u017eiv\u00e9, personalizovan\u00e9 postavi\u010dky discgolfist\u016f, co\u017e z n\u011bj \u010din\u00ed perfektn\u00ed d\u00e1rek pro ka\u017edou p\u0159\u00edle\u017eitost \u2013 a\u0165 u\u017e jsou to narozeniny, V\u00e1noce nebo svatby. Na\u0161e tri\u010dka jsou vyrobena z m\u011bkk\u00e9 100% bavlny a nab\u00edzej\u00ed maxim\u00e1ln\u00ed pohodl\u00ed a prvot\u0159\u00eddn\u00ed kvalitu, kter\u00e1 zaru\u010duje odolnost a dlouhou \u017eivotnost. Ka\u017ed\u00fd design je opat\u0159en vysoce kvalitn\u00edm potiskem DTG (direct-to-garment), co\u017e znamen\u00e1, \u017ee va\u0161e jedine\u010dn\u00e9 um\u011bleck\u00e9 d\u00edlo z\u016fstane z\u00e1\u0159iv\u00e9 po ka\u017ed\u00e9m pran\u00ed. Vynikn\u011bte na h\u0159i\u0161ti nebo kdekoli jinde s tri\u010dkem, kter\u00e9 skute\u010dn\u011b odr\u00e1\u017e\u00ed va\u0161i v\u00e1\u0161e\u0148!<\/p>","protected":false},"excerpt":{"rendered":"<p>Zahrajte si Bold s personalizovan\u00fdm tri\u010dkem Disc Golf pro \u017eeny. Vlastn\u00ed ko\u0161ile pro \u017eensk\u00e9 discgolfov\u00e9 hr\u00e1\u010de prom\u011bn\u00ed jakoukoli fotografii v jedine\u010dn\u00e9 sportovn\u00ed tri\u010dko.<\/p>","protected":false},"featured_media":128000,"comment_status":"open","ping_status":"closed","template":"","meta":{"_acf_changed":false},"product_brand":[],"product_cat":[6191,6315,6412,6428,75,6352],"product_tag":[6214,6433,6328,229,6215],"class_list":{"0":"post-127844","1":"product","2":"type-product","3":"status-publish","4":"has-post-thumbnail","6":"product_cat-t-shirts-women","7":"product_cat-custom-gifts-disc-golf","8":"product_cat-photo-to-tees","9":"product_cat-translate-products","10":"product_cat-women","11":"product_cat-womens-sports-t-shirts","12":"product_tag-affordable-custom-t-shirts","13":"product_tag-ai-artwork","14":"product_tag-custom-image-t-shirt-for-women","15":"product_tag-custom-tee-shirts","16":"product_tag-screen-printing-near-me","18":"first","19":"instock","20":"taxable","21":"shipping-taxable","22":"purchasable","23":"product-type-simple"},"acf":[],"wcpa_form_fields":null,"_links":{"self":[{"href":"https:\/\/www.customywear.com\/cs\/wp-json\/wp\/v2\/product\/127844","targetHints":{"allow":["GET"]}}],"collection":[{"href":"https:\/\/www.customywear.com\/cs\/wp-json\/wp\/v2\/product"}],"about":[{"href":"https:\/\/www.customywear.com\/cs\/wp-json\/wp\/v2\/types\/product"}],"replies":[{"embeddable":true,"href":"https:\/\/www.customywear.com\/cs\/wp-json\/wp\/v2\/comments?post=127844"}],"wp:featuredmedia":[{"embeddable":true,"href":"https:\/\/www.customywear.com\/cs\/wp-json\/wp\/v2\/media\/128000"}],"wp:attachment":[{"href":"https:\/\/www.customywear.com\/cs\/wp-json\/wp\/v2\/media?parent=127844"}],"wp:term":[{"taxonomy":"product_brand","embeddable":true,"href":"https:\/\/www.customywear.com\/cs\/wp-json\/wp\/v2\/product_brand?post=127844"},{"taxonomy":"product_cat","embeddable":true,"href":"https:\/\/www.customywear.com\/cs\/wp-json\/wp\/v2\/product_cat?post=127844"},{"taxonomy":"product_tag","embeddable":true,"href":"https:\/\/www.customywear.com\/cs\/wp-json\/wp\/v2\/product_tag?post=127844"}],"curies":[{"name":"wp","href":"https:\/\/api.w.org\/{rel}","templated":true}]}}