{"id":127902,"date":"2025-03-04T14:47:50","date_gmt":"2025-03-04T14:47:50","guid":{"rendered":"https:\/\/www.customywear.com\/?post_type=product&#038;p=127902"},"modified":"2026-05-07T15:29:41","modified_gmt":"2026-05-07T15:29:41","slug":"personalizovane-discgolfove-tricko-pro-batole-divky","status":"publish","type":"product","link":"https:\/\/www.customywear.com\/cs\/personalized-disc-golf-tshirt-toddler-girls\/","title":{"rendered":"Personalizovan\u00e9 tri\u010dko s discgolfem pro batolata \u2013 Tri\u010dko s discgolfem na m\u00edru pro ml\u00e1de\u017e"},"content":{"rendered":"<p>P\u0159edstavujeme na\u0161e tri\u010dko s discgolfem na m\u00edru, navr\u017een\u00e9 speci\u00e1ln\u011b pro batolata! S jedine\u010dn\u00fdm n\u00e1dechem digit\u00e1ln\u011b transformujeme fotografie va\u0161eho d\u00edt\u011bte do rozko\u0161n\u00e9 a \u017eiv\u00e9 postavi\u010dky discgolfisty, kter\u00e1 zachycuje vzru\u0161en\u00ed z tohoto sportu. Toto tri\u010dko je vyrobeno z m\u011bkk\u00e9 100% bavlny a zaji\u0161\u0165uje celodenn\u00ed pohodl\u00ed, zat\u00edmco pr\u00e9miov\u00e1 kvalita zaru\u010duje odolnost p\u0159i jak\u00e9mkoli dobrodru\u017estv\u00ed. Je ide\u00e1ln\u00ed pro mlad\u00e9 nad\u0161ence do discgolfu a je tak\u00e9 promy\u0161len\u00fdm d\u00e1rkem k narozenin\u00e1m, V\u00e1noc\u016fm nebo jak\u00e9koli jin\u00e9 zvl\u00e1\u0161tn\u00ed p\u0159\u00edle\u017eitosti. Ka\u017ed\u00e9 tri\u010dko je opat\u0159eno vysoce kvalitn\u00edm potiskem p\u0159\u00edmo na od\u011bv pro z\u00e1\u0159iv\u00e9 a trvanliv\u00e9 vzory, kter\u00e9 zku\u0161en\u00ed um\u011blci vytvo\u0159ili tak jedine\u010dn\u00fd kousek, jen\u017e oslavuje l\u00e1sku va\u0161eho d\u00edt\u011bte ke h\u0159e.<\/p>","protected":false},"excerpt":{"rendered":"<p>Obdarujte mlad\u00e9 d\u00edvky s personalizovan\u00fdm tri\u010dkem Disc Golf pro batolec\u00ed d\u00edvky. Vlastn\u00ed discgolfov\u00e1 tri\u010dka pro ml\u00e1de\u017e prom\u011bn\u00ed jakoukoli fotografii v hrav\u00e1, jedine\u010dn\u00e1 odpali\u0161t\u011b.<\/p>","protected":false},"featured_media":127967,"comment_status":"open","ping_status":"closed","template":"","meta":{"_acf_changed":false},"product_brand":[],"product_cat":[6207,6315,6412,6428],"product_tag":[6433,6439,6221],"class_list":{"0":"post-127902","1":"product","2":"type-product","3":"status-publish","4":"has-post-thumbnail","6":"product_cat-toddler-girl-t-shirts","7":"product_cat-custom-gifts-disc-golf","8":"product_cat-photo-to-tees","9":"product_cat-translate-products","10":"product_tag-ai-artwork","11":"product_tag-ai-kids-artwork","12":"product_tag-custom-t-shirts-near-me","14":"first","15":"instock","16":"taxable","17":"shipping-taxable","18":"purchasable","19":"product-type-simple"},"acf":[],"wcpa_form_fields":null,"_links":{"self":[{"href":"https:\/\/www.customywear.com\/cs\/wp-json\/wp\/v2\/product\/127902","targetHints":{"allow":["GET"]}}],"collection":[{"href":"https:\/\/www.customywear.com\/cs\/wp-json\/wp\/v2\/product"}],"about":[{"href":"https:\/\/www.customywear.com\/cs\/wp-json\/wp\/v2\/types\/product"}],"replies":[{"embeddable":true,"href":"https:\/\/www.customywear.com\/cs\/wp-json\/wp\/v2\/comments?post=127902"}],"wp:featuredmedia":[{"embeddable":true,"href":"https:\/\/www.customywear.com\/cs\/wp-json\/wp\/v2\/media\/127967"}],"wp:attachment":[{"href":"https:\/\/www.customywear.com\/cs\/wp-json\/wp\/v2\/media?parent=127902"}],"wp:term":[{"taxonomy":"product_brand","embeddable":true,"href":"https:\/\/www.customywear.com\/cs\/wp-json\/wp\/v2\/product_brand?post=127902"},{"taxonomy":"product_cat","embeddable":true,"href":"https:\/\/www.customywear.com\/cs\/wp-json\/wp\/v2\/product_cat?post=127902"},{"taxonomy":"product_tag","embeddable":true,"href":"https:\/\/www.customywear.com\/cs\/wp-json\/wp\/v2\/product_tag?post=127902"}],"curies":[{"name":"wp","href":"https:\/\/api.w.org\/{rel}","templated":true}]}}