{"id":128067,"date":"2025-03-15T15:21:27","date_gmt":"2025-03-15T15:21:27","guid":{"rendered":"https:\/\/www.customywear.com\/?post_type=product&#038;p=128067"},"modified":"2026-05-07T15:29:41","modified_gmt":"2026-05-07T15:29:41","slug":"personalizovane-baseballove-tricko-pro-batolata","status":"publish","type":"product","link":"https:\/\/www.customywear.com\/cs\/personalized-baseball-tshirt-toddler-girls\/","title":{"rendered":"Personalizovan\u00e9 baseballov\u00e9 tri\u010dko pro batolata \u2013 tri\u010dko s baseballovou fotografi\u00ed na m\u00edru"},"content":{"rendered":"<p>Toto okouzluj\u00edc\u00ed baseballov\u00e9 tri\u010dko pro batolata posouv\u00e1 personalizaci na novou \u00farove\u0148! Digit\u00e1ln\u011b transformujeme fotografii va\u0161eho d\u00edt\u011bte do rozko\u0161n\u00e9 postavi\u010dky baseballov\u00e9ho hr\u00e1\u010de, kter\u00e1 je ide\u00e1ln\u00ed pro ka\u017ed\u00e9ho mlad\u00e9ho nad\u0161ence baseballu. Toto tri\u010dko je vyrobeno z m\u011bkk\u00e9 100% bavlny a zaru\u010duje pohodl\u00ed a z\u00e1rove\u0148 si zachov\u00e1v\u00e1 prvot\u0159\u00eddn\u00ed kvalitu a odolnost. Ka\u017ed\u00e9 tri\u010dko je opat\u0159eno vysoce kvalitn\u00edm potiskem DTG (direct-to-garment), kter\u00fd zaji\u0161\u0165uje z\u00e1\u0159iv\u00e9 a trvanliv\u00e9 designy, kter\u00e9 vynikaj\u00ed. Ide\u00e1ln\u00ed k narozenin\u00e1m, V\u00e1noc\u016fm, svatb\u00e1m nebo jen tak pro z\u00e1bavu \u2013 tento jedine\u010dn\u00fd kousek je skv\u011bl\u00fdm d\u00e1rkem pro d\u011bti, kter\u00e9 miluj\u00ed baseball!<\/p>","protected":false},"excerpt":{"rendered":"<p>Zaho\u010fte homeruny s personalizovan\u00fdm baseballov\u00fdm tri\u010dkem pro batolec\u00ed d\u00edvky. Vlastn\u00ed fotografie Baseball Player Tees prom\u011bn\u00ed jakoukoli fotografii v z\u00e1bavn\u00e9, sportovn\u00ed tri\u010dko.<\/p>","protected":false},"featured_media":128262,"comment_status":"open","ping_status":"closed","template":"","meta":{"_acf_changed":false},"product_brand":[],"product_cat":[6207,6316,6412,6428],"product_tag":[6433,6439,6221],"class_list":{"0":"post-128067","1":"product","2":"type-product","3":"status-publish","4":"has-post-thumbnail","6":"product_cat-toddler-girl-t-shirts","7":"product_cat-custom-gifts-ai-baseball","8":"product_cat-photo-to-tees","9":"product_cat-translate-products","10":"product_tag-ai-artwork","11":"product_tag-ai-kids-artwork","12":"product_tag-custom-t-shirts-near-me","14":"first","15":"instock","16":"taxable","17":"shipping-taxable","18":"purchasable","19":"product-type-simple"},"acf":[],"wcpa_form_fields":null,"_links":{"self":[{"href":"https:\/\/www.customywear.com\/cs\/wp-json\/wp\/v2\/product\/128067","targetHints":{"allow":["GET"]}}],"collection":[{"href":"https:\/\/www.customywear.com\/cs\/wp-json\/wp\/v2\/product"}],"about":[{"href":"https:\/\/www.customywear.com\/cs\/wp-json\/wp\/v2\/types\/product"}],"replies":[{"embeddable":true,"href":"https:\/\/www.customywear.com\/cs\/wp-json\/wp\/v2\/comments?post=128067"}],"wp:featuredmedia":[{"embeddable":true,"href":"https:\/\/www.customywear.com\/cs\/wp-json\/wp\/v2\/media\/128262"}],"wp:attachment":[{"href":"https:\/\/www.customywear.com\/cs\/wp-json\/wp\/v2\/media?parent=128067"}],"wp:term":[{"taxonomy":"product_brand","embeddable":true,"href":"https:\/\/www.customywear.com\/cs\/wp-json\/wp\/v2\/product_brand?post=128067"},{"taxonomy":"product_cat","embeddable":true,"href":"https:\/\/www.customywear.com\/cs\/wp-json\/wp\/v2\/product_cat?post=128067"},{"taxonomy":"product_tag","embeddable":true,"href":"https:\/\/www.customywear.com\/cs\/wp-json\/wp\/v2\/product_tag?post=128067"}],"curies":[{"name":"wp","href":"https:\/\/api.w.org\/{rel}","templated":true}]}}