{"id":128112,"date":"2025-03-15T15:21:29","date_gmt":"2025-03-15T15:21:29","guid":{"rendered":"https:\/\/www.customywear.com\/?post_type=product&#038;p=128112"},"modified":"2026-05-07T15:29:41","modified_gmt":"2026-05-07T15:29:41","slug":"personalizovane-baseballove-tricko-pro-batolata-a-chlapce","status":"publish","type":"product","link":"https:\/\/www.customywear.com\/cs\/personalized-baseball-tshirt-toddler-boys\/","title":{"rendered":"Personalizovan\u00e9 baseballov\u00e9 tri\u010dko pro batolata \u2013 tri\u010dko s baseballov\u00fdm hr\u00e1\u010dem s vlastn\u00ed fotografi\u00ed"},"content":{"rendered":"<p>Toto baseballov\u00e9 tri\u010dko na zak\u00e1zku pro batolata a chlapce je jedine\u010dn\u00fdm zp\u016fsobem, jak oslavit l\u00e1sku va\u0161eho d\u00edt\u011bte k baseballu. S ka\u017ed\u00fdm n\u00e1kupem digit\u00e1ln\u011b transformujeme fotografii va\u0161eho d\u00edt\u011bte do z\u00e1\u0159iv\u00e9, personalizovan\u00e9 postavi\u010dky baseballov\u00e9ho hr\u00e1\u010de, kter\u00e1 vypad\u00e1, jako by byla p\u0159ipravena odp\u00e1lit homerun! Toto tri\u010dko je vyrobeno ze 100% m\u011bkk\u00e9 bavlny, zaji\u0161\u0165uje pohodl\u00ed a je \u0161etrn\u00e9 k poko\u017ece va\u0161eho d\u00edt\u011bte. Pr\u00e9miov\u00e1 kvalita zaru\u010duje odolnost, tak\u017ee vydr\u017e\u00ed hr\u00e1t a pere se bez vyblednut\u00ed. Na\u0161e vysoce kvalitn\u00ed technika potisku DTG vdechuje designu \u017eivot \u017eiv\u00fdmi barvami, zat\u00edmco ka\u017ed\u00fd kus je vyroben zku\u0161en\u00fdmi um\u011blci, kte\u0159\u00ed p\u0159id\u00e1vaj\u00ed sv\u016fj kreativn\u00ed n\u00e1dech, aby bylo ka\u017ed\u00e9 tri\u010dko jedine\u010dn\u00e9. A\u0165 u\u017e k narozenin\u00e1m, V\u00e1noc\u016fm nebo k jak\u00e9koli jin\u00e9 zvl\u00e1\u0161tn\u00ed p\u0159\u00edle\u017eitosti, toto tri\u010dko je perfektn\u00edm d\u00e1rkem pro mal\u00e9 nad\u0161ence do baseballu.<\/p>","protected":false},"excerpt":{"rendered":"<p>Za\u010dn\u011bte mlad\u00fd s personalizovan\u00fdm baseballov\u00fdm tri\u010dkem pro batolata. Vlastn\u00ed tri\u010dka pro hr\u00e1\u010de s fotografiemi Baseball prom\u011bn\u00ed jakoukoli fotografii na hrav\u00e1, jedine\u010dn\u00e1 tri\u010dka.<\/p>","protected":false},"featured_media":128274,"comment_status":"open","ping_status":"closed","template":"","meta":{"_acf_changed":false},"product_brand":[],"product_cat":[6209,6316,6412,6428],"product_tag":[6433,6439,6221],"class_list":{"0":"post-128112","1":"product","2":"type-product","3":"status-publish","4":"has-post-thumbnail","6":"product_cat-toddler-boy-t-shirts","7":"product_cat-custom-gifts-ai-baseball","8":"product_cat-photo-to-tees","9":"product_cat-translate-products","10":"product_tag-ai-artwork","11":"product_tag-ai-kids-artwork","12":"product_tag-custom-t-shirts-near-me","14":"first","15":"instock","16":"taxable","17":"shipping-taxable","18":"purchasable","19":"product-type-simple"},"acf":[],"wcpa_form_fields":null,"_links":{"self":[{"href":"https:\/\/www.customywear.com\/cs\/wp-json\/wp\/v2\/product\/128112","targetHints":{"allow":["GET"]}}],"collection":[{"href":"https:\/\/www.customywear.com\/cs\/wp-json\/wp\/v2\/product"}],"about":[{"href":"https:\/\/www.customywear.com\/cs\/wp-json\/wp\/v2\/types\/product"}],"replies":[{"embeddable":true,"href":"https:\/\/www.customywear.com\/cs\/wp-json\/wp\/v2\/comments?post=128112"}],"wp:featuredmedia":[{"embeddable":true,"href":"https:\/\/www.customywear.com\/cs\/wp-json\/wp\/v2\/media\/128274"}],"wp:attachment":[{"href":"https:\/\/www.customywear.com\/cs\/wp-json\/wp\/v2\/media?parent=128112"}],"wp:term":[{"taxonomy":"product_brand","embeddable":true,"href":"https:\/\/www.customywear.com\/cs\/wp-json\/wp\/v2\/product_brand?post=128112"},{"taxonomy":"product_cat","embeddable":true,"href":"https:\/\/www.customywear.com\/cs\/wp-json\/wp\/v2\/product_cat?post=128112"},{"taxonomy":"product_tag","embeddable":true,"href":"https:\/\/www.customywear.com\/cs\/wp-json\/wp\/v2\/product_tag?post=128112"}],"curies":[{"name":"wp","href":"https:\/\/api.w.org\/{rel}","templated":true}]}}