{"id":128159,"date":"2025-03-15T15:21:29","date_gmt":"2025-03-15T15:21:29","guid":{"rendered":"https:\/\/www.customywear.com\/?post_type=product&#038;p=128159"},"modified":"2026-05-05T20:23:26","modified_gmt":"2026-05-05T20:23:26","slug":"personalizovane-damske-tricko-hrace-baseballu","status":"publish","type":"product","link":"https:\/\/www.customywear.com\/cs\/personalized-baseball-player-tshirt-women\/","title":{"rendered":"Individu\u00e1ln\u00ed Baseball T-Shirt pro \u017deny \u2013 Vlastn\u00ed Fotografie Baseball D\u00e1rek"},"content":{"rendered":"<p>Uka\u017ete svou l\u00e1sku k baseballu s na\u0161\u00edm baseballov\u00fdm tri\u010dkem na m\u00edru, kter\u00e9 je navr\u017eeno speci\u00e1ln\u011b pro \u017eeny! Tento jedine\u010dn\u00fd kousek obsahuje digit\u00e1ln\u011b transformovanou verzi va\u0161\u00ed obl\u00edben\u00e9 fotografie a vytv\u00e1\u0159\u00ed tak personalizovanou postavu baseballov\u00e9ho hr\u00e1\u010de, kter\u00e1 v\u00e1s vt\u00e1hne do hry. Toto tri\u010dko pr\u00e9miov\u00e9 kvality je vyrobeno z m\u011bkk\u00e9 100% bavlny a zaji\u0161\u0165uje pohodl\u00ed. Z\u00e1rove\u0148 se py\u0161n\u00ed z\u00e1\u0159iv\u00fdm, vysoce kvalitn\u00edm potiskem DTG (direct-to-garment), kter\u00fd vdechne va\u0161emu jedine\u010dn\u00e9mu designu \u017eivot. Toto tri\u010dko je perfektn\u00ed jako promy\u0161len\u00fd d\u00e1rek pro nad\u0161ence do baseballu k narozenin\u00e1m, V\u00e1noc\u016fm, svatb\u00e1m nebo jak\u00e9koli jin\u00e9 zvl\u00e1\u0161tn\u00ed p\u0159\u00edle\u017eitosti. Je to v\u00edc ne\u017e jen oble\u010den\u00ed; je to um\u011bleck\u00e9 d\u00edlo \u0161it\u00e9 na m\u00edru jen pro v\u00e1s!<\/p>","protected":false},"excerpt":{"rendered":"<p>Darujte \u017eeny s personalizovan\u00fdm tri\u010dkem pro hr\u00e1\u010de baseballu. Vlastn\u00ed fotografick\u00e9 baseballov\u00e9 d\u00e1rky prom\u011bn\u00ed jakoukoli fotografii v odv\u00e1\u017en\u00e9, jedine\u010dn\u00e9 tri\u010dko.<\/p>","protected":false},"featured_media":128239,"comment_status":"open","ping_status":"closed","template":"","meta":{"_acf_changed":false},"product_brand":[],"product_cat":[6191,6316,6412,6428,75,6352],"product_tag":[6214,6433,6328,229,6215],"class_list":{"0":"post-128159","1":"product","2":"type-product","3":"status-publish","4":"has-post-thumbnail","6":"product_cat-t-shirts-women","7":"product_cat-custom-gifts-ai-baseball","8":"product_cat-photo-to-tees","9":"product_cat-translate-products","10":"product_cat-women","11":"product_cat-womens-sports-t-shirts","12":"product_tag-affordable-custom-t-shirts","13":"product_tag-ai-artwork","14":"product_tag-custom-image-t-shirt-for-women","15":"product_tag-custom-tee-shirts","16":"product_tag-screen-printing-near-me","18":"first","19":"instock","20":"taxable","21":"shipping-taxable","22":"purchasable","23":"product-type-simple"},"acf":[],"wcpa_form_fields":null,"_links":{"self":[{"href":"https:\/\/www.customywear.com\/cs\/wp-json\/wp\/v2\/product\/128159","targetHints":{"allow":["GET"]}}],"collection":[{"href":"https:\/\/www.customywear.com\/cs\/wp-json\/wp\/v2\/product"}],"about":[{"href":"https:\/\/www.customywear.com\/cs\/wp-json\/wp\/v2\/types\/product"}],"replies":[{"embeddable":true,"href":"https:\/\/www.customywear.com\/cs\/wp-json\/wp\/v2\/comments?post=128159"}],"wp:featuredmedia":[{"embeddable":true,"href":"https:\/\/www.customywear.com\/cs\/wp-json\/wp\/v2\/media\/128239"}],"wp:attachment":[{"href":"https:\/\/www.customywear.com\/cs\/wp-json\/wp\/v2\/media?parent=128159"}],"wp:term":[{"taxonomy":"product_brand","embeddable":true,"href":"https:\/\/www.customywear.com\/cs\/wp-json\/wp\/v2\/product_brand?post=128159"},{"taxonomy":"product_cat","embeddable":true,"href":"https:\/\/www.customywear.com\/cs\/wp-json\/wp\/v2\/product_cat?post=128159"},{"taxonomy":"product_tag","embeddable":true,"href":"https:\/\/www.customywear.com\/cs\/wp-json\/wp\/v2\/product_tag?post=128159"}],"curies":[{"name":"wp","href":"https:\/\/api.w.org\/{rel}","templated":true}]}}