{"id":128381,"date":"2025-03-25T13:57:04","date_gmt":"2025-03-25T13:57:04","guid":{"rendered":"https:\/\/www.customywear.com\/?post_type=product&#038;p=128381"},"modified":"2026-05-07T15:29:41","modified_gmt":"2026-05-07T15:29:41","slug":"divci-triko-nakladane-batole-na-zakazku","status":"publish","type":"product","link":"https:\/\/www.customywear.com\/cs\/custom-toddler-pickleball-tshirt-girls\/","title":{"rendered":"Zak\u00e1zkov\u00e9 batolec\u00ed tri\u010dko s motivem pickleballu pro d\u00edvky \u2013 personalizovan\u00fd design postavy hr\u00e1\u010de s fotografi\u00ed"},"content":{"rendered":"<p>Prom\u011b\u0148te fotografii va\u0161eho d\u00edt\u011bte v z\u00e1\u0159ivou a hravou postavi\u010dku hr\u00e1\u010de pickleballu s na\u0161\u00edm d\u00edv\u010d\u00edm tri\u010dkem s motivem pickleballu na zak\u00e1zku. Toto tri\u010dko je vyrobeno z m\u011bkk\u00e9 100% bavlny, je pohodln\u00e9 a odoln\u00e9 a ide\u00e1ln\u00ed pro aktivn\u00ed d\u011bti. Unik\u00e1tn\u00ed design je vytvo\u0159en pomoc\u00ed vysoce kvalitn\u00edho p\u0159\u00edm\u00e9ho potisku na od\u011bv, kter\u00fd zaji\u0161\u0165uje, \u017ee ka\u017ed\u00e9 tri\u010dko m\u00e1 \u017eiv\u00fd a trval\u00fd obr\u00e1zek. A\u0165 u\u017e je to k narozenin\u00e1m, V\u00e1noc\u016fm nebo jen tak pro z\u00e1bavu, toto personalizovan\u00e9 tri\u010dko je ide\u00e1ln\u00edm d\u00e1rkem pro mlad\u00e9 nad\u0161ence do pickleballu nebo za\u010d\u00ednaj\u00edc\u00ed hr\u00e1\u010de. Darujte sv\u00e9mu d\u00edt\u011bti jedine\u010dn\u00fd kousek oble\u010den\u00ed, kter\u00fd oslavuje jeho l\u00e1sku ke h\u0159e!<\/p>","protected":false},"excerpt":{"rendered":"<p>Za\u010dn\u011bte batolata na h\u0159i\u0161ti s vlastn\u00edm tri\u010dkem pro batole nakl\u00e1dan\u00e9 pro d\u00edvky. Personalizovan\u00e9 n\u00e1vrhy postav pro p\u0159ehr\u00e1va\u010d fotografi\u00ed prom\u011bn\u00ed jakoukoli fotografii v hrav\u00e1 tri\u010dka.<\/p>","protected":false},"featured_media":128666,"comment_status":"open","ping_status":"closed","template":"","meta":{"_acf_changed":false},"product_brand":[],"product_cat":[6207,6318,6412,6428],"product_tag":[6433,6439,6221],"class_list":{"0":"post-128381","1":"product","2":"type-product","3":"status-publish","4":"has-post-thumbnail","6":"product_cat-toddler-girl-t-shirts","7":"product_cat-custom-gifts-pickleball","8":"product_cat-photo-to-tees","9":"product_cat-translate-products","10":"product_tag-ai-artwork","11":"product_tag-ai-kids-artwork","12":"product_tag-custom-t-shirts-near-me","14":"first","15":"instock","16":"taxable","17":"shipping-taxable","18":"purchasable","19":"product-type-simple"},"acf":[],"wcpa_form_fields":null,"_links":{"self":[{"href":"https:\/\/www.customywear.com\/cs\/wp-json\/wp\/v2\/product\/128381","targetHints":{"allow":["GET"]}}],"collection":[{"href":"https:\/\/www.customywear.com\/cs\/wp-json\/wp\/v2\/product"}],"about":[{"href":"https:\/\/www.customywear.com\/cs\/wp-json\/wp\/v2\/types\/product"}],"replies":[{"embeddable":true,"href":"https:\/\/www.customywear.com\/cs\/wp-json\/wp\/v2\/comments?post=128381"}],"wp:featuredmedia":[{"embeddable":true,"href":"https:\/\/www.customywear.com\/cs\/wp-json\/wp\/v2\/media\/128666"}],"wp:attachment":[{"href":"https:\/\/www.customywear.com\/cs\/wp-json\/wp\/v2\/media?parent=128381"}],"wp:term":[{"taxonomy":"product_brand","embeddable":true,"href":"https:\/\/www.customywear.com\/cs\/wp-json\/wp\/v2\/product_brand?post=128381"},{"taxonomy":"product_cat","embeddable":true,"href":"https:\/\/www.customywear.com\/cs\/wp-json\/wp\/v2\/product_cat?post=128381"},{"taxonomy":"product_tag","embeddable":true,"href":"https:\/\/www.customywear.com\/cs\/wp-json\/wp\/v2\/product_tag?post=128381"}],"curies":[{"name":"wp","href":"https:\/\/api.w.org\/{rel}","templated":true}]}}