{"id":128392,"date":"2025-03-25T13:57:04","date_gmt":"2025-03-25T13:57:04","guid":{"rendered":"https:\/\/www.customywear.com\/?post_type=product&#038;p=128392"},"modified":"2026-05-07T15:29:41","modified_gmt":"2026-05-07T15:29:41","slug":"vlastni-batole-pickleball-tricko-chlapci","status":"publish","type":"product","link":"https:\/\/www.customywear.com\/cs\/custom-toddler-pickleball-tshirt-boys\/","title":{"rendered":"Tri\u010dko s motivem pickleballu pro batolata pro chlapce \u2013 personalizovan\u00fd design postavy hr\u00e1\u010de s fotografi\u00ed"},"content":{"rendered":"<p>Darujte sv\u00e9mu d\u00edt\u011bti jedine\u010dn\u00fd a z\u00e1bavn\u00fd d\u00e1rek v podob\u011b na\u0161eho chlapeck\u00e9ho tri\u010dka s motivem pickleballu na zak\u00e1zku! Vyfot\u00edme va\u0161e d\u00edt\u011b a prom\u011bn\u00edme ho v rozko\u0161nou personalizovanou postavi\u010dku hr\u00e1\u010de pickleballu, kter\u00e1 je ide\u00e1ln\u00ed pro ka\u017ed\u00e9ho mlad\u00e9ho nad\u0161ence do pickleballu. Toto tri\u010dko je vyrobeno z m\u011bkk\u00e9 100% bavlny pro prvot\u0159\u00eddn\u00ed pohodl\u00ed a odolnost a m\u00e1 vysoce kvalitn\u00ed potisk Direct-to-Garment (DTG), kter\u00fd zaji\u0161\u0165uje z\u00e1\u0159iv\u00e9 barvy a trvanliv\u00e9 designy. Toto jedine\u010dn\u00e9 tri\u010dko je ide\u00e1ln\u00ed k narozenin\u00e1m, V\u00e1noc\u016fm nebo jak\u00e9koli jin\u00e9 zvl\u00e1\u0161tn\u00ed p\u0159\u00edle\u017eitosti a jist\u011b vykouzl\u00ed \u00fasm\u011bv na tv\u00e1\u0159i a zah\u00e1j\u00ed konverzaci!<\/p>","protected":false},"excerpt":{"rendered":"<p>Zmocn\u011bte mlad\u00e9 chlapce na zak\u00e1zku batolec\u00edho tri\u010dka Pickleball. Personalizovan\u00e9 n\u00e1vrhy postav pro p\u0159ehr\u00e1va\u010d fotografi\u00ed prom\u011bn\u00ed jakoukoli fotografii v z\u00e1bavn\u00e1, jedine\u010dn\u00e1 tri\u010dka.<\/p>","protected":false},"featured_media":128654,"comment_status":"open","ping_status":"closed","template":"","meta":{"_acf_changed":false},"product_brand":[],"product_cat":[6209,6318,6412,6428],"product_tag":[6433,6439,6221],"class_list":{"0":"post-128392","1":"product","2":"type-product","3":"status-publish","4":"has-post-thumbnail","6":"product_cat-toddler-boy-t-shirts","7":"product_cat-custom-gifts-pickleball","8":"product_cat-photo-to-tees","9":"product_cat-translate-products","10":"product_tag-ai-artwork","11":"product_tag-ai-kids-artwork","12":"product_tag-custom-t-shirts-near-me","14":"first","15":"instock","16":"taxable","17":"shipping-taxable","18":"purchasable","19":"product-type-simple"},"acf":[],"wcpa_form_fields":null,"_links":{"self":[{"href":"https:\/\/www.customywear.com\/cs\/wp-json\/wp\/v2\/product\/128392","targetHints":{"allow":["GET"]}}],"collection":[{"href":"https:\/\/www.customywear.com\/cs\/wp-json\/wp\/v2\/product"}],"about":[{"href":"https:\/\/www.customywear.com\/cs\/wp-json\/wp\/v2\/types\/product"}],"replies":[{"embeddable":true,"href":"https:\/\/www.customywear.com\/cs\/wp-json\/wp\/v2\/comments?post=128392"}],"wp:featuredmedia":[{"embeddable":true,"href":"https:\/\/www.customywear.com\/cs\/wp-json\/wp\/v2\/media\/128654"}],"wp:attachment":[{"href":"https:\/\/www.customywear.com\/cs\/wp-json\/wp\/v2\/media?parent=128392"}],"wp:term":[{"taxonomy":"product_brand","embeddable":true,"href":"https:\/\/www.customywear.com\/cs\/wp-json\/wp\/v2\/product_brand?post=128392"},{"taxonomy":"product_cat","embeddable":true,"href":"https:\/\/www.customywear.com\/cs\/wp-json\/wp\/v2\/product_cat?post=128392"},{"taxonomy":"product_tag","embeddable":true,"href":"https:\/\/www.customywear.com\/cs\/wp-json\/wp\/v2\/product_tag?post=128392"}],"curies":[{"name":"wp","href":"https:\/\/api.w.org\/{rel}","templated":true}]}}