{"id":128439,"date":"2025-03-25T13:57:05","date_gmt":"2025-03-25T13:57:05","guid":{"rendered":"https:\/\/www.customywear.com\/?post_type=product&#038;p=128439"},"modified":"2026-05-07T15:29:41","modified_gmt":"2026-05-07T15:29:41","slug":"tricko-pickleball-divky-na-miru","status":"publish","type":"product","link":"https:\/\/www.customywear.com\/cs\/custom-pickleball-tshirt-girls\/","title":{"rendered":"Tri\u010dko s motivem pickleballu pro d\u00edvky na zak\u00e1zku \u2013 personalizovan\u00e1 fotografie pro n\u00e1vrh postavy hr\u00e1\u010de"},"content":{"rendered":"<p>Darujte z\u00e1bavu s na\u0161\u00edm tri\u010dkem s motivem pickleballu, kter\u00e9 je navr\u017eeno speci\u00e1ln\u011b pro mlad\u00e9 d\u00edvky! Vyfot\u00edme fotografii va\u0161eho d\u00edt\u011bte a prom\u011bn\u00edme ji v z\u00e1\u0159ivou, personalizovanou postavi\u010dku hr\u00e1\u010de pickleballu, kter\u00e1 vdechne \u017eivot jeho l\u00e1sce k tomuto sportu. Toto tri\u010dko pr\u00e9miov\u00e9 kvality, vyroben\u00e9 z m\u011bkk\u00e9 100% bavlny, je nejen odoln\u00e9 a dlouhotrvaj\u00edc\u00ed, ale tak\u00e9 se vyzna\u010duje vysoce kvalitn\u00edm potiskem Direct-to-Garment (DTG) pro z\u00e1\u0159iv\u00e9 a trval\u00e9 designy. Toto unik\u00e1tn\u00ed digit\u00e1ln\u00ed um\u011bleck\u00e9 d\u00edlo, vytvo\u0159en\u00e9 zku\u0161en\u00fdmi um\u011blci, je perfektn\u00edm d\u00e1rkem pro nad\u0161ence do pickleballu k jak\u00e9koli p\u0159\u00edle\u017eitosti, a\u0165 u\u017e se jedn\u00e1 o narozeniny, V\u00e1noce nebo speci\u00e1ln\u00ed oslavu.<\/p>","protected":false},"excerpt":{"rendered":"<p>Inspirujte d\u00edvky vlastn\u00edm tri\u010dkem Pickleball. Personalizovan\u00e9 n\u00e1vrhy postav pro hr\u00e1\u010de p\u0159em\u011b\u0148uj\u00ed jakoukoli fotografii na hrav\u00e9, jedine\u010dn\u00e9 tri\u010dko.<\/p>","protected":false},"featured_media":128633,"comment_status":"open","ping_status":"closed","template":"","meta":{"_acf_changed":false},"product_brand":[],"product_cat":[6193,6318,152,6412,6428,58],"product_tag":[6433,6439,6331,6221],"class_list":{"0":"post-128439","1":"product","2":"type-product","3":"status-publish","4":"has-post-thumbnail","6":"product_cat-girls-t-shirts","7":"product_cat-custom-gifts-pickleball","8":"product_cat-girls","9":"product_cat-photo-to-tees","10":"product_cat-translate-products","11":"product_cat-youth-kids","12":"product_tag-ai-artwork","13":"product_tag-ai-kids-artwork","14":"product_tag-custom-picture-t-shirt-for-girls","15":"product_tag-custom-t-shirts-near-me","17":"first","18":"instock","19":"taxable","20":"shipping-taxable","21":"purchasable","22":"product-type-simple"},"acf":[],"wcpa_form_fields":null,"_links":{"self":[{"href":"https:\/\/www.customywear.com\/cs\/wp-json\/wp\/v2\/product\/128439","targetHints":{"allow":["GET"]}}],"collection":[{"href":"https:\/\/www.customywear.com\/cs\/wp-json\/wp\/v2\/product"}],"about":[{"href":"https:\/\/www.customywear.com\/cs\/wp-json\/wp\/v2\/types\/product"}],"replies":[{"embeddable":true,"href":"https:\/\/www.customywear.com\/cs\/wp-json\/wp\/v2\/comments?post=128439"}],"wp:featuredmedia":[{"embeddable":true,"href":"https:\/\/www.customywear.com\/cs\/wp-json\/wp\/v2\/media\/128633"}],"wp:attachment":[{"href":"https:\/\/www.customywear.com\/cs\/wp-json\/wp\/v2\/media?parent=128439"}],"wp:term":[{"taxonomy":"product_brand","embeddable":true,"href":"https:\/\/www.customywear.com\/cs\/wp-json\/wp\/v2\/product_brand?post=128439"},{"taxonomy":"product_cat","embeddable":true,"href":"https:\/\/www.customywear.com\/cs\/wp-json\/wp\/v2\/product_cat?post=128439"},{"taxonomy":"product_tag","embeddable":true,"href":"https:\/\/www.customywear.com\/cs\/wp-json\/wp\/v2\/product_tag?post=128439"}],"curies":[{"name":"wp","href":"https:\/\/api.w.org\/{rel}","templated":true}]}}