{"id":128492,"date":"2025-03-25T13:57:05","date_gmt":"2025-03-25T13:57:05","guid":{"rendered":"https:\/\/www.customywear.com\/?post_type=product&#038;p=128492"},"modified":"2026-05-07T15:29:41","modified_gmt":"2026-05-07T15:29:41","slug":"chlapecke-tricko-s-motivem-pickleballu-na-zakazku","status":"publish","type":"product","link":"https:\/\/www.customywear.com\/cs\/custom-pickleball-tshirt-boys\/","title":{"rendered":"Vlastn\u00ed Pickleball T-Ko\u0161ile pro Kluky \u2013 Osobn\u00ed Photo Player Character Design"},"content":{"rendered":"<p>Toto unik\u00e1tn\u00ed tri\u010dko s motivem pickleballu na zak\u00e1zku je navr\u017eeno speci\u00e1ln\u011b pro mal\u00e9 chlapce, kte\u0159\u00ed miluj\u00ed tento sport! D\u00edky na\u0161im slu\u017eb\u00e1m prom\u011bn\u00edme fotografii va\u0161eho d\u00edt\u011bte v z\u00e1\u0159ivou postavi\u010dku hr\u00e1\u010de pickleballu v kreslen\u00e9m stylu, p\u0159ipravenou vyrazit na h\u0159i\u0161t\u011b. Toto tri\u010dko pr\u00e9miov\u00e9 kvality je vyrobeno z m\u011bkk\u00e9 100% bavlny a zaji\u0161\u0165uje pohodl\u00ed a odolnost p\u0159i celodenn\u00edm no\u0161en\u00ed. N\u00e1\u0161 vysoce kvalitn\u00ed DTG potisk zaru\u010duje, \u017ee z\u00e1\u0159iv\u00fd design vydr\u017e\u00ed, tak\u017ee je ide\u00e1ln\u00edm d\u00e1rkem k narozenin\u00e1m, V\u00e1noc\u016fm, svatb\u00e1m nebo jak\u00e9koli jin\u00e9 zvl\u00e1\u0161tn\u00ed p\u0159\u00edle\u017eitosti. Oslavte v\u00e1\u0161e\u0148 va\u0161eho d\u00edt\u011bte pro pickleball personalizovan\u00fdm potiskem, kter\u00fd skute\u010dn\u011b vynikne!<\/p>","protected":false},"excerpt":{"rendered":"<p>Zmocn\u011bte chlapce vlastn\u00edm tri\u010dkem Pickleball. Personalizovan\u00e9 n\u00e1vrhy postav p\u0159ehr\u00e1va\u010de fotografi\u00ed prom\u011bn\u00ed jakoukoli fotografii v odv\u00e1\u017en\u00e9, jedine\u010dn\u00e9 tri\u010dko.<\/p>","protected":false},"featured_media":128612,"comment_status":"open","ping_status":"closed","template":"","meta":{"_acf_changed":false},"product_brand":[],"product_cat":[6189,6318,6412,6428],"product_tag":[6433,6439,6221,6330],"class_list":{"0":"post-128492","1":"product","2":"type-product","3":"status-publish","4":"has-post-thumbnail","6":"product_cat-boys-t-shirts","7":"product_cat-custom-gifts-pickleball","8":"product_cat-photo-to-tees","9":"product_cat-translate-products","10":"product_tag-ai-artwork","11":"product_tag-ai-kids-artwork","12":"product_tag-custom-t-shirts-near-me","13":"product_tag-photo-print-t-shirt-for-boys","15":"first","16":"instock","17":"taxable","18":"shipping-taxable","19":"purchasable","20":"product-type-simple"},"acf":[],"wcpa_form_fields":null,"_links":{"self":[{"href":"https:\/\/www.customywear.com\/cs\/wp-json\/wp\/v2\/product\/128492","targetHints":{"allow":["GET"]}}],"collection":[{"href":"https:\/\/www.customywear.com\/cs\/wp-json\/wp\/v2\/product"}],"about":[{"href":"https:\/\/www.customywear.com\/cs\/wp-json\/wp\/v2\/types\/product"}],"replies":[{"embeddable":true,"href":"https:\/\/www.customywear.com\/cs\/wp-json\/wp\/v2\/comments?post=128492"}],"wp:featuredmedia":[{"embeddable":true,"href":"https:\/\/www.customywear.com\/cs\/wp-json\/wp\/v2\/media\/128612"}],"wp:attachment":[{"href":"https:\/\/www.customywear.com\/cs\/wp-json\/wp\/v2\/media?parent=128492"}],"wp:term":[{"taxonomy":"product_brand","embeddable":true,"href":"https:\/\/www.customywear.com\/cs\/wp-json\/wp\/v2\/product_brand?post=128492"},{"taxonomy":"product_cat","embeddable":true,"href":"https:\/\/www.customywear.com\/cs\/wp-json\/wp\/v2\/product_cat?post=128492"},{"taxonomy":"product_tag","embeddable":true,"href":"https:\/\/www.customywear.com\/cs\/wp-json\/wp\/v2\/product_tag?post=128492"}],"curies":[{"name":"wp","href":"https:\/\/api.w.org\/{rel}","templated":true}]}}