{"id":128509,"date":"2025-03-25T13:57:06","date_gmt":"2025-03-25T13:57:06","guid":{"rendered":"https:\/\/www.customywear.com\/?post_type=product&#038;p=128509"},"modified":"2026-05-05T20:23:26","modified_gmt":"2026-05-05T20:23:26","slug":"tricko-hracka-pickleball-na-miru","status":"publish","type":"product","link":"https:\/\/www.customywear.com\/cs\/custom-pickleball-player-tshirt-women\/","title":{"rendered":"Vlastn\u00ed Pickleball P\u0159ehr\u00e1va\u010d T-Shirt pro \u017deny \u2013 Osobn\u00ed Fotografie, Design Charakteru"},"content":{"rendered":"<p>Oslavte svou l\u00e1sku k pickleballu s na\u0161\u00edm tri\u010dkem s n\u00e1pisem pickleball, kter\u00e9 je navr\u017eeno speci\u00e1ln\u011b pro \u017eeny. Vezmeme va\u0161i obl\u00edbenou fotografii a p\u0159evedeme ji do z\u00e1\u0159iv\u00e9 postavy hr\u00e1\u010de pickleballu, d\u00edky \u010demu\u017e se budete c\u00edtit jako na h\u0159i\u0161ti. Toto tri\u010dko pr\u00e9miov\u00e9 kvality, vyroben\u00e9 z m\u011bkk\u00e9 100% bavlny, je odoln\u00e9 i pohodln\u00e9. N\u00e1\u0161 vysoce kvalitn\u00ed potisk p\u0159\u00edmo na od\u011bv zaji\u0161\u0165uje, \u017ee v\u00e1\u0161 jedine\u010dn\u00fd design bude \u017eiv\u00fd a dlouhotrvaj\u00edc\u00ed, tak\u017ee se stane vynikaj\u00edc\u00edm d\u00e1rkem pro ka\u017edou p\u0159\u00edle\u017eitost \u2013 a\u0165 u\u017e jsou to narozeniny, V\u00e1noce nebo svatba. Uka\u017ete svou v\u00e1\u0161e\u0148 pro hru personalizovan\u00fdm zp\u016fsobem, kter\u00fd odr\u00e1\u017e\u00ed va\u0161eho ducha!<\/p>","protected":false},"excerpt":{"rendered":"<p>Hrajte stylov\u011b s vlastn\u00edm tri\u010dkem Pickleball Player pro \u017eeny. Personalizovan\u00e9 n\u00e1vrhy fotografick\u00fdch postav prom\u011bn\u00ed jakoukoli fotografii v z\u00e1bavn\u00e9, jedine\u010dn\u00e9 tri\u010dko.<\/p>","protected":false},"featured_media":128560,"comment_status":"open","ping_status":"closed","template":"","meta":{"_acf_changed":false},"product_brand":[],"product_cat":[6191,6318,6412,6428,75,6352],"product_tag":[6214,6433,6328,229,6215],"class_list":{"0":"post-128509","1":"product","2":"type-product","3":"status-publish","4":"has-post-thumbnail","6":"product_cat-t-shirts-women","7":"product_cat-custom-gifts-pickleball","8":"product_cat-photo-to-tees","9":"product_cat-translate-products","10":"product_cat-women","11":"product_cat-womens-sports-t-shirts","12":"product_tag-affordable-custom-t-shirts","13":"product_tag-ai-artwork","14":"product_tag-custom-image-t-shirt-for-women","15":"product_tag-custom-tee-shirts","16":"product_tag-screen-printing-near-me","18":"first","19":"instock","20":"taxable","21":"shipping-taxable","22":"purchasable","23":"product-type-simple"},"acf":[],"wcpa_form_fields":null,"_links":{"self":[{"href":"https:\/\/www.customywear.com\/cs\/wp-json\/wp\/v2\/product\/128509","targetHints":{"allow":["GET"]}}],"collection":[{"href":"https:\/\/www.customywear.com\/cs\/wp-json\/wp\/v2\/product"}],"about":[{"href":"https:\/\/www.customywear.com\/cs\/wp-json\/wp\/v2\/types\/product"}],"replies":[{"embeddable":true,"href":"https:\/\/www.customywear.com\/cs\/wp-json\/wp\/v2\/comments?post=128509"}],"wp:featuredmedia":[{"embeddable":true,"href":"https:\/\/www.customywear.com\/cs\/wp-json\/wp\/v2\/media\/128560"}],"wp:attachment":[{"href":"https:\/\/www.customywear.com\/cs\/wp-json\/wp\/v2\/media?parent=128509"}],"wp:term":[{"taxonomy":"product_brand","embeddable":true,"href":"https:\/\/www.customywear.com\/cs\/wp-json\/wp\/v2\/product_brand?post=128509"},{"taxonomy":"product_cat","embeddable":true,"href":"https:\/\/www.customywear.com\/cs\/wp-json\/wp\/v2\/product_cat?post=128509"},{"taxonomy":"product_tag","embeddable":true,"href":"https:\/\/www.customywear.com\/cs\/wp-json\/wp\/v2\/product_tag?post=128509"}],"curies":[{"name":"wp","href":"https:\/\/api.w.org\/{rel}","templated":true}]}}