{"id":128710,"date":"2025-03-27T20:32:28","date_gmt":"2025-03-27T20:32:28","guid":{"rendered":"https:\/\/www.customywear.com\/?post_type=product&#038;p=128710"},"modified":"2026-05-07T15:29:41","modified_gmt":"2026-05-07T15:29:41","slug":"divci-golfove-tricko-pro-batole-na-zakazku","status":"publish","type":"product","link":"https:\/\/www.customywear.com\/cs\/custom-toddler-girls-golf-tshirt\/","title":{"rendered":"D\u00edv\u010d\u00ed golfov\u00e9 tri\u010dko na m\u00edru pro batolata \u2013 personalizovan\u00fd design pro golfisty dle fotografie"},"content":{"rendered":"<p>P\u0159edstavujeme na\u0161e unik\u00e1tn\u00ed d\u00edv\u010d\u00ed golfov\u00e9 tri\u010dko na m\u00edru, kde se fotografie va\u0161eho d\u00edt\u011bte prom\u011bn\u00ed v okouzluj\u00edc\u00ed postavi\u010dky golfist\u016f a vdechne \u017eivot \u017eiv\u00e9mu a um\u011bleck\u00e9mu golfov\u00e9mu h\u0159i\u0161ti. Toto tri\u010dko pr\u00e9miov\u00e9 kvality, vyroben\u00e9 z m\u011bkk\u00e9 100% bavlny, je nejen odoln\u00e9, ale i pohodln\u00e9 pro va\u0161eho mal\u00e9ho sportovce. Ka\u017ed\u00fd design je vyroben s vysoce kvalitn\u00edm DTG potiskem, kter\u00fd zaji\u0161\u0165uje z\u00e1\u0159iv\u00e9 a trval\u00e9 vizu\u00e1ly, je\u017e zachycuj\u00ed podstatu osobnosti va\u0161eho d\u00edt\u011bte. Tento personalizovan\u00fd a jedine\u010dn\u00fd d\u00e1rek je ide\u00e1ln\u00ed pro ka\u017edou p\u0159\u00edle\u017eitost \u2013 a\u0165 u\u017e jsou to narozeniny, V\u00e1noce nebo svatba \u2013 a je ide\u00e1ln\u00ed pro mlad\u00e9 milovn\u00edky sportu i za\u010d\u00ednaj\u00edc\u00ed hr\u00e1\u010de.<\/p>","protected":false},"excerpt":{"rendered":"<p>Ude\u0159te do greenu s vlastn\u00edm golfov\u00fdm tri\u010dkem pro batolata. Personalizovan\u00e9 n\u00e1vrhy golfov\u00fdch hr\u00e1\u010d\u016f z fotografi\u00ed prom\u011bn\u00ed jakoukoli fotografii v hrav\u00e1, jedine\u010dn\u00e1 odpali\u0161t\u011b.<\/p>","protected":false},"featured_media":128976,"comment_status":"open","ping_status":"closed","template":"","meta":{"_acf_changed":false},"product_brand":[],"product_cat":[6207,6319,6412,6428],"product_tag":[6433,6439,6221],"class_list":{"0":"post-128710","1":"product","2":"type-product","3":"status-publish","4":"has-post-thumbnail","6":"product_cat-toddler-girl-t-shirts","7":"product_cat-custom-gifts-ai-golf","8":"product_cat-photo-to-tees","9":"product_cat-translate-products","10":"product_tag-ai-artwork","11":"product_tag-ai-kids-artwork","12":"product_tag-custom-t-shirts-near-me","14":"first","15":"instock","16":"taxable","17":"shipping-taxable","18":"purchasable","19":"product-type-simple"},"acf":[],"wcpa_form_fields":null,"_links":{"self":[{"href":"https:\/\/www.customywear.com\/cs\/wp-json\/wp\/v2\/product\/128710","targetHints":{"allow":["GET"]}}],"collection":[{"href":"https:\/\/www.customywear.com\/cs\/wp-json\/wp\/v2\/product"}],"about":[{"href":"https:\/\/www.customywear.com\/cs\/wp-json\/wp\/v2\/types\/product"}],"replies":[{"embeddable":true,"href":"https:\/\/www.customywear.com\/cs\/wp-json\/wp\/v2\/comments?post=128710"}],"wp:featuredmedia":[{"embeddable":true,"href":"https:\/\/www.customywear.com\/cs\/wp-json\/wp\/v2\/media\/128976"}],"wp:attachment":[{"href":"https:\/\/www.customywear.com\/cs\/wp-json\/wp\/v2\/media?parent=128710"}],"wp:term":[{"taxonomy":"product_brand","embeddable":true,"href":"https:\/\/www.customywear.com\/cs\/wp-json\/wp\/v2\/product_brand?post=128710"},{"taxonomy":"product_cat","embeddable":true,"href":"https:\/\/www.customywear.com\/cs\/wp-json\/wp\/v2\/product_cat?post=128710"},{"taxonomy":"product_tag","embeddable":true,"href":"https:\/\/www.customywear.com\/cs\/wp-json\/wp\/v2\/product_tag?post=128710"}],"curies":[{"name":"wp","href":"https:\/\/api.w.org\/{rel}","templated":true}]}}