{"id":128721,"date":"2025-03-27T20:32:28","date_gmt":"2025-03-27T20:32:28","guid":{"rendered":"https:\/\/www.customywear.com\/?post_type=product&#038;p=128721"},"modified":"2026-05-07T15:29:41","modified_gmt":"2026-05-07T15:29:41","slug":"divci-golfove-tricko-na-zakazku","status":"publish","type":"product","link":"https:\/\/www.customywear.com\/cs\/custom-girls-golf-tshirt\/","title":{"rendered":"D\u00edv\u010d\u00ed golfov\u00e9 tri\u010dko na m\u00edru \u2013 personalizovan\u00fd design pro golfisty dle fotografie"},"content":{"rendered":"<p>Pozvedn\u011bte styl sv\u00e9ho mlad\u00e9ho golfisty s na\u0161\u00edm golfov\u00fdm tri\u010dkem na m\u00edru, kter\u00e9 je navr\u017eeno exkluzivn\u011b pro d\u00edvky. Ka\u017ed\u00e9 tri\u010dko se vyzna\u010duje z\u00e1\u0159iv\u00fdm, personalizovan\u00fdm digit\u00e1ln\u00edm um\u011bleck\u00fdm designem, kter\u00fd prom\u011bn\u00ed fotografie va\u0161ich d\u011bt\u00ed v podmaniv\u00e9 postavi\u010dky golfist\u016f, dokonale zasazen\u00e9 do barevn\u00e9ho pozad\u00ed golfov\u00e9ho h\u0159i\u0161t\u011b. Toto m\u011bkk\u00e9 a odoln\u00e9 tri\u010dko, vyroben\u00e9 ze 100% pr\u00e9miov\u00e9 bavlny, zaji\u0161\u0165uje pohodl\u00ed a z\u00e1rove\u0148 p\u0159edv\u00e1d\u00ed jedine\u010dn\u00e9 um\u011bn\u00ed. Toto tri\u010dko je ide\u00e1ln\u00ed k narozenin\u00e1m, V\u00e1noc\u016fm nebo jak\u00e9koli zvl\u00e1\u0161tn\u00ed p\u0159\u00edle\u017eitosti a je perfektn\u00edm d\u00e1rkem pro mlad\u00e9 sportovn\u00ed nad\u0161ence, kte\u0159\u00ed cht\u011bj\u00ed vyj\u00e1d\u0159it svou l\u00e1sku ke golfu.<\/p>","protected":false},"excerpt":{"rendered":"<p>Inspirujte mlad\u00e9 d\u00edvky s vlastn\u00edm d\u00edv\u010d\u00edm golfov\u00fdm tri\u010dkem. Personalizovan\u00e9 n\u00e1vrhy golfov\u00fdch hr\u00e1\u010d\u016f z fotografi\u00ed prom\u011bn\u00ed jakoukoli fotografii do jedine\u010dn\u00e9ho tri\u010dka.<\/p>","protected":false},"featured_media":128955,"comment_status":"open","ping_status":"closed","template":"","meta":{"_acf_changed":false},"product_brand":[],"product_cat":[6193,6319,152,6412,6428,58],"product_tag":[6433,6439,6331,6221],"class_list":{"0":"post-128721","1":"product","2":"type-product","3":"status-publish","4":"has-post-thumbnail","6":"product_cat-girls-t-shirts","7":"product_cat-custom-gifts-ai-golf","8":"product_cat-girls","9":"product_cat-photo-to-tees","10":"product_cat-translate-products","11":"product_cat-youth-kids","12":"product_tag-ai-artwork","13":"product_tag-ai-kids-artwork","14":"product_tag-custom-picture-t-shirt-for-girls","15":"product_tag-custom-t-shirts-near-me","17":"first","18":"instock","19":"taxable","20":"shipping-taxable","21":"purchasable","22":"product-type-simple"},"acf":[],"wcpa_form_fields":null,"_links":{"self":[{"href":"https:\/\/www.customywear.com\/cs\/wp-json\/wp\/v2\/product\/128721","targetHints":{"allow":["GET"]}}],"collection":[{"href":"https:\/\/www.customywear.com\/cs\/wp-json\/wp\/v2\/product"}],"about":[{"href":"https:\/\/www.customywear.com\/cs\/wp-json\/wp\/v2\/types\/product"}],"replies":[{"embeddable":true,"href":"https:\/\/www.customywear.com\/cs\/wp-json\/wp\/v2\/comments?post=128721"}],"wp:featuredmedia":[{"embeddable":true,"href":"https:\/\/www.customywear.com\/cs\/wp-json\/wp\/v2\/media\/128955"}],"wp:attachment":[{"href":"https:\/\/www.customywear.com\/cs\/wp-json\/wp\/v2\/media?parent=128721"}],"wp:term":[{"taxonomy":"product_brand","embeddable":true,"href":"https:\/\/www.customywear.com\/cs\/wp-json\/wp\/v2\/product_brand?post=128721"},{"taxonomy":"product_cat","embeddable":true,"href":"https:\/\/www.customywear.com\/cs\/wp-json\/wp\/v2\/product_cat?post=128721"},{"taxonomy":"product_tag","embeddable":true,"href":"https:\/\/www.customywear.com\/cs\/wp-json\/wp\/v2\/product_tag?post=128721"}],"curies":[{"name":"wp","href":"https:\/\/api.w.org\/{rel}","templated":true}]}}