{"id":128755,"date":"2025-03-27T20:32:28","date_gmt":"2025-03-27T20:32:28","guid":{"rendered":"https:\/\/www.customywear.com\/?post_type=product&#038;p=128755"},"modified":"2026-05-07T15:29:41","modified_gmt":"2026-05-07T15:29:41","slug":"chlapecke-golfove-tricko-na-zakazku","status":"publish","type":"product","link":"https:\/\/www.customywear.com\/cs\/custom-toddler-boys-golf-tshirt\/","title":{"rendered":"Golfov\u00e9 tri\u010dko pro batolata a chlapce na m\u00edru \u2013 personalizovan\u00fd design pro golfisty z fotografie"},"content":{"rendered":"<p>Oslavte sv\u00e9ho mal\u00e9ho golfistu na\u0161\u00edm jedine\u010dn\u00fdm golfov\u00fdm tri\u010dkem pro batolata a chlapce na m\u00edru! Fotografie va\u0161eho d\u00edt\u011bte digit\u00e1ln\u011b p\u0159em\u011bn\u00edme v rozko\u0161n\u00e9 postavi\u010dky golfist\u016f a vdechneme jim \u017eivot na z\u00e1\u0159iv\u00e9m, um\u011bleck\u00e9m pozad\u00ed golfov\u00e9ho h\u0159i\u0161t\u011b. Toto tri\u010dko pr\u00e9miov\u00e9 kvality, vyroben\u00e9 z m\u011bkk\u00e9 100% bavlny, je nejen pohodln\u00e9, ale tak\u00e9 odoln\u00e9 pro aktivn\u00ed hran\u00ed. N\u00e1\u0161 vysoce kvalitn\u00ed DTG potisk zaji\u0161\u0165uje, \u017ee z\u00e1\u0159iv\u00e9 vzory vydr\u017e\u00ed nespo\u010det pran\u00ed. Toto personalizovan\u00e9 tri\u010dko je nezapomenuteln\u00fdm d\u00e1rkem pro sportovn\u00ed nad\u0161ence a je ide\u00e1ln\u00ed pro ka\u017edou p\u0159\u00edle\u017eitost \u2013 narozeniny, V\u00e1noce nebo svatby! Darujte sv\u00e9mu d\u00edt\u011bti golf stylov\u00fdm a z\u00e1bavn\u00fdm zp\u016fsobem!<\/p>","protected":false},"excerpt":{"rendered":"<p>Odpalte brzy s vlastn\u00edm golfov\u00fdm tri\u010dkem pro batolata. Personalizovan\u00e9 n\u00e1vrhy golfov\u00fdch hr\u00e1\u010d\u016f z fotografi\u00ed prom\u011bn\u00ed fotografii ka\u017ed\u00e9ho mal\u00e9ho golfisty v hrav\u00e9, jedine\u010dn\u00e9 tri\u010dko.<\/p>","protected":false},"featured_media":128989,"comment_status":"open","ping_status":"closed","template":"","meta":{"_acf_changed":false},"product_brand":[],"product_cat":[6209,6319,6412,6428],"product_tag":[6433,6439,6221],"class_list":{"0":"post-128755","1":"product","2":"type-product","3":"status-publish","4":"has-post-thumbnail","6":"product_cat-toddler-boy-t-shirts","7":"product_cat-custom-gifts-ai-golf","8":"product_cat-photo-to-tees","9":"product_cat-translate-products","10":"product_tag-ai-artwork","11":"product_tag-ai-kids-artwork","12":"product_tag-custom-t-shirts-near-me","14":"first","15":"instock","16":"taxable","17":"shipping-taxable","18":"purchasable","19":"product-type-simple"},"acf":[],"wcpa_form_fields":null,"_links":{"self":[{"href":"https:\/\/www.customywear.com\/cs\/wp-json\/wp\/v2\/product\/128755","targetHints":{"allow":["GET"]}}],"collection":[{"href":"https:\/\/www.customywear.com\/cs\/wp-json\/wp\/v2\/product"}],"about":[{"href":"https:\/\/www.customywear.com\/cs\/wp-json\/wp\/v2\/types\/product"}],"replies":[{"embeddable":true,"href":"https:\/\/www.customywear.com\/cs\/wp-json\/wp\/v2\/comments?post=128755"}],"wp:featuredmedia":[{"embeddable":true,"href":"https:\/\/www.customywear.com\/cs\/wp-json\/wp\/v2\/media\/128989"}],"wp:attachment":[{"href":"https:\/\/www.customywear.com\/cs\/wp-json\/wp\/v2\/media?parent=128755"}],"wp:term":[{"taxonomy":"product_brand","embeddable":true,"href":"https:\/\/www.customywear.com\/cs\/wp-json\/wp\/v2\/product_brand?post=128755"},{"taxonomy":"product_cat","embeddable":true,"href":"https:\/\/www.customywear.com\/cs\/wp-json\/wp\/v2\/product_cat?post=128755"},{"taxonomy":"product_tag","embeddable":true,"href":"https:\/\/www.customywear.com\/cs\/wp-json\/wp\/v2\/product_tag?post=128755"}],"curies":[{"name":"wp","href":"https:\/\/api.w.org\/{rel}","templated":true}]}}