{"id":128802,"date":"2025-03-27T20:32:29","date_gmt":"2025-03-27T20:32:29","guid":{"rendered":"https:\/\/www.customywear.com\/?post_type=product&#038;p=128802"},"modified":"2026-05-05T20:23:26","modified_gmt":"2026-05-05T20:23:26","slug":"damske-golfove-tricko-na-miru","status":"publish","type":"product","link":"https:\/\/www.customywear.com\/cs\/custom-golf-tshirt-women-personalized\/","title":{"rendered":"Vlastn\u00ed Golfov\u00e9 Tri\u010dko pro \u017deny \u2013 Osobn\u00ed Photo Art, 100% Bavlna Sportovn\u00ed Tri\u010dko"},"content":{"rendered":"<p>Posu\u0148te sv\u016fj golfov\u00fd z\u00e1\u017eitek na vy\u0161\u0161\u00ed \u00farove\u0148 s na\u0161\u00edm d\u00e1msk\u00fdm golfov\u00fdm tri\u010dkem na m\u00edru. Va\u0161i milovanou fotografii prom\u011bn\u00edme v z\u00e1\u0159ivou a um\u011bleckou postavu golfisty na pozad\u00ed barevn\u00e9ho golfov\u00e9ho h\u0159i\u0161t\u011b. Toto tri\u010dko pr\u00e9miov\u00e9 kvality, vyroben\u00e9 ze 100% m\u011bkk\u00e9 bavlny, je odoln\u00e9 i pohodln\u00e9 a ide\u00e1ln\u00ed pro sportovn\u00ed nad\u0161ence. Vysoce kvalitn\u00ed potisk p\u0159\u00edmo na od\u011bv (DTG) zaji\u0161\u0165uje, \u017ee v\u00e1\u0161 personalizovan\u00fd design bude z\u00e1\u0159iv\u00fd a dlouhotrvaj\u00edc\u00ed. A\u0165 u\u017e je to k narozenin\u00e1m, V\u00e1noc\u016fm nebo svatb\u011b, toto jedine\u010dn\u00e9 tri\u010dko je promy\u0161len\u00fdm d\u00e1rkem pro milovn\u00edky i hr\u00e1\u010de golfu a dod\u00e1 ka\u017ed\u00e9 p\u0159\u00edle\u017eitosti osobn\u00ed n\u00e1dech.<\/p>","protected":false},"excerpt":{"rendered":"<p>Swing in Style s vlastn\u00edm golfov\u00fdm tri\u010dkem pro \u017eeny. Personalizovan\u00e9 fotografick\u00e9 um\u011bn\u00ed na sportovn\u00edch tri\u010dk\u00e1ch ze 100% bavlny prom\u011bn\u00ed jakoukoli fotografii ve sportovn\u00ed, jedine\u010dn\u00e9 tri\u010dko.<\/p>","protected":false},"featured_media":128882,"comment_status":"open","ping_status":"closed","template":"","meta":{"_acf_changed":false},"product_brand":[],"product_cat":[6191,6319,6412,6428,75,6352],"product_tag":[6214,6433,6328,229,6215],"class_list":{"0":"post-128802","1":"product","2":"type-product","3":"status-publish","4":"has-post-thumbnail","6":"product_cat-t-shirts-women","7":"product_cat-custom-gifts-ai-golf","8":"product_cat-photo-to-tees","9":"product_cat-translate-products","10":"product_cat-women","11":"product_cat-womens-sports-t-shirts","12":"product_tag-affordable-custom-t-shirts","13":"product_tag-ai-artwork","14":"product_tag-custom-image-t-shirt-for-women","15":"product_tag-custom-tee-shirts","16":"product_tag-screen-printing-near-me","18":"first","19":"instock","20":"taxable","21":"shipping-taxable","22":"purchasable","23":"product-type-simple"},"acf":[],"wcpa_form_fields":null,"_links":{"self":[{"href":"https:\/\/www.customywear.com\/cs\/wp-json\/wp\/v2\/product\/128802","targetHints":{"allow":["GET"]}}],"collection":[{"href":"https:\/\/www.customywear.com\/cs\/wp-json\/wp\/v2\/product"}],"about":[{"href":"https:\/\/www.customywear.com\/cs\/wp-json\/wp\/v2\/types\/product"}],"replies":[{"embeddable":true,"href":"https:\/\/www.customywear.com\/cs\/wp-json\/wp\/v2\/comments?post=128802"}],"wp:featuredmedia":[{"embeddable":true,"href":"https:\/\/www.customywear.com\/cs\/wp-json\/wp\/v2\/media\/128882"}],"wp:attachment":[{"href":"https:\/\/www.customywear.com\/cs\/wp-json\/wp\/v2\/media?parent=128802"}],"wp:term":[{"taxonomy":"product_brand","embeddable":true,"href":"https:\/\/www.customywear.com\/cs\/wp-json\/wp\/v2\/product_brand?post=128802"},{"taxonomy":"product_cat","embeddable":true,"href":"https:\/\/www.customywear.com\/cs\/wp-json\/wp\/v2\/product_cat?post=128802"},{"taxonomy":"product_tag","embeddable":true,"href":"https:\/\/www.customywear.com\/cs\/wp-json\/wp\/v2\/product_tag?post=128802"}],"curies":[{"name":"wp","href":"https:\/\/api.w.org\/{rel}","templated":true}]}}