{"id":128831,"date":"2025-03-27T20:32:29","date_gmt":"2025-03-27T20:32:29","guid":{"rendered":"https:\/\/www.customywear.com\/?post_type=product&#038;p=128831"},"modified":"2026-05-05T20:24:06","modified_gmt":"2026-05-05T20:24:06","slug":"personalizovane-golfove-tricko-pro-muze","status":"publish","type":"product","link":"https:\/\/www.customywear.com\/cs\/custom-golf-tshirt-men-personalized\/","title":{"rendered":"Vlastn\u00ed Golfov\u00e9 Tri\u010dko pro Mu\u017ee \u2013 Osobn\u00ed Photo Art, 100% Bavlna Sportovn\u00ed Tri\u010dko"},"content":{"rendered":"<p>Za\u017eijte spojen\u00ed sportu a um\u011bn\u00ed s na\u0161\u00edm p\u00e1nsk\u00fdm golfov\u00fdm tri\u010dkem na m\u00edru. Toto jedine\u010dn\u00e9 tri\u010dko se vyzna\u010duje z\u00e1\u0159iv\u00fdm, personalizovan\u00fdm motivem vytvo\u0159en\u00fdm z va\u0161\u00ed vlastn\u00ed fotografie, kter\u00fd zachycuje va\u0161eho golfov\u00e9ho ducha v barevn\u00e9m prost\u0159ed\u00ed h\u0159i\u0161t\u011b. Vyrobeno z m\u011bkk\u00e9 100% bavlny, nab\u00edz\u00ed prvot\u0159\u00eddn\u00ed kvalitu a odolnost pro ka\u017edodenn\u00ed no\u0161en\u00ed. N\u00e1\u0161 vysoce kvalitn\u00ed p\u0159\u00edm\u00fd potisk na od\u011bv zaji\u0161\u0165uje, \u017ee ka\u017ed\u00fd design z\u016fstane z\u00e1\u0159iv\u00fd a dlouhotrvaj\u00edc\u00ed. Ide\u00e1ln\u00ed jako promy\u0161len\u00fd d\u00e1rek k narozenin\u00e1m, V\u00e1noc\u016fm, svatb\u00e1m nebo k jak\u00e9koli zvl\u00e1\u0161tn\u00ed p\u0159\u00edle\u017eitosti pro sportovn\u00edho nad\u0161ence ve va\u0161em \u017eivot\u011b!<\/p>","protected":false},"excerpt":{"rendered":"<p>Hrajte v pohodl\u00ed s golfov\u00fdm tri\u010dkem na m\u00edru pro mu\u017ee. Personalizovan\u00e9 fotografick\u00e9 um\u011bn\u00ed na sportovn\u00edch tri\u010dk\u00e1ch ze 100% bavlny prom\u011bn\u00ed jakoukoli fotografii na odv\u00e1\u017en\u00e9, jedine\u010dn\u00e9 tri\u010dko.<\/p>","protected":false},"featured_media":128861,"comment_status":"open","ping_status":"closed","template":"","meta":{"_acf_changed":false},"product_brand":[],"product_cat":[6195,6319,186,6339,6412,6428],"product_tag":[6433,6327,6216],"class_list":{"0":"post-128831","1":"product","2":"type-product","3":"status-publish","4":"has-post-thumbnail","6":"product_cat-t-shirts-men","7":"product_cat-custom-gifts-ai-golf","8":"product_cat-men","9":"product_cat-mens-sports-t-shirts","10":"product_cat-photo-to-tees","11":"product_cat-translate-products","12":"product_tag-ai-artwork","13":"product_tag-custom-photo-t-shirt-for-men","14":"product_tag-mens-custom-t-shirts","16":"first","17":"instock","18":"taxable","19":"shipping-taxable","20":"purchasable","21":"product-type-simple"},"acf":[],"wcpa_form_fields":null,"_links":{"self":[{"href":"https:\/\/www.customywear.com\/cs\/wp-json\/wp\/v2\/product\/128831","targetHints":{"allow":["GET"]}}],"collection":[{"href":"https:\/\/www.customywear.com\/cs\/wp-json\/wp\/v2\/product"}],"about":[{"href":"https:\/\/www.customywear.com\/cs\/wp-json\/wp\/v2\/types\/product"}],"replies":[{"embeddable":true,"href":"https:\/\/www.customywear.com\/cs\/wp-json\/wp\/v2\/comments?post=128831"}],"wp:featuredmedia":[{"embeddable":true,"href":"https:\/\/www.customywear.com\/cs\/wp-json\/wp\/v2\/media\/128861"}],"wp:attachment":[{"href":"https:\/\/www.customywear.com\/cs\/wp-json\/wp\/v2\/media?parent=128831"}],"wp:term":[{"taxonomy":"product_brand","embeddable":true,"href":"https:\/\/www.customywear.com\/cs\/wp-json\/wp\/v2\/product_brand?post=128831"},{"taxonomy":"product_cat","embeddable":true,"href":"https:\/\/www.customywear.com\/cs\/wp-json\/wp\/v2\/product_cat?post=128831"},{"taxonomy":"product_tag","embeddable":true,"href":"https:\/\/www.customywear.com\/cs\/wp-json\/wp\/v2\/product_tag?post=128831"}],"curies":[{"name":"wp","href":"https:\/\/api.w.org\/{rel}","templated":true}]}}