{"id":129062,"date":"2025-03-29T13:55:41","date_gmt":"2025-03-29T13:55:41","guid":{"rendered":"https:\/\/www.customywear.com\/?post_type=product&#038;p=129062"},"modified":"2026-05-07T15:29:32","modified_gmt":"2026-05-07T15:29:32","slug":"tricko-male-deti-francouzsky-motiv-osobni","status":"publish","type":"product","link":"https:\/\/www.customywear.com\/cs\/custom-french-themed-tshirt-toddlers\/","title":{"rendered":"Tri\u010dko s francouzskou t\u00e9matikou pro batolata na zak\u00e1zku \u2013 personalizovan\u00e9 tri\u010dko s postavi\u010dkou a fotografi\u00ed"},"content":{"rendered":"<p>Prom\u011b\u0148te sv\u00e9 batole v okouzluj\u00edc\u00edho mal\u00e9ho francouzsk\u00e9ho ob\u010dana s na\u0161\u00edm tri\u010dkem na m\u00edru! Tento jedine\u010dn\u00fd produkt obsahuje digit\u00e1ln\u011b vytvo\u0159en\u00fd obr\u00e1zek va\u0161eho d\u00edt\u011bte oble\u010den\u00e9ho v z\u00e1\u0159iv\u00fdch barv\u00e1ch francouzsk\u00e9 vlajky na um\u011bleck\u00e9m a barevn\u00e9m pozad\u00ed inspirovan\u00e9m Franci\u00ed. Toto tri\u010dko pr\u00e9miov\u00e9 kvality, vyroben\u00e9 z m\u011bkk\u00e9 100% bavlny, zaji\u0161\u0165uje pohodl\u00ed a n\u00e1\u0161 vysoce kvalitn\u00ed DTG potisk zaru\u010duje, \u017ee z\u00e1\u0159iv\u00fd design vydr\u017e\u00ed. Toto personalizovan\u00e9 tri\u010dko je ide\u00e1ln\u00ed jako promy\u0161len\u00fd d\u00e1rek pro milovn\u00edky francouzsk\u00e9 kultury, aspiruj\u00edc\u00ed cestovatele nebo pro oslavu zvl\u00e1\u0161tn\u00edch p\u0159\u00edle\u017eitost\u00ed, jako jsou narozeniny, V\u00e1noce nebo svatby. Je okouzluj\u00edc\u00edm zp\u016fsobem, jak uk\u00e1zat individualitu a l\u00e1sku va\u0161eho d\u00edt\u011bte k Francii.<\/p>","protected":false},"excerpt":{"rendered":"<p>Oble\u010dte batolata ve velk\u00e9m stylu s vlastn\u00edm tri\u010dkem s francouzskou tematikou pro batolata. Personalizovan\u00e9 tri\u010dka s fotografick\u00fdmi postavami prom\u011bn\u00ed jakoukoli fotografii v hrav\u00e9, jedine\u010dn\u00e9 tri\u010dko.<\/p>","protected":false},"featured_media":129259,"comment_status":"open","ping_status":"closed","template":"","meta":{"_acf_changed":false},"product_brand":[],"product_cat":[6209,6320,6412,6428],"product_tag":[6433,6439,6221],"class_list":{"0":"post-129062","1":"product","2":"type-product","3":"status-publish","4":"has-post-thumbnail","6":"product_cat-toddler-boy-t-shirts","7":"product_cat-custom-gifts-french-culture","8":"product_cat-photo-to-tees","9":"product_cat-translate-products","10":"product_tag-ai-artwork","11":"product_tag-ai-kids-artwork","12":"product_tag-custom-t-shirts-near-me","14":"first","15":"instock","16":"taxable","17":"shipping-taxable","18":"purchasable","19":"product-type-simple"},"acf":[],"wcpa_form_fields":null,"_links":{"self":[{"href":"https:\/\/www.customywear.com\/cs\/wp-json\/wp\/v2\/product\/129062","targetHints":{"allow":["GET"]}}],"collection":[{"href":"https:\/\/www.customywear.com\/cs\/wp-json\/wp\/v2\/product"}],"about":[{"href":"https:\/\/www.customywear.com\/cs\/wp-json\/wp\/v2\/types\/product"}],"replies":[{"embeddable":true,"href":"https:\/\/www.customywear.com\/cs\/wp-json\/wp\/v2\/comments?post=129062"}],"wp:featuredmedia":[{"embeddable":true,"href":"https:\/\/www.customywear.com\/cs\/wp-json\/wp\/v2\/media\/129259"}],"wp:attachment":[{"href":"https:\/\/www.customywear.com\/cs\/wp-json\/wp\/v2\/media?parent=129062"}],"wp:term":[{"taxonomy":"product_brand","embeddable":true,"href":"https:\/\/www.customywear.com\/cs\/wp-json\/wp\/v2\/product_brand?post=129062"},{"taxonomy":"product_cat","embeddable":true,"href":"https:\/\/www.customywear.com\/cs\/wp-json\/wp\/v2\/product_cat?post=129062"},{"taxonomy":"product_tag","embeddable":true,"href":"https:\/\/www.customywear.com\/cs\/wp-json\/wp\/v2\/product_tag?post=129062"}],"curies":[{"name":"wp","href":"https:\/\/api.w.org\/{rel}","templated":true}]}}