{"id":129109,"date":"2025-03-29T13:55:42","date_gmt":"2025-03-29T13:55:42","guid":{"rendered":"https:\/\/www.customywear.com\/?post_type=product&#038;p=129109"},"modified":"2026-05-05T20:23:26","modified_gmt":"2026-05-05T20:23:26","slug":"damske-tricko-francouzsky-motiv-osobni","status":"publish","type":"product","link":"https:\/\/www.customywear.com\/cs\/custom-french-themed-tshirt-women\/","title":{"rendered":"Vlastn\u00ed francouzsk\u00fd-Themed T-Shirt pro \u017deny \u2013 Osobn\u00ed Foto Charakter Tee"},"content":{"rendered":"<p>Nechte se okouzlit kouzlem Francie s na\u0161\u00edm d\u00e1msk\u00fdm tri\u010dkem s francouzskou t\u00e9matikou na m\u00edru! Prom\u011b\u0148te svou obl\u00edbenou fotografii v z\u00e1\u0159ivou a personalizovanou postavu oble\u010denou v barv\u00e1ch francouzsk\u00e9 vlajky, to v\u0161e na pozad\u00ed rozmarn\u00e9ho francouzsk\u00e9ho h\u0159i\u0161t\u011b. Toto tri\u010dko pr\u00e9miov\u00e9 kvality je vyrobeno z m\u011bkk\u00e9 100% bavlny a je opat\u0159eno vysoce kvalitn\u00edm potiskem DTG pro z\u00e1\u0159iv\u00e9 a trval\u00e9 designy, kter\u00e9 odr\u00e1\u017eej\u00ed v\u00e1\u0161 jedine\u010dn\u00fd styl. Ide\u00e1ln\u00ed jako promy\u0161len\u00fd d\u00e1rek k narozenin\u00e1m, V\u00e1noc\u016fm, svatb\u00e1m nebo jednodu\u0161e pro ty, kte\u0159\u00ed si v\u00e1\u017e\u00ed francouzsk\u00e9 kultury a sn\u00ed o cestov\u00e1n\u00ed do Francie.<\/p>","protected":false},"excerpt":{"rendered":"<p>Pozvedn\u011bte m\u00f3du s vlastn\u00edm tri\u010dkem s francouzskou tematikou pro \u017eeny. Personalizovan\u00e9 tri\u010dka s fotografick\u00fdmi postavami prom\u011bn\u00ed jakoukoli fotografii na stylov\u00e9, jedine\u010dn\u00e9 tri\u010dko.<\/p>","protected":false},"featured_media":129196,"comment_status":"open","ping_status":"closed","template":"","meta":{"_acf_changed":false},"product_brand":[],"product_cat":[6191,6320,6412,6428,75,6358,6355],"product_tag":[6214,6433,6328,229,6215],"class_list":{"0":"post-129109","1":"product","2":"type-product","3":"status-publish","4":"has-post-thumbnail","6":"product_cat-t-shirts-women","7":"product_cat-custom-gifts-french-culture","8":"product_cat-photo-to-tees","9":"product_cat-translate-products","10":"product_cat-women","11":"product_cat-womens-anniversary-t-shirts","12":"product_cat-womens-culture-country-t-shirts","13":"product_tag-affordable-custom-t-shirts","14":"product_tag-ai-artwork","15":"product_tag-custom-image-t-shirt-for-women","16":"product_tag-custom-tee-shirts","17":"product_tag-screen-printing-near-me","19":"first","20":"instock","21":"taxable","22":"shipping-taxable","23":"purchasable","24":"product-type-simple"},"acf":[],"wcpa_form_fields":null,"_links":{"self":[{"href":"https:\/\/www.customywear.com\/cs\/wp-json\/wp\/v2\/product\/129109","targetHints":{"allow":["GET"]}}],"collection":[{"href":"https:\/\/www.customywear.com\/cs\/wp-json\/wp\/v2\/product"}],"about":[{"href":"https:\/\/www.customywear.com\/cs\/wp-json\/wp\/v2\/types\/product"}],"replies":[{"embeddable":true,"href":"https:\/\/www.customywear.com\/cs\/wp-json\/wp\/v2\/comments?post=129109"}],"wp:featuredmedia":[{"embeddable":true,"href":"https:\/\/www.customywear.com\/cs\/wp-json\/wp\/v2\/media\/129196"}],"wp:attachment":[{"href":"https:\/\/www.customywear.com\/cs\/wp-json\/wp\/v2\/media?parent=129109"}],"wp:term":[{"taxonomy":"product_brand","embeddable":true,"href":"https:\/\/www.customywear.com\/cs\/wp-json\/wp\/v2\/product_brand?post=129109"},{"taxonomy":"product_cat","embeddable":true,"href":"https:\/\/www.customywear.com\/cs\/wp-json\/wp\/v2\/product_cat?post=129109"},{"taxonomy":"product_tag","embeddable":true,"href":"https:\/\/www.customywear.com\/cs\/wp-json\/wp\/v2\/product_tag?post=129109"}],"curies":[{"name":"wp","href":"https:\/\/api.w.org\/{rel}","templated":true}]}}