{"id":129138,"date":"2025-03-29T13:55:42","date_gmt":"2025-03-29T13:55:42","guid":{"rendered":"https:\/\/www.customywear.com\/?post_type=product&#038;p=129138"},"modified":"2026-05-05T20:24:06","modified_gmt":"2026-05-05T20:24:06","slug":"panske-tricko-francouzsky-motiv-osobni","status":"publish","type":"product","link":"https:\/\/www.customywear.com\/cs\/custom-french-themed-tshirt-men\/","title":{"rendered":"Vlastn\u00ed francouzsk\u00fd-Themed T-Shirt pro Mu\u017ee \u2013 Personalizovan\u00e9 Foto Charakter Tee"},"content":{"rendered":"<p>Prom\u011b\u0148te svou obl\u00edbenou fotografii v \u00fachvatnou personalizovanou postavi\u010dku na na\u0161em tri\u010dku s francouzskou t\u00e9matikou na m\u00edru! Tento jedine\u010dn\u00fd design se vyzna\u010duje z\u00e1\u0159iv\u00fdmi barvami p\u0159ipom\u00ednaj\u00edc\u00edmi francouzskou vlajku na kr\u00e1sn\u011b vytvo\u0159en\u00e9m um\u011bleck\u00e9m pozad\u00ed h\u0159i\u0161t\u011b. Toto tri\u010dko pr\u00e9miov\u00e9 kvality, vyroben\u00e9 z m\u011bkk\u00e9 100% bavlny, slibuje pohodl\u00ed a odolnost. Ide\u00e1ln\u00ed jako d\u00e1rek pro milovn\u00edky francouzsk\u00e9 kultury, cestovatele nebo k oslav\u011b zvl\u00e1\u0161tn\u00edch p\u0159\u00edle\u017eitost\u00ed, jako jsou narozeniny, V\u00e1noce a svatby. Ka\u017ed\u00fd design je jedine\u010dn\u011b vytvo\u0159en zku\u0161en\u00fdmi um\u011blci, co\u017e zaji\u0161\u0165uje jedine\u010dn\u00e9 nositeln\u00e9 um\u011bleck\u00e9 d\u00edlo.<\/p>","protected":false},"excerpt":{"rendered":"<p>Uka\u017ete eleganci s vlastn\u00edm tri\u010dkem s francouzskou tematikou pro mu\u017ee. Personalizovan\u00e1 tri\u010dka s fotografick\u00fdmi postavami prom\u011bn\u00ed jakoukoli fotografii v odv\u00e1\u017en\u00e9, jedine\u010dn\u00e9 tri\u010dko.<\/p>","protected":false},"featured_media":129175,"comment_status":"open","ping_status":"closed","template":"","meta":{"_acf_changed":false},"product_brand":[],"product_cat":[6195,6320,186,6345,6412,6428],"product_tag":[6433,6327,6216],"class_list":{"0":"post-129138","1":"product","2":"type-product","3":"status-publish","4":"has-post-thumbnail","6":"product_cat-t-shirts-men","7":"product_cat-custom-gifts-french-culture","8":"product_cat-men","9":"product_cat-mens-country-culture-t-shirts","10":"product_cat-photo-to-tees","11":"product_cat-translate-products","12":"product_tag-ai-artwork","13":"product_tag-custom-photo-t-shirt-for-men","14":"product_tag-mens-custom-t-shirts","16":"first","17":"instock","18":"taxable","19":"shipping-taxable","20":"purchasable","21":"product-type-simple"},"acf":[],"wcpa_form_fields":null,"_links":{"self":[{"href":"https:\/\/www.customywear.com\/cs\/wp-json\/wp\/v2\/product\/129138","targetHints":{"allow":["GET"]}}],"collection":[{"href":"https:\/\/www.customywear.com\/cs\/wp-json\/wp\/v2\/product"}],"about":[{"href":"https:\/\/www.customywear.com\/cs\/wp-json\/wp\/v2\/types\/product"}],"replies":[{"embeddable":true,"href":"https:\/\/www.customywear.com\/cs\/wp-json\/wp\/v2\/comments?post=129138"}],"wp:featuredmedia":[{"embeddable":true,"href":"https:\/\/www.customywear.com\/cs\/wp-json\/wp\/v2\/media\/129175"}],"wp:attachment":[{"href":"https:\/\/www.customywear.com\/cs\/wp-json\/wp\/v2\/media?parent=129138"}],"wp:term":[{"taxonomy":"product_brand","embeddable":true,"href":"https:\/\/www.customywear.com\/cs\/wp-json\/wp\/v2\/product_brand?post=129138"},{"taxonomy":"product_cat","embeddable":true,"href":"https:\/\/www.customywear.com\/cs\/wp-json\/wp\/v2\/product_cat?post=129138"},{"taxonomy":"product_tag","embeddable":true,"href":"https:\/\/www.customywear.com\/cs\/wp-json\/wp\/v2\/product_tag?post=129138"}],"curies":[{"name":"wp","href":"https:\/\/api.w.org\/{rel}","templated":true}]}}