{"id":129387,"date":"2025-04-10T09:32:17","date_gmt":"2025-04-10T09:32:17","guid":{"rendered":"https:\/\/www.customywear.com\/?post_type=product&#038;p=129387"},"modified":"2026-05-07T15:29:31","modified_gmt":"2026-05-07T15:29:31","slug":"batole-divka-vlastni-zavodni-auto-tricko","status":"publish","type":"product","link":"https:\/\/www.customywear.com\/cs\/toddler-girl-custom-race-car-shirt\/","title":{"rendered":"Personalizovan\u00e9 d\u00edv\u010d\u00ed z\u00e1vodn\u00ed tri\u010dko \u2013 tri\u010dko s motivem z\u00e1vodn\u00edho auta s fotografi\u00ed va\u0161eho d\u00edt\u011bte | Unik\u00e1tn\u00ed d\u00e1rek pro mal\u00e9 z\u00e1vodn\u00edky"},"content":{"rendered":"<p>U\u017eijte si z\u00e1bavu s na\u0161\u00edm <strong data-start=\"472\" data-end=\"525\">Personalizovan\u00e9 tri\u010dko s motivem z\u00e1vodn\u00edho \u0159idi\u010de pro batolata<\/strong>, kde se fotografie va\u0161eho d\u00edt\u011bte stane \u00fast\u0159edn\u00edm bodem nap\u00ednav\u00e9 sc\u00e9ny ze z\u00e1vodn\u00edch aut! Toto tri\u010dko na m\u00edru, vyroben\u00e9 ze 100% ultra m\u011bkk\u00e9 bavlny, kombinuje trval\u00e9 pohodl\u00ed s vysoce kvalitn\u00edm DTG potiskem, aby zajistilo \u017eiv\u00e9 barvy, kter\u00e9 vydr\u017e\u00ed nespo\u010det dobrodru\u017estv\u00ed. Ka\u017ed\u00e9 tri\u010dko je jedine\u010dn\u011b vyrobeno um\u011blci, kte\u0159\u00ed prom\u011bn\u00ed va\u0161e batole v hrdinu z\u00e1vodn\u00edho dne \u2013 d\u00edky \u010demu\u017e je perfektn\u00edm personalizovan\u00fdm d\u00e1rkem k narozenin\u00e1m, sv\u00e1tk\u016fm nebo jen tak pro z\u00e1bavu. Nechte sv\u00e9 d\u00edt\u011b nosit sv\u00e9 z\u00e1vodn\u00ed sny s hrdost\u00ed!<\/p>","protected":false},"excerpt":{"rendered":"<p>Fuel speed with a Personalized Toddler Girl Racing T-Shirt. Custom Race Car Driver Tees with Your Kid&#8217;s Photo transform any photo into a playful, one-of-a-kind t-shirt.<\/p>","protected":false},"featured_media":129589,"comment_status":"open","ping_status":"closed","template":"","meta":{"_acf_changed":false},"product_brand":[],"product_cat":[6207,6323,6412,6428],"product_tag":[6433,6439,6221],"class_list":{"0":"post-129387","1":"product","2":"type-product","3":"status-publish","4":"has-post-thumbnail","6":"product_cat-toddler-girl-t-shirts","7":"product_cat-custom-gifts-formula-1-racing-car","8":"product_cat-photo-to-tees","9":"product_cat-translate-products","10":"product_tag-ai-artwork","11":"product_tag-ai-kids-artwork","12":"product_tag-custom-t-shirts-near-me","14":"first","15":"instock","16":"taxable","17":"shipping-taxable","18":"purchasable","19":"product-type-simple"},"acf":[],"wcpa_form_fields":null,"_links":{"self":[{"href":"https:\/\/www.customywear.com\/cs\/wp-json\/wp\/v2\/product\/129387","targetHints":{"allow":["GET"]}}],"collection":[{"href":"https:\/\/www.customywear.com\/cs\/wp-json\/wp\/v2\/product"}],"about":[{"href":"https:\/\/www.customywear.com\/cs\/wp-json\/wp\/v2\/types\/product"}],"replies":[{"embeddable":true,"href":"https:\/\/www.customywear.com\/cs\/wp-json\/wp\/v2\/comments?post=129387"}],"wp:featuredmedia":[{"embeddable":true,"href":"https:\/\/www.customywear.com\/cs\/wp-json\/wp\/v2\/media\/129589"}],"wp:attachment":[{"href":"https:\/\/www.customywear.com\/cs\/wp-json\/wp\/v2\/media?parent=129387"}],"wp:term":[{"taxonomy":"product_brand","embeddable":true,"href":"https:\/\/www.customywear.com\/cs\/wp-json\/wp\/v2\/product_brand?post=129387"},{"taxonomy":"product_cat","embeddable":true,"href":"https:\/\/www.customywear.com\/cs\/wp-json\/wp\/v2\/product_cat?post=129387"},{"taxonomy":"product_tag","embeddable":true,"href":"https:\/\/www.customywear.com\/cs\/wp-json\/wp\/v2\/product_tag?post=129387"}],"curies":[{"name":"wp","href":"https:\/\/api.w.org\/{rel}","templated":true}]}}