{"id":129398,"date":"2025-04-10T09:32:17","date_gmt":"2025-04-10T09:32:17","guid":{"rendered":"https:\/\/www.customywear.com\/?post_type=product&#038;p=129398"},"modified":"2026-05-07T15:29:31","modified_gmt":"2026-05-07T15:29:31","slug":"divci-tricko-speed-racer-s-fotografii-na-zakazku","status":"publish","type":"product","link":"https:\/\/www.customywear.com\/cs\/girls-custom-speed-racer-photo-tee\/","title":{"rendered":"D\u00edv\u010d\u00ed personalizovan\u00e9 z\u00e1vodn\u00ed tri\u010dko \u2013 Tri\u010dko Speed \u200b\u200bRacer na m\u00edru pro d\u011bti s fotkou | Jedine\u010dn\u00fd d\u00e1rek pro d\u00edvky, kter\u00e9 miluj\u00ed auta a rychlost"},"content":{"rendered":"<p>Probu\u010fte fantazii sv\u00e9ho d\u00edt\u011bte s na\u0161\u00edm <strong data-start=\"485\" data-end=\"528\">D\u00edv\u010d\u00ed personalizovan\u00e9 tri\u010dko Speed \u200b\u200bRacer<\/strong>, d\u00e1rek na m\u00edru, kter\u00fd prom\u011bn\u00ed jej\u00ed fotografii ve vzru\u0161uj\u00edc\u00ed sc\u00e9nu ze z\u00e1vodn\u00edho auta! Toto tri\u010dko je vyrobeno z m\u011bkk\u00e9 100% pr\u00e9miov\u00e9 bavlny a poti\u0161t\u011bno z\u00e1\u0159ivou, neblednouc\u00ed technologi\u00ed DTG, tak\u017ee je pohodln\u00e9 i podmaniv\u00e9 z\u00e1rove\u0148. Ka\u017ed\u00e9 tri\u010dko je navr\u017eeno pro mlad\u00e9 d\u00edvky, kter\u00e9 miluj\u00ed rychlost, z\u00e1vody a jedine\u010dnou m\u00f3du. Zdob\u00ed ho ru\u010dn\u011b vyroben\u00e9 digit\u00e1ln\u00ed um\u011bleck\u00e9 d\u00edlo, kter\u00e9 z n\u00ed d\u011bl\u00e1 hv\u011bzdnou jezdkyni. Toto tri\u010dko na m\u00edru je ide\u00e1ln\u00ed pro narozeniny nebo zvl\u00e1\u0161tn\u00ed p\u0159\u00edle\u017eitosti a je radostnou j\u00edzdou za kreativitou a z\u00e1bavou!<\/p>","protected":false},"excerpt":{"rendered":"<p>Z\u00e1vodte ve velk\u00e9m stylu s d\u00edv\u010d\u00edm personalizovan\u00fdm z\u00e1vodn\u00edm tri\u010dkem. Custom Speed Racer Tees pro d\u011bti prom\u011bn\u00ed jakoukoli fotografii v z\u00e1bavn\u00e9, jedine\u010dn\u00e9 tri\u010dko.<\/p>","protected":false},"featured_media":129568,"comment_status":"open","ping_status":"closed","template":"","meta":{"_acf_changed":false},"product_brand":[],"product_cat":[6193,6323,152,6412,6428,58],"product_tag":[6433,6439,6331,6221],"class_list":{"0":"post-129398","1":"product","2":"type-product","3":"status-publish","4":"has-post-thumbnail","6":"product_cat-girls-t-shirts","7":"product_cat-custom-gifts-formula-1-racing-car","8":"product_cat-girls","9":"product_cat-photo-to-tees","10":"product_cat-translate-products","11":"product_cat-youth-kids","12":"product_tag-ai-artwork","13":"product_tag-ai-kids-artwork","14":"product_tag-custom-picture-t-shirt-for-girls","15":"product_tag-custom-t-shirts-near-me","17":"first","18":"instock","19":"taxable","20":"shipping-taxable","21":"purchasable","22":"product-type-simple"},"acf":[],"wcpa_form_fields":null,"_links":{"self":[{"href":"https:\/\/www.customywear.com\/cs\/wp-json\/wp\/v2\/product\/129398","targetHints":{"allow":["GET"]}}],"collection":[{"href":"https:\/\/www.customywear.com\/cs\/wp-json\/wp\/v2\/product"}],"about":[{"href":"https:\/\/www.customywear.com\/cs\/wp-json\/wp\/v2\/types\/product"}],"replies":[{"embeddable":true,"href":"https:\/\/www.customywear.com\/cs\/wp-json\/wp\/v2\/comments?post=129398"}],"wp:featuredmedia":[{"embeddable":true,"href":"https:\/\/www.customywear.com\/cs\/wp-json\/wp\/v2\/media\/129568"}],"wp:attachment":[{"href":"https:\/\/www.customywear.com\/cs\/wp-json\/wp\/v2\/media?parent=129398"}],"wp:term":[{"taxonomy":"product_brand","embeddable":true,"href":"https:\/\/www.customywear.com\/cs\/wp-json\/wp\/v2\/product_brand?post=129398"},{"taxonomy":"product_cat","embeddable":true,"href":"https:\/\/www.customywear.com\/cs\/wp-json\/wp\/v2\/product_cat?post=129398"},{"taxonomy":"product_tag","embeddable":true,"href":"https:\/\/www.customywear.com\/cs\/wp-json\/wp\/v2\/product_tag?post=129398"}],"curies":[{"name":"wp","href":"https:\/\/api.w.org\/{rel}","templated":true}]}}