{"id":129415,"date":"2025-04-10T09:32:18","date_gmt":"2025-04-10T09:32:18","guid":{"rendered":"https:\/\/www.customywear.com\/?post_type=product&#038;p=129415"},"modified":"2026-05-07T15:29:31","modified_gmt":"2026-05-07T15:29:31","slug":"zakazkove-chlapecke-zavodni-foto-tricko","status":"publish","type":"product","link":"https:\/\/www.customywear.com\/cs\/custom-boys-racing-photo-tshirt\/","title":{"rendered":"Chlapeck\u00e9 z\u00e1vodn\u00ed tri\u010dko na m\u00edru \u2013 personalizovan\u00fd d\u00e1rek s tri\u010dkem Turbo Driver pro d\u011bti | P\u0159idejte fotografii va\u0161eho d\u00edt\u011bte k z\u00e1b\u011bru ze z\u00e1vodn\u00edho auta"},"content":{"rendered":"<p class=\"\" data-start=\"440\" data-end=\"998\">Podpo\u0159te v\u00e1\u0161e\u0148 va\u0161eho d\u00edt\u011bte pro rychlost s na\u0161imi <strong data-start=\"485\" data-end=\"522\">Chlapeck\u00e9 tri\u010dko s motivem Turbo Driver na zak\u00e1zku<\/strong>\u2014jedine\u010dn\u00e9 z\u00e1vodn\u00ed tri\u010dko, kter\u00e9 prom\u011bn\u00ed fotografii va\u0161eho d\u00edt\u011bte v dynamickou z\u00e1vodn\u00ed sc\u00e9nu! Toto tri\u010dko s prvot\u0159\u00eddn\u00ed 100% bavln\u011bnou tkaninou a \u017eiv\u00fdm potiskem DTG je ide\u00e1ln\u00ed pro narozeniny nebo zvl\u00e1\u0161tn\u00ed p\u0159\u00edle\u017eitosti. Ka\u017ed\u00fd design je ru\u010dn\u011b vyr\u00e1b\u011bn, aby z va\u0161eho d\u00edt\u011bte ud\u011blal profesion\u00e1ln\u00edho z\u00e1vodn\u00edho jezdce, co\u017e z n\u011bj \u010din\u00ed dokonal\u00fd personalizovan\u00fd d\u00e1rek pro mlad\u00e9 milovn\u00edky motorsportu. Pohodln\u00e9, odoln\u00e9 a nekone\u010dn\u011b z\u00e1bavn\u00e9 \u2013 toto tri\u010dko je v\u00edc ne\u017e jen oble\u010den\u00ed, je to z\u00e1vodn\u00ed fantazie, kter\u00e1 se prom\u011bnila v \u017eivot!<\/p>","protected":false},"excerpt":{"rendered":"<p>Speed into adventure with a Custom Boy&#8217;s Racing T-Shirt. Personalized Turbo Driver Tees for Kids transform any child\u2019s photo into a bold, one-of-a-kind t-shirt.<\/p>","protected":false},"featured_media":129547,"comment_status":"open","ping_status":"closed","template":"","meta":{"_acf_changed":false},"product_brand":[],"product_cat":[6189,6323,6412,6428],"product_tag":[6433,6439,6221,6330],"class_list":{"0":"post-129415","1":"product","2":"type-product","3":"status-publish","4":"has-post-thumbnail","6":"product_cat-boys-t-shirts","7":"product_cat-custom-gifts-formula-1-racing-car","8":"product_cat-photo-to-tees","9":"product_cat-translate-products","10":"product_tag-ai-artwork","11":"product_tag-ai-kids-artwork","12":"product_tag-custom-t-shirts-near-me","13":"product_tag-photo-print-t-shirt-for-boys","15":"first","16":"instock","17":"taxable","18":"shipping-taxable","19":"purchasable","20":"product-type-simple"},"acf":[],"wcpa_form_fields":null,"_links":{"self":[{"href":"https:\/\/www.customywear.com\/cs\/wp-json\/wp\/v2\/product\/129415","targetHints":{"allow":["GET"]}}],"collection":[{"href":"https:\/\/www.customywear.com\/cs\/wp-json\/wp\/v2\/product"}],"about":[{"href":"https:\/\/www.customywear.com\/cs\/wp-json\/wp\/v2\/types\/product"}],"replies":[{"embeddable":true,"href":"https:\/\/www.customywear.com\/cs\/wp-json\/wp\/v2\/comments?post=129415"}],"wp:featuredmedia":[{"embeddable":true,"href":"https:\/\/www.customywear.com\/cs\/wp-json\/wp\/v2\/media\/129547"}],"wp:attachment":[{"href":"https:\/\/www.customywear.com\/cs\/wp-json\/wp\/v2\/media?parent=129415"}],"wp:term":[{"taxonomy":"product_brand","embeddable":true,"href":"https:\/\/www.customywear.com\/cs\/wp-json\/wp\/v2\/product_brand?post=129415"},{"taxonomy":"product_cat","embeddable":true,"href":"https:\/\/www.customywear.com\/cs\/wp-json\/wp\/v2\/product_cat?post=129415"},{"taxonomy":"product_tag","embeddable":true,"href":"https:\/\/www.customywear.com\/cs\/wp-json\/wp\/v2\/product_tag?post=129415"}],"curies":[{"name":"wp","href":"https:\/\/api.w.org\/{rel}","templated":true}]}}