{"id":129432,"date":"2025-04-10T09:32:18","date_gmt":"2025-04-10T09:32:18","guid":{"rendered":"https:\/\/www.customywear.com\/?post_type=product&#038;p=129432"},"modified":"2026-05-07T15:29:31","modified_gmt":"2026-05-07T15:29:31","slug":"tricko-toddler-chlapec-elitni-zavodnik","status":"publish","type":"product","link":"https:\/\/www.customywear.com\/cs\/toddler-boys-elite-racing-driver-shirt\/","title":{"rendered":"Chlapeck\u00e9 tri\u010dko Elite Racing Driver \u2013 Personalizovan\u00e9 tri\u010dko s motivem z\u00e1vodn\u00edho auta pro d\u011bti | D\u00e1rek na m\u00edru s fotografi\u00ed va\u0161eho d\u00edt\u011bte"},"content":{"rendered":"<p>Spl\u0148te z\u00e1vodn\u00ed sny sv\u00e9ho batolete s... <strong data-start=\"474\" data-end=\"519\">Chlapeck\u00e9 tri\u010dko s elitn\u00edm z\u00e1vodn\u00edm jezdcem pro batolata<\/strong>\u2014personalizovan\u00e9 tri\u010dko, kter\u00e9 prom\u011bn\u00ed fotografii va\u0161eho d\u00edt\u011bte ve vzru\u0161uj\u00edc\u00ed z\u00e1vodn\u00ed sc\u00e9nu! Toto tri\u010dko na m\u00edru, vyroben\u00e9 ze 100% m\u011bkk\u00e9 bavlny, nab\u00edz\u00ed prvot\u0159\u00eddn\u00ed pohodl\u00ed a odolnost pro energick\u00e9 batolata. D\u00edky vysoce kvalitn\u00edmu potisku DTG z\u016fst\u00e1vaj\u00ed \u017eiv\u00e9 vzory sv\u011b\u017e\u00ed a barevn\u00e9 po mnoho let. A\u0165 u\u017e je to k narozenin\u00e1m, svatb\u011b nebo jen k oslav\u011b l\u00e1sky va\u0161eho d\u00edt\u011bte k z\u00e1vod\u011bn\u00ed, toto jedine\u010dn\u00e9 tri\u010dko p\u0159in\u00e1\u0161\u00ed vzru\u0161en\u00ed ze z\u00e1vodn\u00ed dr\u00e1hy p\u0159\u00edmo va\u0161emu mal\u00e9mu \u0161ampionovi!<\/p>","protected":false},"excerpt":{"rendered":"<p>Ve\u010fte z\u00e1vod s tri\u010dkem Elite Racing Driver od batolete. Personalizovan\u00e1 tri\u010dka z\u00e1vodn\u00edch aut pro d\u011bti prom\u011bn\u00ed jakoukoli fotografii v hrav\u00e9, jedine\u010dn\u00e9 tri\u010dko.<\/p>","protected":false},"featured_media":129601,"comment_status":"open","ping_status":"closed","template":"","meta":{"_acf_changed":false},"product_brand":[],"product_cat":[6209,6323,6412,6428],"product_tag":[6433,6439,6221],"class_list":{"0":"post-129432","1":"product","2":"type-product","3":"status-publish","4":"has-post-thumbnail","6":"product_cat-toddler-boy-t-shirts","7":"product_cat-custom-gifts-formula-1-racing-car","8":"product_cat-photo-to-tees","9":"product_cat-translate-products","10":"product_tag-ai-artwork","11":"product_tag-ai-kids-artwork","12":"product_tag-custom-t-shirts-near-me","14":"first","15":"instock","16":"taxable","17":"shipping-taxable","18":"purchasable","19":"product-type-simple"},"acf":[],"wcpa_form_fields":null,"_links":{"self":[{"href":"https:\/\/www.customywear.com\/cs\/wp-json\/wp\/v2\/product\/129432","targetHints":{"allow":["GET"]}}],"collection":[{"href":"https:\/\/www.customywear.com\/cs\/wp-json\/wp\/v2\/product"}],"about":[{"href":"https:\/\/www.customywear.com\/cs\/wp-json\/wp\/v2\/types\/product"}],"replies":[{"embeddable":true,"href":"https:\/\/www.customywear.com\/cs\/wp-json\/wp\/v2\/comments?post=129432"}],"wp:featuredmedia":[{"embeddable":true,"href":"https:\/\/www.customywear.com\/cs\/wp-json\/wp\/v2\/media\/129601"}],"wp:attachment":[{"href":"https:\/\/www.customywear.com\/cs\/wp-json\/wp\/v2\/media?parent=129432"}],"wp:term":[{"taxonomy":"product_brand","embeddable":true,"href":"https:\/\/www.customywear.com\/cs\/wp-json\/wp\/v2\/product_brand?post=129432"},{"taxonomy":"product_cat","embeddable":true,"href":"https:\/\/www.customywear.com\/cs\/wp-json\/wp\/v2\/product_cat?post=129432"},{"taxonomy":"product_tag","embeddable":true,"href":"https:\/\/www.customywear.com\/cs\/wp-json\/wp\/v2\/product_tag?post=129432"}],"curies":[{"name":"wp","href":"https:\/\/api.w.org\/{rel}","templated":true}]}}