{"id":129443,"date":"2025-04-10T09:32:18","date_gmt":"2025-04-10T09:32:18","guid":{"rendered":"https:\/\/www.customywear.com\/?post_type=product&#038;p=129443"},"modified":"2026-05-05T20:23:26","modified_gmt":"2026-05-05T20:23:26","slug":"damske-tricko-s-motivem-zavodniho-ridice","status":"publish","type":"product","link":"https:\/\/www.customywear.com\/cs\/custom-womens-racing-car-driver-tshirt\/","title":{"rendered":"Vlastn\u00ed D\u00e1msk\u00e9 Z\u00e1vodn\u00ed Auto \u0158idi\u010d T-Shirt \u2013 Osobn\u00ed Foto D\u00e1rek pro \u017deny, Z\u00e1vodn\u00ed Fanou\u0161ky, Milovn\u00edky Automobil\u016f, Rychlost Nad\u0161enci"},"content":{"rendered":"<p>Probu\u010fte v sob\u011b vnit\u0159n\u00edho z\u00e1vodn\u00edka s t\u00edmto d\u00e1msk\u00fdm tri\u010dkem s n\u00e1pisem Pro Racing Car Driver, kter\u00e9 je navr\u017eeno tak, aby vyj\u00e1d\u0159ilo va\u0161i v\u00e1\u0161e\u0148 pro rychlost a styl. Toto personalizovan\u00e9 tri\u010dko s va\u0161\u00ed vlastn\u00ed fotografi\u00ed p\u0159evedenou do \u00fa\u017easn\u00e9ho digit\u00e1ln\u00edho um\u011bn\u00ed z v\u00e1s ud\u011bl\u00e1 hv\u011bzdu trati. Vyrobeno ze 100% pr\u00e9miov\u00e9 bavlny, je m\u011bkk\u00e9, odoln\u00e9 a ide\u00e1ln\u00ed pro ka\u017edodenn\u00ed no\u0161en\u00ed nebo speci\u00e1ln\u00ed akce s automobilovou tematikou. A\u0165 u\u017e ho darujete nad\u0161enci do z\u00e1vod\u016f, nebo si d\u011bl\u00e1te radost, toto jedine\u010dn\u00e9 tri\u010dko je odv\u00e1\u017en\u00fdm zp\u016fsobem, jak oslavit l\u00e1sku k motorsportu.<\/p>","protected":false},"excerpt":{"rendered":"<p>Oslavte rychl\u00edky na zak\u00e1zku d\u00e1msk\u00fdm tri\u010dkem pro z\u00e1vodn\u00ed auto. Personalizovan\u00e9 fotografick\u00e9 d\u00e1rky prom\u011bn\u00ed jakoukoli fotografii v z\u00e1bavn\u00e9, jedine\u010dn\u00e9 tri\u010dko pro milovn\u00edky aut.<\/p>","protected":false},"featured_media":129526,"comment_status":"open","ping_status":"closed","template":"","meta":{"_acf_changed":false},"product_brand":[],"product_cat":[6191,6323,6412,6428,75,6352],"product_tag":[6214,6433,6328,229,6215],"class_list":{"0":"post-129443","1":"product","2":"type-product","3":"status-publish","4":"has-post-thumbnail","6":"product_cat-t-shirts-women","7":"product_cat-custom-gifts-formula-1-racing-car","8":"product_cat-photo-to-tees","9":"product_cat-translate-products","10":"product_cat-women","11":"product_cat-womens-sports-t-shirts","12":"product_tag-affordable-custom-t-shirts","13":"product_tag-ai-artwork","14":"product_tag-custom-image-t-shirt-for-women","15":"product_tag-custom-tee-shirts","16":"product_tag-screen-printing-near-me","18":"first","19":"instock","20":"taxable","21":"shipping-taxable","22":"purchasable","23":"product-type-simple"},"acf":[],"wcpa_form_fields":null,"_links":{"self":[{"href":"https:\/\/www.customywear.com\/cs\/wp-json\/wp\/v2\/product\/129443","targetHints":{"allow":["GET"]}}],"collection":[{"href":"https:\/\/www.customywear.com\/cs\/wp-json\/wp\/v2\/product"}],"about":[{"href":"https:\/\/www.customywear.com\/cs\/wp-json\/wp\/v2\/types\/product"}],"replies":[{"embeddable":true,"href":"https:\/\/www.customywear.com\/cs\/wp-json\/wp\/v2\/comments?post=129443"}],"wp:featuredmedia":[{"embeddable":true,"href":"https:\/\/www.customywear.com\/cs\/wp-json\/wp\/v2\/media\/129526"}],"wp:attachment":[{"href":"https:\/\/www.customywear.com\/cs\/wp-json\/wp\/v2\/media?parent=129443"}],"wp:term":[{"taxonomy":"product_brand","embeddable":true,"href":"https:\/\/www.customywear.com\/cs\/wp-json\/wp\/v2\/product_brand?post=129443"},{"taxonomy":"product_cat","embeddable":true,"href":"https:\/\/www.customywear.com\/cs\/wp-json\/wp\/v2\/product_cat?post=129443"},{"taxonomy":"product_tag","embeddable":true,"href":"https:\/\/www.customywear.com\/cs\/wp-json\/wp\/v2\/product_tag?post=129443"}],"curies":[{"name":"wp","href":"https:\/\/api.w.org\/{rel}","templated":true}]}}