{"id":129472,"date":"2025-04-10T09:32:18","date_gmt":"2025-04-10T09:32:18","guid":{"rendered":"https:\/\/www.customywear.com\/?post_type=product&#038;p=129472"},"modified":"2026-05-05T20:24:06","modified_gmt":"2026-05-05T20:24:06","slug":"panske-triko-pro-ridice-velke-ceny-na-zakazku","status":"publish","type":"product","link":"https:\/\/www.customywear.com\/cs\/custom-grand-prix-driver-tshirt-men\/","title":{"rendered":"Vlastn\u00ed Grand Prix \u0158idi\u010d T-Shirt pro Mu\u017ee \u2013 Osobn\u00ed Z\u00e1vodn\u00ed D\u00e1rek"},"content":{"rendered":"<p>Probu\u010fte v sob\u011b z\u00e1vodn\u00edka s na\u0161\u00edm p\u00e1nsk\u00fdm tri\u010dkem s motivem Grand Prix Driver, kde se va\u0161e fotografie prom\u011bn\u00ed v epick\u00e9 z\u00e1vodn\u00ed um\u011bn\u00ed! Toto personalizovan\u00e9 tri\u010dko je ide\u00e1ln\u00ed pro milovn\u00edky motoristick\u00e9ho sportu, v\u00edkendov\u00e9 z\u00e1vodn\u00edky nebo fanou\u0161ky Formule 1 a zobrazuje v\u00e1\u0161 image profesion\u00e1ln\u00edho jezdce s nap\u00ednav\u00fdm pozad\u00edm z\u00e1vodn\u00edho vozu s otev\u0159en\u00fdmi koly. Toto tri\u010dko je vyrobeno ze 100% m\u011bkk\u00e9 bavlny a nab\u00edz\u00ed bezkonkuren\u010dn\u00ed pohodl\u00ed a kvalitu. \u017div\u00fd a trvanliv\u00fd potisk DTG zajist\u00ed, \u017ee vynikne ka\u017ed\u00fd detail. Je to jedine\u010dn\u00fd a nezapomenuteln\u00fd d\u00e1rek k narozenin\u00e1m, svatb\u00e1m, v\u00fdro\u010d\u00edm nebo jak\u00e9koli oslav\u011b, kter\u00e1 si \u017e\u00e1d\u00e1 rychlost a styl. A\u0165 u\u017e jej darujete, nebo si ho oble\u010dete sami, toto tri\u010dko v\u00fdrazn\u011b zaujme na trati i mimo ni.<\/p>","protected":false},"excerpt":{"rendered":"<p>Dobytte tra\u0165 s vlastn\u00edm tri\u010dkem Grand Prix pro mu\u017ee. Personalizovan\u00e9 z\u00e1vodn\u00ed d\u00e1rky prom\u011bn\u00ed jakoukoli fotografii v odv\u00e1\u017en\u00e9, jedine\u010dn\u00e9 tri\u010dko.<\/p>","protected":false},"featured_media":129505,"comment_status":"open","ping_status":"closed","template":"","meta":{"_acf_changed":false},"product_brand":[],"product_cat":[6195,6323,186,6341,6412,6428],"product_tag":[6433,6327,6216],"class_list":{"0":"post-129472","1":"product","2":"type-product","3":"status-publish","4":"has-post-thumbnail","6":"product_cat-t-shirts-men","7":"product_cat-custom-gifts-formula-1-racing-car","8":"product_cat-men","9":"product_cat-mens-profession-t-shirts","10":"product_cat-photo-to-tees","11":"product_cat-translate-products","12":"product_tag-ai-artwork","13":"product_tag-custom-photo-t-shirt-for-men","14":"product_tag-mens-custom-t-shirts","16":"first","17":"instock","18":"taxable","19":"shipping-taxable","20":"purchasable","21":"product-type-simple"},"acf":[],"wcpa_form_fields":null,"_links":{"self":[{"href":"https:\/\/www.customywear.com\/cs\/wp-json\/wp\/v2\/product\/129472","targetHints":{"allow":["GET"]}}],"collection":[{"href":"https:\/\/www.customywear.com\/cs\/wp-json\/wp\/v2\/product"}],"about":[{"href":"https:\/\/www.customywear.com\/cs\/wp-json\/wp\/v2\/types\/product"}],"replies":[{"embeddable":true,"href":"https:\/\/www.customywear.com\/cs\/wp-json\/wp\/v2\/comments?post=129472"}],"wp:featuredmedia":[{"embeddable":true,"href":"https:\/\/www.customywear.com\/cs\/wp-json\/wp\/v2\/media\/129505"}],"wp:attachment":[{"href":"https:\/\/www.customywear.com\/cs\/wp-json\/wp\/v2\/media?parent=129472"}],"wp:term":[{"taxonomy":"product_brand","embeddable":true,"href":"https:\/\/www.customywear.com\/cs\/wp-json\/wp\/v2\/product_brand?post=129472"},{"taxonomy":"product_cat","embeddable":true,"href":"https:\/\/www.customywear.com\/cs\/wp-json\/wp\/v2\/product_cat?post=129472"},{"taxonomy":"product_tag","embeddable":true,"href":"https:\/\/www.customywear.com\/cs\/wp-json\/wp\/v2\/product_tag?post=129472"}],"curies":[{"name":"wp","href":"https:\/\/api.w.org\/{rel}","templated":true}]}}