{"id":129632,"date":"2025-04-11T12:47:14","date_gmt":"2025-04-11T12:47:14","guid":{"rendered":"https:\/\/www.customywear.com\/?post_type=product&#038;p=129632"},"modified":"2026-05-07T15:29:31","modified_gmt":"2026-05-07T15:29:31","slug":"zakazkove-divci-armadni-cosplay-tricko","status":"publish","type":"product","link":"https:\/\/www.customywear.com\/cs\/custom-girl-army-cosplay-t-shirt\/","title":{"rendered":"D\u011btsk\u00e9 d\u00edv\u010d\u00ed cosplay tri\u010dko s motivem arm\u00e1dy \u2013 personalizovan\u00e9 d\u00e1rkov\u00e9 tri\u010dko s vojenskou fotografi\u00ed, unik\u00e1tn\u00ed design postavy voj\u00e1ka pro d\u00edvky"},"content":{"rendered":"<p>Podpo\u0159te p\u0159edstavivost sv\u00e9ho d\u00edt\u011bte s na\u0161imi d\u011btsk\u00fdmi cosplay tri\u010dky s arm\u00e1dn\u00edmi motivy, kter\u00e9 prom\u011bn\u00ed jakoukoli fotografii ve vzru\u0161uj\u00edc\u00ed ilustraci arm\u00e1dn\u00ed postavy. Tato personalizovan\u00e1 tri\u010dka, kter\u00e1 obsahuj\u00ed uniformu, v\u00fdstroj a realistickou bojovou sc\u00e9nu, jsou ide\u00e1ln\u00ed pro d\u011bti, kter\u00e9 sn\u00ed o vojensk\u00fdch dobrodru\u017estv\u00edch. Jsou vyrobena ze 100% m\u011bkk\u00e9 bavlny a poti\u0161t\u011bna z\u00e1\u0159ivou technologi\u00ed DTG, tak\u017ee nab\u00edzej\u00ed pohodl\u00ed, odolnost a \u00fa\u017easn\u00e9 detaily. Toto jedine\u010dn\u00e9 tri\u010dko je ide\u00e1ln\u00ed pro narozeniny, promoce nebo tematick\u00e9 akce a je odv\u00e1\u017en\u00fdm a kreativn\u00edm d\u00e1rkem, kter\u00fd vykouzl\u00ed \u00fasm\u011bv na tv\u00e1\u0159i a hrdost ka\u017ed\u00e9mu mlad\u00e9mu voj\u00e1kovi v srdci.<\/p>","protected":false},"excerpt":{"rendered":"<p>Obl\u00e9kn\u011bte se do Courage s tri\u010dkem Cosplay Custom Girl Army Cosplay pro d\u011bti. Personalizovan\u00e9 vojensk\u00e9 fotografick\u00e9 d\u00e1rkov\u00e9 tri\u010dka prom\u011bn\u00ed jakoukoli fotografii v jedine\u010dn\u00e9 tri\u010dko inspirovan\u00e9 voj\u00e1ky.<\/p>","protected":false},"featured_media":129802,"comment_status":"open","ping_status":"closed","template":"","meta":{"_acf_changed":false},"product_brand":[],"product_cat":[6193,6324,152,6412,6428,58],"product_tag":[6433,6439,6331,6221],"class_list":{"0":"post-129632","1":"product","2":"type-product","3":"status-publish","4":"has-post-thumbnail","6":"product_cat-girls-t-shirts","7":"product_cat-custom-gifts-ai-army","8":"product_cat-girls","9":"product_cat-photo-to-tees","10":"product_cat-translate-products","11":"product_cat-youth-kids","12":"product_tag-ai-artwork","13":"product_tag-ai-kids-artwork","14":"product_tag-custom-picture-t-shirt-for-girls","15":"product_tag-custom-t-shirts-near-me","17":"first","18":"instock","19":"taxable","20":"shipping-taxable","21":"purchasable","22":"product-type-simple"},"acf":[],"wcpa_form_fields":null,"_links":{"self":[{"href":"https:\/\/www.customywear.com\/cs\/wp-json\/wp\/v2\/product\/129632","targetHints":{"allow":["GET"]}}],"collection":[{"href":"https:\/\/www.customywear.com\/cs\/wp-json\/wp\/v2\/product"}],"about":[{"href":"https:\/\/www.customywear.com\/cs\/wp-json\/wp\/v2\/types\/product"}],"replies":[{"embeddable":true,"href":"https:\/\/www.customywear.com\/cs\/wp-json\/wp\/v2\/comments?post=129632"}],"wp:featuredmedia":[{"embeddable":true,"href":"https:\/\/www.customywear.com\/cs\/wp-json\/wp\/v2\/media\/129802"}],"wp:attachment":[{"href":"https:\/\/www.customywear.com\/cs\/wp-json\/wp\/v2\/media?parent=129632"}],"wp:term":[{"taxonomy":"product_brand","embeddable":true,"href":"https:\/\/www.customywear.com\/cs\/wp-json\/wp\/v2\/product_brand?post=129632"},{"taxonomy":"product_cat","embeddable":true,"href":"https:\/\/www.customywear.com\/cs\/wp-json\/wp\/v2\/product_cat?post=129632"},{"taxonomy":"product_tag","embeddable":true,"href":"https:\/\/www.customywear.com\/cs\/wp-json\/wp\/v2\/product_tag?post=129632"}],"curies":[{"name":"wp","href":"https:\/\/api.w.org\/{rel}","templated":true}]}}