{"id":129666,"date":"2025-04-11T12:47:14","date_gmt":"2025-04-11T12:47:14","guid":{"rendered":"https:\/\/www.customywear.com\/?post_type=product&#038;p=129666"},"modified":"2026-05-07T15:29:31","modified_gmt":"2026-05-07T15:29:31","slug":"vlastni-vojak-portret-tricko-batolata","status":"publish","type":"product","link":"https:\/\/www.customywear.com\/cs\/custom-soldier-portrait-tshirt-toddlers\/","title":{"rendered":"Tri\u010dko s portr\u00e9tem voj\u00e1ka na zak\u00e1zku pro batolata \u2013 personalizovan\u00e9 d\u00e1rkov\u00e9 tri\u010dko s fotografi\u00ed arm\u00e1dy, vojensk\u00fd design pro batolata a chlapce"},"content":{"rendered":"<p>Probu\u010fte fantazii sv\u00e9ho batolete s na\u0161\u00edm tri\u010dkem s portr\u00e9tem voj\u00e1ka na zak\u00e1zku, kde se fotografie va\u0161eho d\u00edt\u011bte prom\u011bn\u00ed v jedine\u010dn\u00e9ho arm\u00e1dn\u00edho hrdinu v pln\u00e9 bojov\u00e9 v\u00fdstroji. Tento personalizovan\u00fd design zobrazuje va\u0161eho ratolesti ve vojensk\u00e9 uniform\u011b na dynamick\u00e9m pozad\u00ed boji\u0161t\u011b, co\u017e z n\u011bj \u010din\u00ed perfektn\u00ed d\u00e1rek k narozenin\u00e1m, promoci nebo k hran\u00ed. Tato tri\u010dka, vyroben\u00e1 z ultra m\u011bkk\u00e9 100% bavlny a poti\u0161t\u011bn\u00e1 vysoce kvalitn\u00ed technologi\u00ed DTG, v sob\u011b spojuj\u00ed pohodl\u00ed, odolnost a ohromuj\u00edc\u00ed vizu\u00e1ln\u00ed detaily. Oslavte dobrodru\u017en\u00e9ho ducha sv\u00e9ho d\u00edt\u011bte s tri\u010dkem na zak\u00e1zku, kter\u00e9 je stejn\u011b v\u00fdrazn\u00e9 a v\u00fdjime\u010dn\u00e9 jako ony samy.<\/p>","protected":false},"excerpt":{"rendered":"<p>Chra\u0148te s hrdost\u00ed v tri\u010dku Custom Soldier Portrait pro batolata. Personalizovan\u00e1 arm\u00e1dn\u00ed fotografick\u00e1 tri\u010dka prom\u011bn\u00ed jakoukoli fotografii v hrav\u00e9, jedine\u010dn\u00e9 tri\u010dko.<\/p>","protected":false},"featured_media":129835,"comment_status":"open","ping_status":"closed","template":"","meta":{"_acf_changed":false},"product_brand":[],"product_cat":[6209,6324,6412,6428],"product_tag":[6433,6439,6221],"class_list":{"0":"post-129666","1":"product","2":"type-product","3":"status-publish","4":"has-post-thumbnail","6":"product_cat-toddler-boy-t-shirts","7":"product_cat-custom-gifts-ai-army","8":"product_cat-photo-to-tees","9":"product_cat-translate-products","10":"product_tag-ai-artwork","11":"product_tag-ai-kids-artwork","12":"product_tag-custom-t-shirts-near-me","14":"first","15":"instock","16":"taxable","17":"shipping-taxable","18":"purchasable","19":"product-type-simple"},"acf":[],"wcpa_form_fields":null,"_links":{"self":[{"href":"https:\/\/www.customywear.com\/cs\/wp-json\/wp\/v2\/product\/129666","targetHints":{"allow":["GET"]}}],"collection":[{"href":"https:\/\/www.customywear.com\/cs\/wp-json\/wp\/v2\/product"}],"about":[{"href":"https:\/\/www.customywear.com\/cs\/wp-json\/wp\/v2\/types\/product"}],"replies":[{"embeddable":true,"href":"https:\/\/www.customywear.com\/cs\/wp-json\/wp\/v2\/comments?post=129666"}],"wp:featuredmedia":[{"embeddable":true,"href":"https:\/\/www.customywear.com\/cs\/wp-json\/wp\/v2\/media\/129835"}],"wp:attachment":[{"href":"https:\/\/www.customywear.com\/cs\/wp-json\/wp\/v2\/media?parent=129666"}],"wp:term":[{"taxonomy":"product_brand","embeddable":true,"href":"https:\/\/www.customywear.com\/cs\/wp-json\/wp\/v2\/product_brand?post=129666"},{"taxonomy":"product_cat","embeddable":true,"href":"https:\/\/www.customywear.com\/cs\/wp-json\/wp\/v2\/product_cat?post=129666"},{"taxonomy":"product_tag","embeddable":true,"href":"https:\/\/www.customywear.com\/cs\/wp-json\/wp\/v2\/product_tag?post=129666"}],"curies":[{"name":"wp","href":"https:\/\/api.w.org\/{rel}","templated":true}]}}