{"id":129677,"date":"2025-04-11T12:47:15","date_gmt":"2025-04-11T12:47:15","guid":{"rendered":"https:\/\/www.customywear.com\/?post_type=product&#038;p=129677"},"modified":"2026-05-05T20:23:26","modified_gmt":"2026-05-05T20:23:26","slug":"personalizovane-damske-tricko-s-armadni-postavou","status":"publish","type":"product","link":"https:\/\/www.customywear.com\/cs\/personalized-army-character-tshirt-women\/","title":{"rendered":"Osobn\u00ed Arm\u00e1da Znak T-Shirt pro \u017deny \u2013 Vlastn\u00ed Vojensk\u00e9 D\u00e1rek s Fotografi\u00ed, Ilustrace, Unik\u00e1tn\u00ed bojov\u00fd Sc\u00e9ny Design Tee"},"content":{"rendered":"<p>Uka\u017ete svou vojenskou hrdost stylov\u011b s na\u0161\u00edm personalizovan\u00fdm d\u00e1msk\u00fdm tri\u010dkem s arm\u00e1dn\u00ed postavou, kter\u00e9 je perfektn\u00edm d\u00e1rkem pro voja\u010dky, veter\u00e1ny a arm\u00e1dn\u00ed nad\u0161ence. Nahrajte svou obl\u00edbenou fotografii a my ji prom\u011bn\u00edme v dynamickou arm\u00e1dn\u00ed postavu v pln\u00e9 v\u00fdstroji na pozad\u00ed \u00fachvatn\u00e9ho boji\u0161t\u011b. Toto tri\u010dko je vyrobeno z ultrajemn\u00e9 100% bavlny a poti\u0161t\u011bno pr\u00e9miovou technologi\u00ed DTG. Nab\u00edz\u00ed pohodl\u00ed, odolnost a \u017eiv\u00e9 detaily. A\u0165 u\u017e je to k narozenin\u00e1m, promoci nebo jen na po\u010dest va\u0161\u00ed l\u00e1sky k arm\u00e1d\u011b, toto tri\u010dko na m\u00edru je siln\u00fdm a osobn\u00edm zp\u016fsobem, jak ji vyj\u00e1d\u0159it.<\/p>","protected":false},"excerpt":{"rendered":"<p>Oslavte \u017eeny ve slu\u017eb\u011b personalizovan\u00fdm arm\u00e1dn\u00edm tri\u010dkem pro \u017eeny. Vlastn\u00ed vojensk\u00e9 d\u00e1rkov\u00e9 tri\u010dka prom\u011bn\u00ed jakoukoli fotografii v odv\u00e1\u017en\u00e9, jedine\u010dn\u00e9 tri\u010dko.<\/p>","protected":false},"featured_media":129760,"comment_status":"open","ping_status":"closed","template":"","meta":{"_acf_changed":false},"product_brand":[],"product_cat":[6191,6324,6412,6428,75,6354],"product_tag":[6214,6433,6328,229,6215],"class_list":{"0":"post-129677","1":"product","2":"type-product","3":"status-publish","4":"has-post-thumbnail","6":"product_cat-t-shirts-women","7":"product_cat-custom-gifts-ai-army","8":"product_cat-photo-to-tees","9":"product_cat-translate-products","10":"product_cat-women","11":"product_cat-womens-profession-t-shirts","12":"product_tag-affordable-custom-t-shirts","13":"product_tag-ai-artwork","14":"product_tag-custom-image-t-shirt-for-women","15":"product_tag-custom-tee-shirts","16":"product_tag-screen-printing-near-me","18":"first","19":"instock","20":"taxable","21":"shipping-taxable","22":"purchasable","23":"product-type-simple"},"acf":[],"wcpa_form_fields":null,"_links":{"self":[{"href":"https:\/\/www.customywear.com\/cs\/wp-json\/wp\/v2\/product\/129677","targetHints":{"allow":["GET"]}}],"collection":[{"href":"https:\/\/www.customywear.com\/cs\/wp-json\/wp\/v2\/product"}],"about":[{"href":"https:\/\/www.customywear.com\/cs\/wp-json\/wp\/v2\/types\/product"}],"replies":[{"embeddable":true,"href":"https:\/\/www.customywear.com\/cs\/wp-json\/wp\/v2\/comments?post=129677"}],"wp:featuredmedia":[{"embeddable":true,"href":"https:\/\/www.customywear.com\/cs\/wp-json\/wp\/v2\/media\/129760"}],"wp:attachment":[{"href":"https:\/\/www.customywear.com\/cs\/wp-json\/wp\/v2\/media?parent=129677"}],"wp:term":[{"taxonomy":"product_brand","embeddable":true,"href":"https:\/\/www.customywear.com\/cs\/wp-json\/wp\/v2\/product_brand?post=129677"},{"taxonomy":"product_cat","embeddable":true,"href":"https:\/\/www.customywear.com\/cs\/wp-json\/wp\/v2\/product_cat?post=129677"},{"taxonomy":"product_tag","embeddable":true,"href":"https:\/\/www.customywear.com\/cs\/wp-json\/wp\/v2\/product_tag?post=129677"}],"curies":[{"name":"wp","href":"https:\/\/api.w.org\/{rel}","templated":true}]}}