{"id":129706,"date":"2025-04-11T12:47:15","date_gmt":"2025-04-11T12:47:15","guid":{"rendered":"https:\/\/www.customywear.com\/?post_type=product&#038;p=129706"},"modified":"2026-05-05T20:24:06","modified_gmt":"2026-05-05T20:24:06","slug":"personalizovane-vojenske-tricko-fotka-muzi","status":"publish","type":"product","link":"https:\/\/www.customywear.com\/cs\/custom-military-photo-t-shirt-men\/","title":{"rendered":"P\u00e1nsk\u00e9 tri\u010dko s vojenskou fotografi\u00ed na zak\u00e1zku \u2013 personalizovan\u00fd d\u00e1rek pro voj\u00e1ky a veter\u00e1ny, unik\u00e1tn\u00ed tri\u010dko s arm\u00e1dn\u00ed t\u00e9matikou"},"content":{"rendered":"<p>Oslavte vojenskou hrdost s na\u0161\u00edm personalizovan\u00fdm p\u00e1nsk\u00fdm tri\u010dkem s vojenskou fotografi\u00ed na zak\u00e1zku, kter\u00e9 je perfektn\u00edm d\u00e1rkem pro voj\u00e1ky, veter\u00e1ny a milovn\u00edky arm\u00e1dy. Jednodu\u0161e nahrajte fotografii a my ji prom\u011bn\u00edme v \u00fa\u017easnou ilustraci arm\u00e1dn\u00ed postavy zasazen\u00e9 do realistick\u00e9 bojov\u00e9 sc\u00e9ny. Toto tri\u010dko je vyrobeno z m\u011bkk\u00e9 100% bavlny a poti\u0161t\u011bno vysoce kvalitn\u00edmi technikami DTG. Nab\u00edz\u00ed bezkonkuren\u010dn\u00ed pohodl\u00ed, prody\u0161nost a z\u00e1\u0159iv\u00e9 a trvanliv\u00e9 detaily. A\u0165 u\u017e k narozenin\u00e1m, v\u00fdro\u010d\u00ed, promoci nebo jen tak \u2013 budou ho nosit s hrdost\u00ed a radost\u00ed.<\/p>","protected":false},"excerpt":{"rendered":"<p>Uct\u00edvejte veter\u00e1ny vlastn\u00edm vojensk\u00fdm fotografick\u00fdm tri\u010dkem pro mu\u017ee. Personalizovan\u00e1 tri\u010dka s arm\u00e1dn\u00ed tematikou prom\u011bn\u00ed jakoukoli fotografii v odv\u00e1\u017en\u00e9, jedine\u010dn\u00e9 tri\u010dko.<\/p>","protected":false},"featured_media":129739,"comment_status":"open","ping_status":"closed","template":"","meta":{"_acf_changed":false},"product_brand":[],"product_cat":[6195,6324,186,6341,6412,6428],"product_tag":[6433,6327,6216],"class_list":{"0":"post-129706","1":"product","2":"type-product","3":"status-publish","4":"has-post-thumbnail","6":"product_cat-t-shirts-men","7":"product_cat-custom-gifts-ai-army","8":"product_cat-men","9":"product_cat-mens-profession-t-shirts","10":"product_cat-photo-to-tees","11":"product_cat-translate-products","12":"product_tag-ai-artwork","13":"product_tag-custom-photo-t-shirt-for-men","14":"product_tag-mens-custom-t-shirts","16":"first","17":"instock","18":"taxable","19":"shipping-taxable","20":"purchasable","21":"product-type-simple"},"acf":[],"wcpa_form_fields":null,"_links":{"self":[{"href":"https:\/\/www.customywear.com\/cs\/wp-json\/wp\/v2\/product\/129706","targetHints":{"allow":["GET"]}}],"collection":[{"href":"https:\/\/www.customywear.com\/cs\/wp-json\/wp\/v2\/product"}],"about":[{"href":"https:\/\/www.customywear.com\/cs\/wp-json\/wp\/v2\/types\/product"}],"replies":[{"embeddable":true,"href":"https:\/\/www.customywear.com\/cs\/wp-json\/wp\/v2\/comments?post=129706"}],"wp:featuredmedia":[{"embeddable":true,"href":"https:\/\/www.customywear.com\/cs\/wp-json\/wp\/v2\/media\/129739"}],"wp:attachment":[{"href":"https:\/\/www.customywear.com\/cs\/wp-json\/wp\/v2\/media?parent=129706"}],"wp:term":[{"taxonomy":"product_brand","embeddable":true,"href":"https:\/\/www.customywear.com\/cs\/wp-json\/wp\/v2\/product_brand?post=129706"},{"taxonomy":"product_cat","embeddable":true,"href":"https:\/\/www.customywear.com\/cs\/wp-json\/wp\/v2\/product_cat?post=129706"},{"taxonomy":"product_tag","embeddable":true,"href":"https:\/\/www.customywear.com\/cs\/wp-json\/wp\/v2\/product_tag?post=129706"}],"curies":[{"name":"wp","href":"https:\/\/api.w.org\/{rel}","templated":true}]}}