{"id":130168,"date":"2025-04-25T11:07:09","date_gmt":"2025-04-25T11:07:09","guid":{"rendered":"https:\/\/www.customywear.com\/?post_type=product&#038;p=130168"},"modified":"2026-05-07T15:29:31","modified_gmt":"2026-05-07T15:29:31","slug":"personalizovane-kucharske-tricko-pro-batolata","status":"publish","type":"product","link":"https:\/\/www.customywear.com\/cs\/toddler-girl-personalized-chef-tshirt\/","title":{"rendered":"Vlastn\u00ed Kucha\u0159, T-Ko\u0161ile pro Batole D\u00edvky \u2013 Osobn\u00ed D\u00e1rek pro Mal\u00e9 Peka\u0159stv\u00ed, Mini Kucha\u0159i, Budoucnost Pe\u010divo Queens &amp; BBQ Hv\u011bzdy"},"content":{"rendered":"<p>Nechte sv\u00e9 batole d\u00edvka kulin\u00e1\u0159sk\u00e9 sny vzl\u00e9tnout s na\u0161\u00ed rozko\u0161n\u00fd Vlastn\u00ed \u0160\u00e9f T-Shirt! Tento jedine\u010dn\u00fd osobn\u00ed d\u00e1rek prom\u011bn\u00ed va\u0161e mal\u00e1 princezna fotku do okouzluj\u00edc\u00ed mini kucha\u0159, kompletn\u00ed s roztomil\u00e9 kucha\u0159 klobouk a kuchyn\u011b speciality. Zda je p\u0159edstavovat si sama sebe jako pe\u010divo kr\u00e1lovna, BBQ master, nebo kuchy\u0148sk\u00fd pomocn\u00edk, toto hrav\u00e9 tri\u010dko paliv kreativitu a z\u00e1bavu. Vyrobeno z m\u011bkk\u00e9, prody\u0161n\u00e9 100% bavlny a p\u0159edstavovat z\u00e1\u0159iv\u00e9, dlouhotrvaj\u00edc\u00ed DTG tisk, zaji\u0161\u0165uje pohodl\u00ed a trvanlivost prost\u0159ednictv\u00edm ka\u017ed\u00e9 dobrodru\u017estv\u00ed. Perfektn\u00ed d\u00e1rek pro narozeniny, sv\u00e1tky, nebo n\u011bjak\u00e9 speci\u00e1ln\u00ed oslavy, kter\u00e9 bude z n\u00ed velk\u00fd \u00fasm\u011bv!<\/p>","protected":false},"excerpt":{"rendered":"<p>Inspirujte mal\u00e9 kucha\u0159e tri\u010dkem Custom Chef pro batolata. Personalizovan\u00e9 d\u00e1rky prom\u011bn\u00ed jakoukoli fotografii v hrav\u00e9, jedine\u010dn\u00e9 tri\u010dko.<\/p>","protected":false},"featured_media":130380,"comment_status":"open","ping_status":"closed","template":"","meta":{"_acf_changed":false},"product_brand":[],"product_cat":[6207,6325,6412,6428],"product_tag":[6433,6439,6221],"class_list":{"0":"post-130168","1":"product","2":"type-product","3":"status-publish","4":"has-post-thumbnail","6":"product_cat-toddler-girl-t-shirts","7":"product_cat-custom-gifts-chef-artworks","8":"product_cat-photo-to-tees","9":"product_cat-translate-products","10":"product_tag-ai-artwork","11":"product_tag-ai-kids-artwork","12":"product_tag-custom-t-shirts-near-me","14":"first","15":"instock","16":"taxable","17":"shipping-taxable","18":"purchasable","19":"product-type-simple"},"acf":[],"wcpa_form_fields":null,"_links":{"self":[{"href":"https:\/\/www.customywear.com\/cs\/wp-json\/wp\/v2\/product\/130168","targetHints":{"allow":["GET"]}}],"collection":[{"href":"https:\/\/www.customywear.com\/cs\/wp-json\/wp\/v2\/product"}],"about":[{"href":"https:\/\/www.customywear.com\/cs\/wp-json\/wp\/v2\/types\/product"}],"replies":[{"embeddable":true,"href":"https:\/\/www.customywear.com\/cs\/wp-json\/wp\/v2\/comments?post=130168"}],"wp:featuredmedia":[{"embeddable":true,"href":"https:\/\/www.customywear.com\/cs\/wp-json\/wp\/v2\/media\/130380"}],"wp:attachment":[{"href":"https:\/\/www.customywear.com\/cs\/wp-json\/wp\/v2\/media?parent=130168"}],"wp:term":[{"taxonomy":"product_brand","embeddable":true,"href":"https:\/\/www.customywear.com\/cs\/wp-json\/wp\/v2\/product_brand?post=130168"},{"taxonomy":"product_cat","embeddable":true,"href":"https:\/\/www.customywear.com\/cs\/wp-json\/wp\/v2\/product_cat?post=130168"},{"taxonomy":"product_tag","embeddable":true,"href":"https:\/\/www.customywear.com\/cs\/wp-json\/wp\/v2\/product_tag?post=130168"}],"curies":[{"name":"wp","href":"https:\/\/api.w.org\/{rel}","templated":true}]}}