{"id":130179,"date":"2025-04-25T11:07:09","date_gmt":"2025-04-25T11:07:09","guid":{"rendered":"https:\/\/www.customywear.com\/?post_type=product&#038;p=130179"},"modified":"2026-05-07T15:29:31","modified_gmt":"2026-05-07T15:29:31","slug":"tricko-divky-kuchar-tshirt-na-miru","status":"publish","type":"product","link":"https:\/\/www.customywear.com\/cs\/personalized-girls-chef-cooking-shirt\/","title":{"rendered":"Osobn\u00ed D\u00edv\u010d\u00ed \u0160\u00e9f T-Shirt \u2013 Vlastn\u00ed Va\u0159en\u00ed Tri\u010dko pro Mlad\u00e9 Peka\u0159e, Budouc\u00ed \u0160\u00e9fkucha\u0159i, BBQ Hv\u011bzdy A Kulin\u00e1\u0159sk\u00e9 Nad\u0161ence"},"content":{"rendered":"<p>Palivo sv\u00e9 kuchyn\u011b sn\u016f s na\u0161\u00ed Personalizovan\u00e9 D\u00edv\u010d\u00ed \u0160\u00e9f T-Shirt, navr\u017een\u00fd se obr\u00e1tit v\u00e1\u0161 mal\u00fd n\u011b\u010d\u00ed fotografie do barevn\u00e9 vlastn\u00ed kucha\u0159 portr\u00e9t! Vyrobeno z ultra-m\u011bkk\u00e9 100% bavlny, tato pr\u00e9mie tri\u010dko nab\u00edz\u00ed dlouhotrvaj\u00edc\u00ed pohodl\u00ed a styl pro budouc\u00ed \u0161\u00e9fkucha\u0159i, junior peka\u0159i, BBQ champs, a kulin\u00e1\u0159sk\u00e9 \u0161koly nad\u011bj\u00ed. Pomoc\u00ed pokro\u010dil\u00fdch DTG tisk, ka\u017ed\u00fd pulzuj\u00edc\u00ed design zachycuje jej\u00ed v\u00e1\u0161e\u0148 pro va\u0159en\u00ed a z\u016fstane jasn\u00fd, i po mnoha pran\u00ed. Perfektn\u00ed narozeniny, sv\u00e1tek, nebo zvl\u00e1\u0161tn\u00ed p\u0159\u00edle\u017eitosti d\u00e1rek inspirovat mlad\u00e9 d\u00edvky, aby pron\u00e1sledov\u00e1n\u00ed sv\u00e9 kulin\u00e1\u0159sk\u00e9 ambice s hrdost\u00ed!<\/p>","protected":false},"excerpt":{"rendered":"<p>Celebrate culinary passion with a Personalized Girls&#8217; Chef T-Shirt. Custom Cooking Shirts turn any photo into a one-of-a-kind t-shirt for young bakers.<\/p>","protected":false},"featured_media":130346,"comment_status":"open","ping_status":"closed","template":"","meta":{"_acf_changed":false},"product_brand":[],"product_cat":[6193,6325,152,6412,6428,58],"product_tag":[6433,6439,6331,6221],"class_list":{"0":"post-130179","1":"product","2":"type-product","3":"status-publish","4":"has-post-thumbnail","6":"product_cat-girls-t-shirts","7":"product_cat-custom-gifts-chef-artworks","8":"product_cat-girls","9":"product_cat-photo-to-tees","10":"product_cat-translate-products","11":"product_cat-youth-kids","12":"product_tag-ai-artwork","13":"product_tag-ai-kids-artwork","14":"product_tag-custom-picture-t-shirt-for-girls","15":"product_tag-custom-t-shirts-near-me","17":"first","18":"instock","19":"taxable","20":"shipping-taxable","21":"purchasable","22":"product-type-simple"},"acf":[],"wcpa_form_fields":null,"_links":{"self":[{"href":"https:\/\/www.customywear.com\/cs\/wp-json\/wp\/v2\/product\/130179","targetHints":{"allow":["GET"]}}],"collection":[{"href":"https:\/\/www.customywear.com\/cs\/wp-json\/wp\/v2\/product"}],"about":[{"href":"https:\/\/www.customywear.com\/cs\/wp-json\/wp\/v2\/types\/product"}],"replies":[{"embeddable":true,"href":"https:\/\/www.customywear.com\/cs\/wp-json\/wp\/v2\/comments?post=130179"}],"wp:featuredmedia":[{"embeddable":true,"href":"https:\/\/www.customywear.com\/cs\/wp-json\/wp\/v2\/media\/130346"}],"wp:attachment":[{"href":"https:\/\/www.customywear.com\/cs\/wp-json\/wp\/v2\/media?parent=130179"}],"wp:term":[{"taxonomy":"product_brand","embeddable":true,"href":"https:\/\/www.customywear.com\/cs\/wp-json\/wp\/v2\/product_brand?post=130179"},{"taxonomy":"product_cat","embeddable":true,"href":"https:\/\/www.customywear.com\/cs\/wp-json\/wp\/v2\/product_cat?post=130179"},{"taxonomy":"product_tag","embeddable":true,"href":"https:\/\/www.customywear.com\/cs\/wp-json\/wp\/v2\/product_tag?post=130179"}],"curies":[{"name":"wp","href":"https:\/\/api.w.org\/{rel}","templated":true}]}}