{"id":130196,"date":"2025-04-25T11:07:10","date_gmt":"2025-04-25T11:07:10","guid":{"rendered":"https:\/\/www.customywear.com\/?post_type=product&#038;p=130196"},"modified":"2026-05-07T15:29:31","modified_gmt":"2026-05-07T15:29:31","slug":"personalizovane-chlapec-shef-tricko","status":"publish","type":"product","link":"https:\/\/www.customywear.com\/cs\/custom-chef-tshirt-for-boys\/","title":{"rendered":"Vlastn\u00ed Va\u0159en\u00ed Chef Tri\u010dko pro Kluky \u2013 Osobn\u00ed D\u00e1rek pro Mlad\u00e9 Kucha\u0159e, Budoucnost Gril Mistr\u016f, Pe\u010divo Um\u011blc\u016f A Kulin\u00e1\u0159sk\u00e9 Studenty"},"content":{"rendered":"<p class=\"\" data-start=\"368\" data-end=\"963\">Inspirovat va\u0161e d\u00edt\u011b je kulin\u00e1\u0159sk\u00e9 sny s na\u0161\u00ed Vlastn\u00ed Va\u0159en\u00ed \u0160\u00e9fkucha\u0159 T-Shirt pro Kluky, osobn\u00ed soustru\u017een\u00ed sv\u00e9 fotografie do \u017eiv\u00e9 \u0161\u00e9fkucha\u0159 um\u011bleck\u00e1 d\u00edla! Vyroben\u00e9 ze 100% m\u011bkk\u00e9 bavlny, trvanliv\u00e9, pohodln\u00e9 tri\u010dko je ide\u00e1ln\u00ed pro mlad\u00e9 kucha\u0159e, za\u010d\u00ednaj\u00edc\u00ed gril mistr\u016f, pe\u010divo um\u011blc\u016f, nebo kulin\u00e1\u0159sk\u00e9 studenty. S premium DTG tisk, \u017eiv\u00fd design z\u016fst\u00e1v\u00e1 \u017eiv\u00e9 i po mnoha pran\u00ed. Ide\u00e1ln\u00ed pro narozeniny, sv\u00e1tky, pov\u00fd\u0161en\u00ed, nebo jakoukoliv oslavu, tento custom t-shirt je p\u0159em\u00fd\u0161liv\u00fd, motivuj\u00edc\u00ed dar, kter\u00fd umo\u017e\u0148uje d\u011btem nosit svou v\u00e1\u0161e\u0148 s pride!<\/p>","protected":false},"excerpt":{"rendered":"<p>Uva\u0159te si z\u00e1bavu s vlastn\u00edm tri\u010dkem kucha\u0159sk\u00e9ho kucha\u0159e pro chlapce. Personalizovan\u00e9 d\u00e1rky prom\u011bn\u00ed jakoukoli fotografii v hrav\u00e9, jedine\u010dn\u00e9 tri\u010dko pro mlad\u00e9 kucha\u0159e.<\/p>","protected":false},"featured_media":130325,"comment_status":"open","ping_status":"closed","template":"","meta":{"_acf_changed":false},"product_brand":[],"product_cat":[6189,6325,6412,6428],"product_tag":[6433,6439,6221,6330],"class_list":{"0":"post-130196","1":"product","2":"type-product","3":"status-publish","4":"has-post-thumbnail","6":"product_cat-boys-t-shirts","7":"product_cat-custom-gifts-chef-artworks","8":"product_cat-photo-to-tees","9":"product_cat-translate-products","10":"product_tag-ai-artwork","11":"product_tag-ai-kids-artwork","12":"product_tag-custom-t-shirts-near-me","13":"product_tag-photo-print-t-shirt-for-boys","15":"first","16":"instock","17":"taxable","18":"shipping-taxable","19":"purchasable","20":"product-type-simple"},"acf":[],"wcpa_form_fields":null,"_links":{"self":[{"href":"https:\/\/www.customywear.com\/cs\/wp-json\/wp\/v2\/product\/130196","targetHints":{"allow":["GET"]}}],"collection":[{"href":"https:\/\/www.customywear.com\/cs\/wp-json\/wp\/v2\/product"}],"about":[{"href":"https:\/\/www.customywear.com\/cs\/wp-json\/wp\/v2\/types\/product"}],"replies":[{"embeddable":true,"href":"https:\/\/www.customywear.com\/cs\/wp-json\/wp\/v2\/comments?post=130196"}],"wp:featuredmedia":[{"embeddable":true,"href":"https:\/\/www.customywear.com\/cs\/wp-json\/wp\/v2\/media\/130325"}],"wp:attachment":[{"href":"https:\/\/www.customywear.com\/cs\/wp-json\/wp\/v2\/media?parent=130196"}],"wp:term":[{"taxonomy":"product_brand","embeddable":true,"href":"https:\/\/www.customywear.com\/cs\/wp-json\/wp\/v2\/product_brand?post=130196"},{"taxonomy":"product_cat","embeddable":true,"href":"https:\/\/www.customywear.com\/cs\/wp-json\/wp\/v2\/product_cat?post=130196"},{"taxonomy":"product_tag","embeddable":true,"href":"https:\/\/www.customywear.com\/cs\/wp-json\/wp\/v2\/product_tag?post=130196"}],"curies":[{"name":"wp","href":"https:\/\/api.w.org\/{rel}","templated":true}]}}