{"id":130213,"date":"2025-04-25T11:07:10","date_gmt":"2025-04-25T11:07:10","guid":{"rendered":"https:\/\/www.customywear.com\/?post_type=product&#038;p=130213"},"modified":"2026-05-07T15:29:31","modified_gmt":"2026-05-07T15:29:31","slug":"tricko-toddler-chlapec-shef-personalizovane","status":"publish","type":"product","link":"https:\/\/www.customywear.com\/cs\/toddler-boy-custom-chef-tshirt\/","title":{"rendered":"Vlastn\u00ed Kucha\u0159, T-Ko\u0161ile pro Batole Chlapci \u2013 Osobn\u00ed Foto D\u00e1rek pro Mal\u00e9 Budouc\u00ed Kucha\u0159i, Gril Mistr\u016f, Pe\u010divo Odborn\u00edci A Dal\u0161\u00ed"},"content":{"rendered":"<p>Zapalte va\u0161e batole chlapec fantazii s na\u0161\u00ed Vlastn\u00ed \u0160\u00e9f T-Shirt, navr\u017een\u00fd se obr\u00e1tit v\u00e1\u0161 mal\u00fd jeden na kulin\u00e1\u0159skou hv\u011bzdu! Nahr\u00e1t va\u0161e d\u00edt\u011b je rozko\u0161n\u00fd fotografii a sledovat jej transformovat do mistrovsk\u00e9 d\u00edlo \u0161\u00e9fkucha\u0159e, kompletn\u00ed s \u0161\u00e9fkucha\u0159e klobouk a chutn\u00e9 pokrmy v ruce. Ide\u00e1ln\u00ed pro narozeniny, sv\u00e1tky a zvl\u00e1\u0161tn\u00ed p\u0159\u00edle\u017eitosti, tento jedine\u010dn\u00fd a z\u00e1bavn\u00e9 tri\u010dko inspiruje kreativitu a hrav\u00e9 dobrodru\u017estv\u00ed. Vyrobeny z ultra-m\u011bkk\u00fd, 100% premium bavlny a s potiskem z\u00e1\u0159iv\u00e9, trvanliv\u00e9 technologie DTG, nab\u00edz\u00ed jak pohodl\u00ed a trval\u00e9 vzpom\u00ednky. Mus\u00edte m\u00edt osobn\u00ed d\u00e1rek pro v\u0161echny mal\u00e9 za\u010d\u00ednaj\u00edc\u00ed kucha\u0159e!<\/p>","protected":false},"excerpt":{"rendered":"<p>Inspirujte budouc\u00ed kucha\u0159e tri\u010dkem Custom Chef pro batolata. Personalizovan\u00e9 fotografick\u00e9 d\u00e1rky prom\u011bn\u00ed jakoukoli fotografii v z\u00e1bavn\u00e9, jedine\u010dn\u00e9 tri\u010dko.<\/p>","protected":false},"featured_media":130368,"comment_status":"open","ping_status":"closed","template":"","meta":{"_acf_changed":false},"product_brand":[],"product_cat":[6209,6325,6412,6428],"product_tag":[6433,6439,6221],"class_list":{"0":"post-130213","1":"product","2":"type-product","3":"status-publish","4":"has-post-thumbnail","6":"product_cat-toddler-boy-t-shirts","7":"product_cat-custom-gifts-chef-artworks","8":"product_cat-photo-to-tees","9":"product_cat-translate-products","10":"product_tag-ai-artwork","11":"product_tag-ai-kids-artwork","12":"product_tag-custom-t-shirts-near-me","14":"first","15":"instock","16":"taxable","17":"shipping-taxable","18":"purchasable","19":"product-type-simple"},"acf":[],"wcpa_form_fields":null,"_links":{"self":[{"href":"https:\/\/www.customywear.com\/cs\/wp-json\/wp\/v2\/product\/130213","targetHints":{"allow":["GET"]}}],"collection":[{"href":"https:\/\/www.customywear.com\/cs\/wp-json\/wp\/v2\/product"}],"about":[{"href":"https:\/\/www.customywear.com\/cs\/wp-json\/wp\/v2\/types\/product"}],"replies":[{"embeddable":true,"href":"https:\/\/www.customywear.com\/cs\/wp-json\/wp\/v2\/comments?post=130213"}],"wp:featuredmedia":[{"embeddable":true,"href":"https:\/\/www.customywear.com\/cs\/wp-json\/wp\/v2\/media\/130368"}],"wp:attachment":[{"href":"https:\/\/www.customywear.com\/cs\/wp-json\/wp\/v2\/media?parent=130213"}],"wp:term":[{"taxonomy":"product_brand","embeddable":true,"href":"https:\/\/www.customywear.com\/cs\/wp-json\/wp\/v2\/product_brand?post=130213"},{"taxonomy":"product_cat","embeddable":true,"href":"https:\/\/www.customywear.com\/cs\/wp-json\/wp\/v2\/product_cat?post=130213"},{"taxonomy":"product_tag","embeddable":true,"href":"https:\/\/www.customywear.com\/cs\/wp-json\/wp\/v2\/product_tag?post=130213"}],"curies":[{"name":"wp","href":"https:\/\/api.w.org\/{rel}","templated":true}]}}