{"id":133482,"date":"2025-05-16T12:39:34","date_gmt":"2025-05-16T12:39:34","guid":{"rendered":"https:\/\/www.customywear.com\/?post_type=product&#038;p=133482"},"modified":"2026-05-07T15:29:31","modified_gmt":"2026-05-07T15:29:31","slug":"tricko-dansko-miminko-personalizovane","status":"publish","type":"product","link":"https:\/\/www.customywear.com\/cs\/personalized-denmark-toddler-shirt\/","title":{"rendered":"Personalizovan\u00e9 d\u00edv\u010d\u00ed tri\u010dko s d\u00e1nskou vlajkou \u2013 tri\u010dko s motivem d\u00e1nsk\u00e9 vlajky na m\u00edru, m\u011bkk\u00fd bavln\u011bn\u00fd kulturn\u00ed d\u00e1rek."},"content":{"rendered":"<p>Oslavte d\u00e1nsk\u00e9 d\u011bdictv\u00ed s na\u0161\u00edm personalizovan\u00fdm tri\u010dkem pro batolata s d\u00e1nskou tematikou. Toto okouzluj\u00edc\u00ed tri\u010dko prom\u011bn\u00ed fotografii va\u0161eho d\u00edt\u011bte ve vesel\u00fd kreslen\u00fd portr\u00e9t a obl\u00e9kne ho do tradi\u010dn\u00edch \u0161at\u016f s d\u00e1nskou vlajkou na pozad\u00ed inspirovan\u00e9m D\u00e1nskem. Toto tri\u010dko je vyrobeno ze 100% m\u011bkk\u00e9 bavlny a poti\u0161t\u011bno vysoce kvalitn\u00ed technologi\u00ed DTG (direct-to-garment). Nab\u00edz\u00ed z\u00e1\u0159iv\u00e9 a trvanliv\u00e9 barvy a p\u0159\u00edjemn\u00e9 pohodl\u00ed. Ka\u017ed\u00fd design na m\u00edru se stane smyslupln\u00fdm kulturn\u00edm suven\u00fdrem, ide\u00e1ln\u00edm pro narozeniny, svatby, v\u00fdro\u010d\u00ed nebo jako d\u00e1rek na cesty.<\/p>","protected":false},"excerpt":{"rendered":"<p>Honor Heritage s personalizovan\u00fdm tri\u010dkem pro batolec\u00ed d\u00edvku v D\u00e1nsku. Vlastn\u00ed tri\u010dka na fotografie \u0161at\u016f s d\u00e1nsk\u00fdm vlajkou Prom\u011b\u0148te jakoukoli fotografii v m\u011bkk\u00e9 tri\u010dko na pam\u00e1tku.<\/p>","protected":false},"featured_media":133638,"comment_status":"open","ping_status":"closed","template":"","meta":{"_acf_changed":false},"product_brand":[],"product_cat":[6207,6379,6412,6428],"product_tag":[6433,6439,6221],"class_list":{"0":"post-133482","1":"product","2":"type-product","3":"status-publish","4":"has-post-thumbnail","6":"product_cat-toddler-girl-t-shirts","7":"product_cat-custom-gifts-denmark-culture","8":"product_cat-photo-to-tees","9":"product_cat-translate-products","10":"product_tag-ai-artwork","11":"product_tag-ai-kids-artwork","12":"product_tag-custom-t-shirts-near-me","14":"first","15":"instock","16":"taxable","17":"shipping-taxable","18":"purchasable","19":"product-type-simple"},"acf":[],"wcpa_form_fields":null,"_links":{"self":[{"href":"https:\/\/www.customywear.com\/cs\/wp-json\/wp\/v2\/product\/133482","targetHints":{"allow":["GET"]}}],"collection":[{"href":"https:\/\/www.customywear.com\/cs\/wp-json\/wp\/v2\/product"}],"about":[{"href":"https:\/\/www.customywear.com\/cs\/wp-json\/wp\/v2\/types\/product"}],"replies":[{"embeddable":true,"href":"https:\/\/www.customywear.com\/cs\/wp-json\/wp\/v2\/comments?post=133482"}],"wp:featuredmedia":[{"embeddable":true,"href":"https:\/\/www.customywear.com\/cs\/wp-json\/wp\/v2\/media\/133638"}],"wp:attachment":[{"href":"https:\/\/www.customywear.com\/cs\/wp-json\/wp\/v2\/media?parent=133482"}],"wp:term":[{"taxonomy":"product_brand","embeddable":true,"href":"https:\/\/www.customywear.com\/cs\/wp-json\/wp\/v2\/product_brand?post=133482"},{"taxonomy":"product_cat","embeddable":true,"href":"https:\/\/www.customywear.com\/cs\/wp-json\/wp\/v2\/product_cat?post=133482"},{"taxonomy":"product_tag","embeddable":true,"href":"https:\/\/www.customywear.com\/cs\/wp-json\/wp\/v2\/product_tag?post=133482"}],"curies":[{"name":"wp","href":"https:\/\/api.w.org\/{rel}","templated":true}]}}