{"id":133485,"date":"2025-05-16T12:39:34","date_gmt":"2025-05-16T12:39:34","guid":{"rendered":"https:\/\/www.customywear.com\/?post_type=product&#038;p=133485"},"modified":"2026-05-07T15:29:31","modified_gmt":"2026-05-07T15:29:31","slug":"tricko-divky-danska-vlajka-na-miru","status":"publish","type":"product","link":"https:\/\/www.customywear.com\/cs\/girls-danish-flag-custom-t-shirt\/","title":{"rendered":"D\u00edv\u010d\u00ed tri\u010dko s d\u00e1nskou vlajkou na zak\u00e1zku \u2013 personalizovan\u00fd portr\u00e9t v \u0161atech s d\u00e1nskou vlajkou | D\u011btsk\u00fd kulturn\u00ed d\u00e1rek na pam\u00e1tku"},"content":{"rendered":"<p>Prom\u011b\u0148te obl\u00edbenou fotografii va\u0161\u00ed hol\u010di\u010dky v okouzluj\u00edc\u00ed um\u011bleck\u00e9 d\u00edlo s na\u0161\u00edm tri\u010dkem s d\u00e1nskou vlajkou na m\u00edru. Toto tri\u010dko ze 100% m\u011bkk\u00e9 bavlny s rozko\u0161n\u00fdm pozad\u00edm inspirovan\u00fdm D\u00e1nskem a va\u0161\u00ed dcerou v tradi\u010dn\u00edm d\u00e1nsk\u00e9m \u0161atn\u00edku v podob\u011b rozmarn\u00e9 postavi\u010dky je poti\u0161t\u011bno blednouc\u00edmi inkousty DTG pro dlouhotrvaj\u00edc\u00ed z\u00e1\u0159ivost. Je ide\u00e1ln\u00ed pro narozeniny, svatby, rodinn\u00e9 v\u00fdlety nebo jakoukoli p\u0159\u00edle\u017eitost oslavuj\u00edc\u00ed d\u00e1nsk\u00e9 d\u011bdictv\u00ed. Je to personalizovan\u00fd suven\u00fdr, kter\u00fd vnese radost a kulturn\u00ed hrdost do ka\u017ed\u00e9ho \u0161atn\u00edku.<\/p>","protected":false},"excerpt":{"rendered":"<p>Oslavte d\u011bdictv\u00ed s d\u00edv\u010d\u00edm tri\u010dkem na zak\u00e1zkovou d\u00e1nskou vlajku. Personalizovan\u00e9 fotografick\u00e9 portr\u00e9ty v \u0161atech s d\u00e1nskou vlajkou prom\u011bn\u00ed jakoukoli fotografii v kulturn\u00ed tri\u010dko na pam\u00e1tku pro d\u011bti.<\/p>","protected":false},"featured_media":133604,"comment_status":"open","ping_status":"closed","template":"","meta":{"_acf_changed":false},"product_brand":[],"product_cat":[6193,6379,152,6412,6428,58],"product_tag":[6433,6439,6331,6221],"class_list":{"0":"post-133485","1":"product","2":"type-product","3":"status-publish","4":"has-post-thumbnail","6":"product_cat-girls-t-shirts","7":"product_cat-custom-gifts-denmark-culture","8":"product_cat-girls","9":"product_cat-photo-to-tees","10":"product_cat-translate-products","11":"product_cat-youth-kids","12":"product_tag-ai-artwork","13":"product_tag-ai-kids-artwork","14":"product_tag-custom-picture-t-shirt-for-girls","15":"product_tag-custom-t-shirts-near-me","17":"first","18":"instock","19":"taxable","20":"shipping-taxable","21":"purchasable","22":"product-type-simple"},"acf":[],"wcpa_form_fields":null,"_links":{"self":[{"href":"https:\/\/www.customywear.com\/cs\/wp-json\/wp\/v2\/product\/133485","targetHints":{"allow":["GET"]}}],"collection":[{"href":"https:\/\/www.customywear.com\/cs\/wp-json\/wp\/v2\/product"}],"about":[{"href":"https:\/\/www.customywear.com\/cs\/wp-json\/wp\/v2\/types\/product"}],"replies":[{"embeddable":true,"href":"https:\/\/www.customywear.com\/cs\/wp-json\/wp\/v2\/comments?post=133485"}],"wp:featuredmedia":[{"embeddable":true,"href":"https:\/\/www.customywear.com\/cs\/wp-json\/wp\/v2\/media\/133604"}],"wp:attachment":[{"href":"https:\/\/www.customywear.com\/cs\/wp-json\/wp\/v2\/media?parent=133485"}],"wp:term":[{"taxonomy":"product_brand","embeddable":true,"href":"https:\/\/www.customywear.com\/cs\/wp-json\/wp\/v2\/product_brand?post=133485"},{"taxonomy":"product_cat","embeddable":true,"href":"https:\/\/www.customywear.com\/cs\/wp-json\/wp\/v2\/product_cat?post=133485"},{"taxonomy":"product_tag","embeddable":true,"href":"https:\/\/www.customywear.com\/cs\/wp-json\/wp\/v2\/product_tag?post=133485"}],"curies":[{"name":"wp","href":"https:\/\/api.w.org\/{rel}","templated":true}]}}