{"id":133495,"date":"2025-05-16T12:39:35","date_gmt":"2025-05-16T12:39:35","guid":{"rendered":"https:\/\/www.customywear.com\/?post_type=product&#038;p=133495"},"modified":"2026-05-07T15:29:31","modified_gmt":"2026-05-07T15:29:31","slug":"tricko-pro-batolata-a-chlapce-s-danskou-kulturou-na-zakazku","status":"publish","type":"product","link":"https:\/\/www.customywear.com\/cs\/toddler-boys-denmark-culture-custom-tshirt\/","title":{"rendered":"Tri\u010dko s vlastn\u00edm obr\u00e1zkem d\u00e1nsk\u00e9 kultury pro batolec\u00ed chlapce \u2013 personalizovan\u00fd portr\u00e9t s fotografi\u00ed v od\u011bvu s d\u00e1nskou vlajkou | D\u011btsk\u00fd d\u00e1rek na pam\u00e1tku s d\u00e1nsk\u00fdm d\u011bdictv\u00edm"},"content":{"rendered":"<p>Prom\u011b\u0148te fotografii sv\u00e9ho batolete v okouzluj\u00edc\u00ed postavi\u010dku s d\u00e1nskou vlajkou s na\u0161\u00edm tri\u010dkem s motivem d\u00e1nsk\u00e9 kultury. Toto personalizovan\u00e9 tri\u010dko je vyrobeno ze 100% m\u011bkk\u00e9 bavlny a poti\u0161t\u011bno pr\u00e9miovou technologi\u00ed DTG. Nab\u00edz\u00ed z\u00e1\u0159iv\u00fd, prateln\u00fd design, kter\u00fd oslavuje bohat\u00e9 d\u011bdictv\u00ed D\u00e1nska. Ka\u017ed\u00e9 tri\u010dko je jedine\u010dn\u00fdm um\u011bleck\u00fdm d\u00edlem od zku\u0161en\u00fdch um\u011blc\u016f, ide\u00e1ln\u00edm pro narozeniny, rodinn\u00e9 v\u00fdlety nebo jako d\u00e1rek z up\u0159\u00edmnosti. Zajist\u011bte, aby va\u0161e d\u00edt\u011b vyniklo a v\u00e1\u017eilo si tohoto jedine\u010dn\u00e9ho kulturn\u00edho suven\u00fdru.<\/p>","protected":false},"excerpt":{"rendered":"<p>Uka\u017ete d\u00e1nskou hrdost s tri\u010dkem Custom Image od A Toddler Boy\u2019s Custom Image. Personalizovan\u00e9 fotografick\u00e9 portr\u00e9ty v od\u011bvu z d\u00e1nsk\u00e9 vlajky prom\u011bn\u00ed jakoukoli fotografii v tri\u010dko na pam\u00e1tku d\u011bdictv\u00ed.<\/p>","protected":false},"featured_media":133625,"comment_status":"open","ping_status":"closed","template":"","meta":{"_acf_changed":false},"product_brand":[],"product_cat":[6209,6379,6412,6428],"product_tag":[6433,6439,6221],"class_list":{"0":"post-133495","1":"product","2":"type-product","3":"status-publish","4":"has-post-thumbnail","6":"product_cat-toddler-boy-t-shirts","7":"product_cat-custom-gifts-denmark-culture","8":"product_cat-photo-to-tees","9":"product_cat-translate-products","10":"product_tag-ai-artwork","11":"product_tag-ai-kids-artwork","12":"product_tag-custom-t-shirts-near-me","14":"first","15":"instock","16":"taxable","17":"shipping-taxable","18":"purchasable","19":"product-type-simple"},"acf":[],"wcpa_form_fields":null,"_links":{"self":[{"href":"https:\/\/www.customywear.com\/cs\/wp-json\/wp\/v2\/product\/133495","targetHints":{"allow":["GET"]}}],"collection":[{"href":"https:\/\/www.customywear.com\/cs\/wp-json\/wp\/v2\/product"}],"about":[{"href":"https:\/\/www.customywear.com\/cs\/wp-json\/wp\/v2\/types\/product"}],"replies":[{"embeddable":true,"href":"https:\/\/www.customywear.com\/cs\/wp-json\/wp\/v2\/comments?post=133495"}],"wp:featuredmedia":[{"embeddable":true,"href":"https:\/\/www.customywear.com\/cs\/wp-json\/wp\/v2\/media\/133625"}],"wp:attachment":[{"href":"https:\/\/www.customywear.com\/cs\/wp-json\/wp\/v2\/media?parent=133495"}],"wp:term":[{"taxonomy":"product_brand","embeddable":true,"href":"https:\/\/www.customywear.com\/cs\/wp-json\/wp\/v2\/product_brand?post=133495"},{"taxonomy":"product_cat","embeddable":true,"href":"https:\/\/www.customywear.com\/cs\/wp-json\/wp\/v2\/product_cat?post=133495"},{"taxonomy":"product_tag","embeddable":true,"href":"https:\/\/www.customywear.com\/cs\/wp-json\/wp\/v2\/product_tag?post=133495"}],"curies":[{"name":"wp","href":"https:\/\/api.w.org\/{rel}","templated":true}]}}