{"id":133510,"date":"2025-05-16T12:39:35","date_gmt":"2025-05-16T12:39:35","guid":{"rendered":"https:\/\/www.customywear.com\/?post_type=product&#038;p=133510"},"modified":"2026-05-05T20:23:26","modified_gmt":"2026-05-05T20:23:26","slug":"tricko-zeny-oblecek-dansko-na-miru","status":"publish","type":"product","link":"https:\/\/www.customywear.com\/cs\/custom-womens-denmark-outfit-tshirt\/","title":{"rendered":"D\u00e1msk\u00e9 tri\u010dko s d\u00e1nsk\u00fdm outfitem na zak\u00e1zku \u2013 personalizovan\u00e9 fotoum\u011bn\u00ed s d\u00e1nskou vlajkou a barevn\u00fdm historick\u00fdm pozad\u00edm, perfektn\u00ed d\u00e1rek"},"content":{"rendered":"Oslavte svou l\u00e1sku k D\u00e1nsku s t\u00edmto d\u00e1msk\u00fdm tri\u010dkem s d\u00e1nsk\u00fdm outfitem na m\u00edru, kter\u00e9 v\u00e1m p\u0159edstav\u00ed va\u0161i obl\u00edbenou fotografii prom\u011bn\u011bnou v z\u00e1\u0159iv\u00e9 um\u011bn\u00ed v okouzluj\u00edc\u00edch \u0161atech s d\u00e1nskou vlajkou na barevn\u00e9m n\u00e1rodn\u00edm pozad\u00ed. Tri\u010dko je vyrobeno ze 100% m\u011bkk\u00e9 bavlny a poti\u0161t\u011bno pr\u00e9miovou technologi\u00ed Direct-To-Garment (DTG), tak\u017ee zaru\u010duje maxim\u00e1ln\u00ed pohodl\u00ed a dlouhotrvaj\u00edc\u00ed lesk. Toto personalizovan\u00e9 tri\u010dko je ide\u00e1ln\u00ed pro \u017eeny, kter\u00e9 si cen\u00ed d\u00e1nsk\u00e9 kultury nebo pl\u00e1nuj\u00ed cestu. Je nezapomenuteln\u00fdm d\u00e1rkem k narozenin\u00e1m, svatb\u011b, v\u00fdro\u010d\u00ed nebo oslav\u011b kulturn\u00edho d\u011bdictv\u00ed a stylov\u011b vypr\u00e1v\u00ed v\u00e1\u0161 p\u0159\u00edb\u011bh.\r\n\r\n<!-- \/wp:post-content -->","protected":false},"excerpt":{"rendered":"<p>Oslavte \u017eeny vlastn\u00edm tri\u010dkem s d\u00e1msk\u00fdm outfitem. Personalizovan\u00e9 fotografick\u00e9 um\u011bn\u00ed v \u0161atech s d\u00e1nskou vlajkou prom\u011bn\u00ed jakoukoli fotografii v barevn\u00e9 tri\u010dko inspirovan\u00e9 d\u011bdictv\u00edm.<\/p>","protected":false},"featured_media":133541,"comment_status":"open","ping_status":"closed","template":"","meta":{"_acf_changed":false},"product_brand":[],"product_cat":[6191,6379,6412,6428,75,6355],"product_tag":[6214,6433,6328,229,6215],"class_list":{"0":"post-133510","1":"product","2":"type-product","3":"status-publish","4":"has-post-thumbnail","6":"product_cat-t-shirts-women","7":"product_cat-custom-gifts-denmark-culture","8":"product_cat-photo-to-tees","9":"product_cat-translate-products","10":"product_cat-women","11":"product_cat-womens-culture-country-t-shirts","12":"product_tag-affordable-custom-t-shirts","13":"product_tag-ai-artwork","14":"product_tag-custom-image-t-shirt-for-women","15":"product_tag-custom-tee-shirts","16":"product_tag-screen-printing-near-me","18":"first","19":"instock","20":"taxable","21":"shipping-taxable","22":"purchasable","23":"product-type-simple"},"acf":[],"wcpa_form_fields":null,"_links":{"self":[{"href":"https:\/\/www.customywear.com\/cs\/wp-json\/wp\/v2\/product\/133510","targetHints":{"allow":["GET"]}}],"collection":[{"href":"https:\/\/www.customywear.com\/cs\/wp-json\/wp\/v2\/product"}],"about":[{"href":"https:\/\/www.customywear.com\/cs\/wp-json\/wp\/v2\/types\/product"}],"replies":[{"embeddable":true,"href":"https:\/\/www.customywear.com\/cs\/wp-json\/wp\/v2\/comments?post=133510"}],"wp:featuredmedia":[{"embeddable":true,"href":"https:\/\/www.customywear.com\/cs\/wp-json\/wp\/v2\/media\/133541"}],"wp:attachment":[{"href":"https:\/\/www.customywear.com\/cs\/wp-json\/wp\/v2\/media?parent=133510"}],"wp:term":[{"taxonomy":"product_brand","embeddable":true,"href":"https:\/\/www.customywear.com\/cs\/wp-json\/wp\/v2\/product_brand?post=133510"},{"taxonomy":"product_cat","embeddable":true,"href":"https:\/\/www.customywear.com\/cs\/wp-json\/wp\/v2\/product_cat?post=133510"},{"taxonomy":"product_tag","embeddable":true,"href":"https:\/\/www.customywear.com\/cs\/wp-json\/wp\/v2\/product_tag?post=133510"}],"curies":[{"name":"wp","href":"https:\/\/api.w.org\/{rel}","templated":true}]}}