{"id":133515,"date":"2025-05-16T12:39:35","date_gmt":"2025-05-16T12:39:35","guid":{"rendered":"https:\/\/www.customywear.com\/?post_type=product&#038;p=133515"},"modified":"2026-05-05T20:24:06","modified_gmt":"2026-05-05T20:24:06","slug":"panske-tricko-s-danskou-vlajkou-na-zakazku","status":"publish","type":"product","link":"https:\/\/www.customywear.com\/cs\/custom-mens-danish-flag-tshirt\/","title":{"rendered":"P\u00e1nsk\u00e9 tri\u010dko s d\u00e1nskou vlajkou na zak\u00e1zku pro milovn\u00edky D\u00e1nska \u2013 personalizovan\u00fd fotografick\u00fd design oslavuj\u00edc\u00ed d\u00e1nsk\u00e9 d\u011bdictv\u00ed a kulturu, perfektn\u00ed d\u00e1rek"},"content":{"rendered":"Uka\u017ete svou hrdost s t\u00edmto p\u00e1nsk\u00fdm tri\u010dkem s d\u00e1nskou vlajkou na m\u00edru, personalizovan\u00fdm va\u0161\u00ed obl\u00edbenou fotografi\u00ed na z\u00e1\u0159iv\u00e9m \u010dervenob\u00edl\u00e9m pozad\u00ed ikonick\u00e9 d\u00e1nsk\u00e9 vlajky. Vyrobeno z m\u011bkk\u00e9 100% bavlny a poti\u0161t\u011bno pr\u00e9miovou technologi\u00ed Direct-To-Garment (DTG), nab\u00edz\u00ed bezkonkuren\u010dn\u00ed pohodl\u00ed a st\u00e1lobarevnou odolnost. Je ide\u00e1ln\u00ed pro milovn\u00edky D\u00e1nska i cestovatele, je to srde\u010dn\u00fd d\u00e1rek k narozenin\u00e1m, svatb\u011b nebo v\u00fdro\u010d\u00ed \u2013 a z\u00e1rove\u0148 poslou\u017e\u00ed jako t\u00e9ma k zamy\u0161len\u00ed p\u0159i jak\u00e9koli oslav\u011b kulturn\u00edho d\u011bdictv\u00ed.\r\n\r\n<!-- \/wp:post-content -->","protected":false},"excerpt":{"rendered":"<p>Uka\u017ete d\u00e1nsk\u00e9ho ducha s tri\u010dkem na zak\u00e1zkovou p\u00e1nskou vlajku na zak\u00e1zku. Personalizovan\u00e9 fotografick\u00e9 n\u00e1vrhy oslavuj\u00ed d\u00e1nsk\u00e9 d\u011bdictv\u00ed a kulturu v jedine\u010dn\u00e9m tri\u010dku.<\/p>","protected":false},"featured_media":133520,"comment_status":"open","ping_status":"closed","template":"","meta":{"_acf_changed":false},"product_brand":[],"product_cat":[6195,6379,186,6345,6412,6428],"product_tag":[6433,6327,6216],"class_list":{"0":"post-133515","1":"product","2":"type-product","3":"status-publish","4":"has-post-thumbnail","6":"product_cat-t-shirts-men","7":"product_cat-custom-gifts-denmark-culture","8":"product_cat-men","9":"product_cat-mens-country-culture-t-shirts","10":"product_cat-photo-to-tees","11":"product_cat-translate-products","12":"product_tag-ai-artwork","13":"product_tag-custom-photo-t-shirt-for-men","14":"product_tag-mens-custom-t-shirts","16":"first","17":"instock","18":"taxable","19":"shipping-taxable","20":"purchasable","21":"product-type-simple"},"acf":[],"wcpa_form_fields":null,"_links":{"self":[{"href":"https:\/\/www.customywear.com\/cs\/wp-json\/wp\/v2\/product\/133515","targetHints":{"allow":["GET"]}}],"collection":[{"href":"https:\/\/www.customywear.com\/cs\/wp-json\/wp\/v2\/product"}],"about":[{"href":"https:\/\/www.customywear.com\/cs\/wp-json\/wp\/v2\/types\/product"}],"replies":[{"embeddable":true,"href":"https:\/\/www.customywear.com\/cs\/wp-json\/wp\/v2\/comments?post=133515"}],"wp:featuredmedia":[{"embeddable":true,"href":"https:\/\/www.customywear.com\/cs\/wp-json\/wp\/v2\/media\/133520"}],"wp:attachment":[{"href":"https:\/\/www.customywear.com\/cs\/wp-json\/wp\/v2\/media?parent=133515"}],"wp:term":[{"taxonomy":"product_brand","embeddable":true,"href":"https:\/\/www.customywear.com\/cs\/wp-json\/wp\/v2\/product_brand?post=133515"},{"taxonomy":"product_cat","embeddable":true,"href":"https:\/\/www.customywear.com\/cs\/wp-json\/wp\/v2\/product_cat?post=133515"},{"taxonomy":"product_tag","embeddable":true,"href":"https:\/\/www.customywear.com\/cs\/wp-json\/wp\/v2\/product_tag?post=133515"}],"curies":[{"name":"wp","href":"https:\/\/api.w.org\/{rel}","templated":true}]}}