{"id":133687,"date":"2025-05-17T14:53:19","date_gmt":"2025-05-17T14:53:19","guid":{"rendered":"https:\/\/www.customywear.com\/?post_type=product&#038;p=133687"},"modified":"2026-05-07T15:29:31","modified_gmt":"2026-05-07T15:29:31","slug":"tricko-narozeniny-lekarbatole","status":"publish","type":"product","link":"https:\/\/www.customywear.com\/cs\/funny-birthday-doctor-tshirt-toddlers\/","title":{"rendered":"Vtipn\u00e9 narozeninov\u00e9 tri\u010dko s n\u00e1pisem Doktor pro batolata - personalizovan\u00e9 tri\u010dko s fotografi\u00ed DTG - suven\u00fdr z m\u011bkk\u00e9 bavlny pro mal\u00e9 zdravotn\u00edky"},"content":{"rendered":"<p>P\u0159ekvapte sv\u00e9 d\u00edt\u011b na\u0161\u00edm vtipn\u00fdm narozeninov\u00fdm tri\u010dkem s n\u00e1pisem Doktor pro batolata, vyroben\u00e9m z m\u011bkk\u00e9, prody\u0161n\u00e9 pr\u00e9miov\u00e9 bavlny a poti\u0161t\u011bn\u00fdm z\u00e1\u0159ivou technologi\u00ed DTG. Nahrajte fotografii sv\u00e9ho d\u00edt\u011bte a sledujte, jak se prom\u011bn\u00ed v rozko\u0161n\u00fd, rozmarn\u00fd design doktora v pln\u00e9 uniform\u011b \u2013 ide\u00e1ln\u00ed pro narozeniny, promoce nebo jen tak pro z\u00e1bavu. Toto personalizovan\u00e9 tri\u010dko je dostate\u010dn\u011b odoln\u00e9 pro ka\u017edodenn\u00ed dobrodru\u017estv\u00ed, oslavuje fantazii, inspiruje za\u010d\u00ednaj\u00edc\u00ed zdravotn\u00edky a p\u0159edstavuje cenn\u00fd suven\u00fdr, kter\u00fd si budou r\u00e1di nosit znovu a znovu.<\/p>","protected":false},"excerpt":{"rendered":"<p>Ud\u011blejte si narozeniny z\u00e1bavou s vlastn\u00edm vtipn\u00fdm tri\u010dkem Birthday Doctor pro batolec\u00ed d\u00edvky. Personalizovan\u00e9 DTG tri\u010dka prom\u011bn\u00ed jakoukoli fotografii v jemnou, hravou pam\u00e1tku pro mal\u00e9 zdravotn\u00edky.<\/p>","protected":false},"featured_media":133850,"comment_status":"open","ping_status":"closed","template":"","meta":{"_acf_changed":false},"product_brand":[],"product_cat":[6207,6380,6412,6428],"product_tag":[6433,6439,6221,6381],"class_list":{"0":"post-133687","1":"product","2":"type-product","3":"status-publish","4":"has-post-thumbnail","6":"product_cat-toddler-girl-t-shirts","7":"product_cat-custom-gifts-doctor-tees","8":"product_cat-photo-to-tees","9":"product_cat-translate-products","10":"product_tag-ai-artwork","11":"product_tag-ai-kids-artwork","12":"product_tag-custom-t-shirts-near-me","13":"product_tag-personalized-gifts-doctor-tees","15":"first","16":"instock","17":"taxable","18":"shipping-taxable","19":"purchasable","20":"product-type-simple"},"acf":[],"wcpa_form_fields":null,"_links":{"self":[{"href":"https:\/\/www.customywear.com\/cs\/wp-json\/wp\/v2\/product\/133687","targetHints":{"allow":["GET"]}}],"collection":[{"href":"https:\/\/www.customywear.com\/cs\/wp-json\/wp\/v2\/product"}],"about":[{"href":"https:\/\/www.customywear.com\/cs\/wp-json\/wp\/v2\/types\/product"}],"replies":[{"embeddable":true,"href":"https:\/\/www.customywear.com\/cs\/wp-json\/wp\/v2\/comments?post=133687"}],"wp:featuredmedia":[{"embeddable":true,"href":"https:\/\/www.customywear.com\/cs\/wp-json\/wp\/v2\/media\/133850"}],"wp:attachment":[{"href":"https:\/\/www.customywear.com\/cs\/wp-json\/wp\/v2\/media?parent=133687"}],"wp:term":[{"taxonomy":"product_brand","embeddable":true,"href":"https:\/\/www.customywear.com\/cs\/wp-json\/wp\/v2\/product_brand?post=133687"},{"taxonomy":"product_cat","embeddable":true,"href":"https:\/\/www.customywear.com\/cs\/wp-json\/wp\/v2\/product_cat?post=133687"},{"taxonomy":"product_tag","embeddable":true,"href":"https:\/\/www.customywear.com\/cs\/wp-json\/wp\/v2\/product_tag?post=133687"}],"curies":[{"name":"wp","href":"https:\/\/api.w.org\/{rel}","templated":true}]}}