{"id":133690,"date":"2025-05-17T14:53:19","date_gmt":"2025-05-17T14:53:19","guid":{"rendered":"https:\/\/www.customywear.com\/?post_type=product&#038;p=133690"},"modified":"2026-05-07T15:29:31","modified_gmt":"2026-05-07T15:29:31","slug":"tricko-divky-skola-inspirace-doktor","status":"publish","type":"product","link":"https:\/\/www.customywear.com\/cs\/doctor-school-inspiration-tshirt-girls\/","title":{"rendered":"D\u00edv\u010d\u00ed tri\u010dko s motivem Doctor School Inspiration - pr\u00e9miov\u00e1 bavlna DTG s personalizovanou fotografi\u00ed, d\u00e1rek pro inspiraci mlad\u00fdch l\u00e9\u010ditel\u016f"},"content":{"rendered":"<p>Inspirujte svou dceru v jej\u00edch l\u00e9ka\u0159sk\u00fdch snech s na\u0161\u00edm d\u00edv\u010d\u00edm tri\u010dkem s n\u00e1pisem \u201eInspirace pro l\u00e9ka\u0159skou \u0161kolu\u201c. Vyrobeno z ultrajemn\u00e9 pr\u00e9miov\u00e9 bavlny a poti\u0161t\u011bno vysoce kvalitn\u00ed technologi\u00ed DTG. Ka\u017ed\u00e9 tri\u010dko prom\u011bn\u00ed jej\u00ed fotografii v okouzluj\u00edc\u00ed sn\u00edmek v l\u00e9ka\u0159sk\u00e9 uniform\u011b. Toto personalizovan\u00e9 tri\u010dko je dostate\u010dn\u011b odoln\u00e9 pro ka\u017edodenn\u00ed no\u0161en\u00ed a hran\u00ed a je promy\u0161len\u00fdm d\u00e1rkem k narozenin\u00e1m, promoc\u00edm nebo jak\u00e9koli jin\u00e9 p\u0159\u00edle\u017eitosti, kter\u00e1 oslavuje jej\u00ed aspirace v l\u00e9ka\u0159sk\u00e9 oblasti.<\/p>","protected":false},"excerpt":{"rendered":"<p>Inspirujte mlad\u00e9 l\u00e9\u010ditele tri\u010dkem Custom Doctor School Inspiration pro d\u00edvky. Personalizovan\u00e9 tri\u010dka Premium Cotton DTG prom\u011bn\u00ed jakoukoli fotografii v jedine\u010dn\u00fd d\u00e1rek.<\/p>","protected":false},"featured_media":133817,"comment_status":"open","ping_status":"closed","template":"","meta":{"_acf_changed":false},"product_brand":[],"product_cat":[6193,6380,152,6412,6428,58],"product_tag":[6433,6439,6331,6221,6381],"class_list":{"0":"post-133690","1":"product","2":"type-product","3":"status-publish","4":"has-post-thumbnail","6":"product_cat-girls-t-shirts","7":"product_cat-custom-gifts-doctor-tees","8":"product_cat-girls","9":"product_cat-photo-to-tees","10":"product_cat-translate-products","11":"product_cat-youth-kids","12":"product_tag-ai-artwork","13":"product_tag-ai-kids-artwork","14":"product_tag-custom-picture-t-shirt-for-girls","15":"product_tag-custom-t-shirts-near-me","16":"product_tag-personalized-gifts-doctor-tees","18":"first","19":"instock","20":"taxable","21":"shipping-taxable","22":"purchasable","23":"product-type-simple"},"acf":[],"wcpa_form_fields":null,"_links":{"self":[{"href":"https:\/\/www.customywear.com\/cs\/wp-json\/wp\/v2\/product\/133690","targetHints":{"allow":["GET"]}}],"collection":[{"href":"https:\/\/www.customywear.com\/cs\/wp-json\/wp\/v2\/product"}],"about":[{"href":"https:\/\/www.customywear.com\/cs\/wp-json\/wp\/v2\/types\/product"}],"replies":[{"embeddable":true,"href":"https:\/\/www.customywear.com\/cs\/wp-json\/wp\/v2\/comments?post=133690"}],"wp:featuredmedia":[{"embeddable":true,"href":"https:\/\/www.customywear.com\/cs\/wp-json\/wp\/v2\/media\/133817"}],"wp:attachment":[{"href":"https:\/\/www.customywear.com\/cs\/wp-json\/wp\/v2\/media?parent=133690"}],"wp:term":[{"taxonomy":"product_brand","embeddable":true,"href":"https:\/\/www.customywear.com\/cs\/wp-json\/wp\/v2\/product_brand?post=133690"},{"taxonomy":"product_cat","embeddable":true,"href":"https:\/\/www.customywear.com\/cs\/wp-json\/wp\/v2\/product_cat?post=133690"},{"taxonomy":"product_tag","embeddable":true,"href":"https:\/\/www.customywear.com\/cs\/wp-json\/wp\/v2\/product_tag?post=133690"}],"curies":[{"name":"wp","href":"https:\/\/api.w.org\/{rel}","templated":true}]}}