{"id":133695,"date":"2025-05-17T14:53:19","date_gmt":"2025-05-17T14:53:19","guid":{"rendered":"https:\/\/www.customywear.com\/?post_type=product&#038;p=133695"},"modified":"2026-05-07T15:29:31","modified_gmt":"2026-05-07T15:29:31","slug":"tricko-chlapci-inspirace-doktor","status":"publish","type":"product","link":"https:\/\/www.customywear.com\/cs\/doctor-inspiration-tshirt-boys\/","title":{"rendered":"Custom Doctor Inspiration T-Shirt for Boys  Kids Aspiring Doctors \u2013 Cotton DTG Personalized Photo Gift"},"content":{"rendered":"<p>Spl\u0148te sny sv\u00e9ho syna s na\u0161\u00edm chlapeck\u00fdm tri\u010dkem s n\u00e1pisem \u201eDoctor Inspiration\u201c. Ka\u017ed\u00e9 tri\u010dko je vyrobeno z ultrajemn\u00e9 pr\u00e9miov\u00e9 bavlny a poti\u0161t\u011bno vysoce kvalitn\u00ed technologi\u00ed DTG. Zobrazuje va\u0161e d\u00edt\u011b prom\u011bn\u011bn\u00e9 v oddan\u00e9ho l\u00e9ka\u0159e v uniform\u011b. Toto personalizovan\u00e9 tri\u010dko je dostate\u010dn\u011b odoln\u00e9 pro ka\u017edodenn\u00ed hran\u00ed, inspiruje mlad\u00e9 mysli a je perfektn\u00edm d\u00e1rkem k narozenin\u00e1m, promoc\u00edm nebo jednodu\u0161e k povzbuzen\u00ed jejich v\u00e1\u0161n\u011b pro pomoc druh\u00fdm.<\/p>","protected":false},"excerpt":{"rendered":"<p>Povzbu\u010fte budouc\u00ed l\u00e9ka\u0159e s tri\u010dkem Custom Doctor Inspiration pro chlapce. Personalizovan\u00e1 tri\u010dka Premium Cotton DTG prom\u011bn\u00ed jakoukoli fotografii v jedine\u010dn\u00e9 tri\u010dko s l\u00e9ka\u0159skou tematikou.<\/p>","protected":false},"featured_media":133796,"comment_status":"open","ping_status":"closed","template":"","meta":{"_acf_changed":false},"product_brand":[],"product_cat":[6189,6380,6412,6428],"product_tag":[6433,6439,6221,6381,6330],"class_list":{"0":"post-133695","1":"product","2":"type-product","3":"status-publish","4":"has-post-thumbnail","6":"product_cat-boys-t-shirts","7":"product_cat-custom-gifts-doctor-tees","8":"product_cat-photo-to-tees","9":"product_cat-translate-products","10":"product_tag-ai-artwork","11":"product_tag-ai-kids-artwork","12":"product_tag-custom-t-shirts-near-me","13":"product_tag-personalized-gifts-doctor-tees","14":"product_tag-photo-print-t-shirt-for-boys","16":"first","17":"instock","18":"taxable","19":"shipping-taxable","20":"purchasable","21":"product-type-simple"},"acf":[],"wcpa_form_fields":null,"_links":{"self":[{"href":"https:\/\/www.customywear.com\/cs\/wp-json\/wp\/v2\/product\/133695","targetHints":{"allow":["GET"]}}],"collection":[{"href":"https:\/\/www.customywear.com\/cs\/wp-json\/wp\/v2\/product"}],"about":[{"href":"https:\/\/www.customywear.com\/cs\/wp-json\/wp\/v2\/types\/product"}],"replies":[{"embeddable":true,"href":"https:\/\/www.customywear.com\/cs\/wp-json\/wp\/v2\/comments?post=133695"}],"wp:featuredmedia":[{"embeddable":true,"href":"https:\/\/www.customywear.com\/cs\/wp-json\/wp\/v2\/media\/133796"}],"wp:attachment":[{"href":"https:\/\/www.customywear.com\/cs\/wp-json\/wp\/v2\/media?parent=133695"}],"wp:term":[{"taxonomy":"product_brand","embeddable":true,"href":"https:\/\/www.customywear.com\/cs\/wp-json\/wp\/v2\/product_brand?post=133695"},{"taxonomy":"product_cat","embeddable":true,"href":"https:\/\/www.customywear.com\/cs\/wp-json\/wp\/v2\/product_cat?post=133695"},{"taxonomy":"product_tag","embeddable":true,"href":"https:\/\/www.customywear.com\/cs\/wp-json\/wp\/v2\/product_tag?post=133695"}],"curies":[{"name":"wp","href":"https:\/\/api.w.org\/{rel}","templated":true}]}}